{"id":3497,"date":"2015-10-27T16:10:42","date_gmt":"2015-10-27T16:10:42","guid":{"rendered":"http:\/\/internationaled.com\/admissions\/homestay\/?lang=vi"},"modified":"2016-07-22T09:16:11","modified_gmt":"2016-07-22T09:16:11","slug":"homestay","status":"publish","type":"page","link":"https:\/\/www.internationaled.com\/vi\/homestay\/","title":{"rendered":"L\u01b0u Tr\u00fa T\u1ea1i Nh\u00e0"},"content":{"rendered":"<p>T\u1ea1i H\u1ecdc Khu Coquitlam, vi\u1ec7c l\u01b0u tr\u00fa t\u1ea1i nh\u00e0 kh\u00f4ng ch\u1ec9 \u0111\u01a1n thu\u1ea7n l\u00e0 n\u01a1i \u0103n v\u00e0 ch\u1ed7 \u1edf &#8211; \u0111\u00f3 l\u00e0 m\u1ed9t d\u1ecbp \u0111\u1ec3 tham gia v\u00e0o m\u1ecdi kh\u00eda c\u1ea1nh c\u1ee7a \u0111\u1eddi s\u1ed1ng gia \u0111\u00ecnh. Ch\u00fang t\u00f4i tin t\u01b0\u1edfng r\u1eb1ng t\u1ea5t c\u1ea3 h\u1ecdc sinh c\u1ee7a ch\u00fang t\u00f4i s\u1ebd c\u1ea3m nh\u1eadn r\u1eb1ng h\u1ecd \u0111\u00e3 th\u1eadt s\u1ef1 c\u00f3 m\u1ed9t m\u00f4i tr\u01b0\u1eddng \u201cs\u1ed1ng trong m\u1ed9t gia \u0111\u00ecnh trong l\u00fac xa nh\u00e0\u201d. L\u01b0u tr\u00fa t\u1ea1i nh\u00e0 bao g\u1ed3m ph\u00f2ng \u1edf v\u00e0 b\u1eefa \u0103n, v\u1edbi ph\u00f2ng ng\u1ee7 ri\u00eang trong m\u1ed9t gia \u0111\u00ecnh. (L\u01b0u \u00fd: H\u1ecdc sinh ti\u1ec3u h\u1ecdc ph\u1ea3i s\u1ed1ng c\u00f9ng v\u1edbi m\u1ed9t ph\u1ee5 huynh trong c\u00e1c ch\u01b0\u01a1ng tr\u00ecnh d\u00e0i h\u1ea1n.)<\/p>\n<p>C\u00f3 nhi\u1ec1u gia \u0111\u00ecnh trong v\u00f9ng Tri-cities (ba th\u00e0nh ph\u1ed1 Coquitlam, Port Coquitlam, Port Moody) s\u1eb5n s\u00e0ng \u0111\u00f3n nh\u1eadn du h\u1ecdc sinh nh\u01b0 m\u1ed9t th\u00e0nh vi\u00ean trong gia \u0111\u00ecnh c\u1ee7a h\u1ecd trong khi du h\u1ecdc sinh theo h\u1ecdc t\u1ea1i h\u1ecdc khu 43. \u0110\u1ec3 ti\u1ec7n x\u1ebfp ch\u1ed7, qu\u00fd v\u1ecb c\u00f3 th\u1ec3 ch\u1ecdn m\u1ed9t trong c\u00e1c \u0111\u1ea1i l\u00fd l\u01b0u tr\u00fa t\u1ea1i nh\u00e0. L\u01b0u tr\u00fa t\u1ea1i nh\u00e0 bao g\u1ed3m ph\u00f2ng \u1edf v\u00e0 b\u1eefa \u0103n. Qu\u00fd v\u1ecb c\u0169ng c\u00f3 th\u1ec3 y\u00eau c\u1ea7u \u0111\u01b0a \u0111\u00f3n t\u1ea1i tr\u01b0\u1eddng.<\/p>\n<p>Mu\u1ed1n c\u00f3 danh s\u00e1ch \u0111\u1ea1i l\u00fd l\u01b0u tr\u00fa t\u1ea1i nh\u00e0 trong v\u00f9ng Tri Cities, xin li\u00ean l\u1ea1c v\u1edbi v\u0103n ph\u00f2ng c\u1ee7a ch\u00fang t\u00f4i.<\/p>\n","protected":false},"excerpt":{"rendered":"<p>T\u1ea1i H\u1ecdc Khu Coquitlam, vi\u1ec7c l\u01b0u tr\u00fa t\u1ea1i nh\u00e0 kh\u00f4ng ch\u1ec9 \u0111\u01a1n thu\u1ea7n l\u00e0 n\u01a1i \u0103n v\u00e0 ch\u1ed7 \u1edf &#8211; \u0111\u00f3 l\u00e0 m\u1ed9t d\u1ecbp \u0111\u1ec3 tham gia v\u00e0o m\u1ecdi kh\u00eda c\u1ea1nh c\u1ee7a \u0111\u1eddi s\u1ed1ng gia \u0111\u00ecnh. Ch\u00fang t\u00f4i tin t\u01b0\u1edfng r\u1eb1ng t\u1ea5t c\u1ea3 h\u1ecdc sinh c\u1ee7a ch\u00fang t\u00f4i s\u1ebd c\u1ea3m nh\u1eadn r\u1eb1ng h\u1ecd \u0111\u00e3 th\u1eadt &hellip; <a href=\"https:\/\/www.internationaled.com\/vi\/homestay\/\" class=\"more-link\">Continue reading <span class=\"screen-reader-text\">L\u01b0u Tr\u00fa T\u1ea1i Nh\u00e0<\/span> <span class=\"meta-nav\">&rarr;<\/span><\/a><\/p>\n","protected":false},"author":14,"featured_media":333,"parent":0,"menu_order":7,"comment_status":"closed","ping_status":"closed","template":"page-standard.php","meta":{"footnotes":""},"class_list":["post-3497","page","type-page","status-publish","has-post-thumbnail","hentry"],"yoast_head":"<!-- This site is optimized with the Yoast SEO plugin v27.3 - https:\/\/yoast.com\/product\/yoast-seo-wordpress\/ -->\n<title>L\u01b0u Tr\u00fa T\u1ea1i Nh\u00e0 - Coquitlam School District 43<\/title>\n<meta name=\"robots\" content=\"index, follow, max-snippet:-1, max-image-preview:large, max-video-preview:-1\" \/>\n<link rel=\"canonical\" href=\"https:\/\/www.internationaled.com\/vi\/admissions\/homestay\/\" \/>\n<meta property=\"og:locale\" content=\"vi_VN\" \/>\n<meta property=\"og:type\" content=\"article\" \/>\n<meta property=\"og:title\" content=\"L\u01b0u Tr\u00fa T\u1ea1i Nh\u00e0 - Coquitlam School District 43\" \/>\n<meta property=\"og:description\" content=\"T\u1ea1i H\u1ecdc Khu Coquitlam, vi\u1ec7c l\u01b0u tr\u00fa t\u1ea1i nh\u00e0 kh\u00f4ng ch\u1ec9 \u0111\u01a1n thu\u1ea7n l\u00e0 n\u01a1i \u0103n v\u00e0 ch\u1ed7 \u1edf &#8211; \u0111\u00f3 l\u00e0 m\u1ed9t d\u1ecbp \u0111\u1ec3 tham gia v\u00e0o m\u1ecdi kh\u00eda c\u1ea1nh c\u1ee7a \u0111\u1eddi s\u1ed1ng gia \u0111\u00ecnh. Ch\u00fang t\u00f4i tin t\u01b0\u1edfng r\u1eb1ng t\u1ea5t c\u1ea3 h\u1ecdc sinh c\u1ee7a ch\u00fang t\u00f4i s\u1ebd c\u1ea3m nh\u1eadn r\u1eb1ng h\u1ecd \u0111\u00e3 th\u1eadt &hellip; Continue reading L\u01b0u Tr\u00fa T\u1ea1i Nh\u00e0 &rarr;\" \/>\n<meta property=\"og:url\" content=\"https:\/\/www.internationaled.com\/vi\/admissions\/homestay\/\" \/>\n<meta property=\"og:site_name\" content=\"Coquitlam School District 43\" \/>\n<meta property=\"article:modified_time\" content=\"2016-07-22T09:16:11+00:00\" \/>\n<meta property=\"og:image\" content=\"https:\/\/www.internationaled.com\/wp-content\/uploads\/2015\/10\/fondo_homestay.jpg\" \/>\n\t<meta property=\"og:image:width\" content=\"1920\" \/>\n\t<meta property=\"og:image:height\" content=\"400\" \/>\n\t<meta property=\"og:image:type\" content=\"image\/jpeg\" \/>\n<meta name=\"twitter:card\" content=\"summary_large_image\" \/>\n<meta name=\"twitter:label1\" content=\"Est. reading time\" \/>\n\t<meta name=\"twitter:data1\" content=\"2 minutes\" \/>\n<script type=\"application\/ld+json\" class=\"yoast-schema-graph\">{\"@context\":\"https:\\\/\\\/schema.org\",\"@graph\":[{\"@type\":\"WebPage\",\"@id\":\"https:\\\/\\\/www.internationaled.com\\\/vi\\\/admissions\\\/homestay\\\/\",\"url\":\"https:\\\/\\\/www.internationaled.com\\\/vi\\\/admissions\\\/homestay\\\/\",\"name\":\"L\u01b0u Tr\u00fa T\u1ea1i Nh\u00e0 - Coquitlam School District 43\",\"isPartOf\":{\"@id\":\"https:\\\/\\\/www.internationaled.com\\\/ar\\\/#website\"},\"primaryImageOfPage\":{\"@id\":\"https:\\\/\\\/www.internationaled.com\\\/vi\\\/admissions\\\/homestay\\\/#primaryimage\"},\"image\":{\"@id\":\"https:\\\/\\\/www.internationaled.com\\\/vi\\\/admissions\\\/homestay\\\/#primaryimage\"},\"thumbnailUrl\":\"https:\\\/\\\/cdn.internationaled.com\\\/wp-content\\\/uploads\\\/2015\\\/10\\\/fondo_homestay.jpg\",\"datePublished\":\"2015-10-27T16:10:42+00:00\",\"dateModified\":\"2016-07-22T09:16:11+00:00\",\"breadcrumb\":{\"@id\":\"https:\\\/\\\/www.internationaled.com\\\/vi\\\/admissions\\\/homestay\\\/#breadcrumb\"},\"inLanguage\":\"vi\",\"potentialAction\":[{\"@type\":\"ReadAction\",\"target\":[\"https:\\\/\\\/www.internationaled.com\\\/vi\\\/admissions\\\/homestay\\\/\"]}]},{\"@type\":\"ImageObject\",\"inLanguage\":\"vi\",\"@id\":\"https:\\\/\\\/www.internationaled.com\\\/vi\\\/admissions\\\/homestay\\\/#primaryimage\",\"url\":\"https:\\\/\\\/cdn.internationaled.com\\\/wp-content\\\/uploads\\\/2015\\\/10\\\/fondo_homestay.jpg\",\"contentUrl\":\"https:\\\/\\\/cdn.internationaled.com\\\/wp-content\\\/uploads\\\/2015\\\/10\\\/fondo_homestay.jpg\",\"width\":1920,\"height\":400},{\"@type\":\"BreadcrumbList\",\"@id\":\"https:\\\/\\\/www.internationaled.com\\\/vi\\\/admissions\\\/homestay\\\/#breadcrumb\",\"itemListElement\":[{\"@type\":\"ListItem\",\"position\":1,\"name\":\"Home\",\"item\":\"https:\\\/\\\/www.internationaled.com\\\/vi\\\/\"},{\"@type\":\"ListItem\",\"position\":2,\"name\":\"Nh\u1eadp H\u1ecdc\",\"item\":\"https:\\\/\\\/www.internationaled.com\\\/vi\\\/admissions\\\/\"},{\"@type\":\"ListItem\",\"position\":3,\"name\":\"L\u01b0u Tr\u00fa T\u1ea1i Nh\u00e0\"}]},{\"@type\":\"WebSite\",\"@id\":\"https:\\\/\\\/www.internationaled.com\\\/ar\\\/#website\",\"url\":\"https:\\\/\\\/www.internationaled.com\\\/ar\\\/\",\"name\":\"Coquitlam School District 43\",\"description\":\"Learning for a Lifetime\",\"potentialAction\":[{\"@type\":\"SearchAction\",\"target\":{\"@type\":\"EntryPoint\",\"urlTemplate\":\"https:\\\/\\\/www.internationaled.com\\\/ar\\\/?s={search_term_string}\"},\"query-input\":{\"@type\":\"PropertyValueSpecification\",\"valueRequired\":true,\"valueName\":\"search_term_string\"}}],\"inLanguage\":\"vi\"}]}<\/script>\n<!-- \/ Yoast SEO plugin. -->","yoast_head_json":{"title":"L\u01b0u Tr\u00fa T\u1ea1i Nh\u00e0 - Coquitlam School District 43","robots":{"index":"index","follow":"follow","max-snippet":"max-snippet:-1","max-image-preview":"max-image-preview:large","max-video-preview":"max-video-preview:-1"},"canonical":"https:\/\/www.internationaled.com\/vi\/admissions\/homestay\/","og_locale":"vi_VN","og_type":"article","og_title":"L\u01b0u Tr\u00fa T\u1ea1i Nh\u00e0 - Coquitlam School District 43","og_description":"T\u1ea1i H\u1ecdc Khu Coquitlam, vi\u1ec7c l\u01b0u tr\u00fa t\u1ea1i nh\u00e0 kh\u00f4ng ch\u1ec9 \u0111\u01a1n thu\u1ea7n l\u00e0 n\u01a1i \u0103n v\u00e0 ch\u1ed7 \u1edf &#8211; \u0111\u00f3 l\u00e0 m\u1ed9t d\u1ecbp \u0111\u1ec3 tham gia v\u00e0o m\u1ecdi kh\u00eda c\u1ea1nh c\u1ee7a \u0111\u1eddi s\u1ed1ng gia \u0111\u00ecnh. Ch\u00fang t\u00f4i tin t\u01b0\u1edfng r\u1eb1ng t\u1ea5t c\u1ea3 h\u1ecdc sinh c\u1ee7a ch\u00fang t\u00f4i s\u1ebd c\u1ea3m nh\u1eadn r\u1eb1ng h\u1ecd \u0111\u00e3 th\u1eadt &hellip; Continue reading L\u01b0u Tr\u00fa T\u1ea1i Nh\u00e0 &rarr;","og_url":"https:\/\/www.internationaled.com\/vi\/admissions\/homestay\/","og_site_name":"Coquitlam School District 43","article_modified_time":"2016-07-22T09:16:11+00:00","og_image":[{"width":1920,"height":400,"url":"https:\/\/www.internationaled.com\/wp-content\/uploads\/2015\/10\/fondo_homestay.jpg","type":"image\/jpeg"}],"twitter_card":"summary_large_image","twitter_misc":{"Est. reading time":"2 minutes"},"schema":{"@context":"https:\/\/schema.org","@graph":[{"@type":"WebPage","@id":"https:\/\/www.internationaled.com\/vi\/admissions\/homestay\/","url":"https:\/\/www.internationaled.com\/vi\/admissions\/homestay\/","name":"L\u01b0u Tr\u00fa T\u1ea1i Nh\u00e0 - Coquitlam School District 43","isPartOf":{"@id":"https:\/\/www.internationaled.com\/ar\/#website"},"primaryImageOfPage":{"@id":"https:\/\/www.internationaled.com\/vi\/admissions\/homestay\/#primaryimage"},"image":{"@id":"https:\/\/www.internationaled.com\/vi\/admissions\/homestay\/#primaryimage"},"thumbnailUrl":"https:\/\/cdn.internationaled.com\/wp-content\/uploads\/2015\/10\/fondo_homestay.jpg","datePublished":"2015-10-27T16:10:42+00:00","dateModified":"2016-07-22T09:16:11+00:00","breadcrumb":{"@id":"https:\/\/www.internationaled.com\/vi\/admissions\/homestay\/#breadcrumb"},"inLanguage":"vi","potentialAction":[{"@type":"ReadAction","target":["https:\/\/www.internationaled.com\/vi\/admissions\/homestay\/"]}]},{"@type":"ImageObject","inLanguage":"vi","@id":"https:\/\/www.internationaled.com\/vi\/admissions\/homestay\/#primaryimage","url":"https:\/\/cdn.internationaled.com\/wp-content\/uploads\/2015\/10\/fondo_homestay.jpg","contentUrl":"https:\/\/cdn.internationaled.com\/wp-content\/uploads\/2015\/10\/fondo_homestay.jpg","width":1920,"height":400},{"@type":"BreadcrumbList","@id":"https:\/\/www.internationaled.com\/vi\/admissions\/homestay\/#breadcrumb","itemListElement":[{"@type":"ListItem","position":1,"name":"Home","item":"https:\/\/www.internationaled.com\/vi\/"},{"@type":"ListItem","position":2,"name":"Nh\u1eadp H\u1ecdc","item":"https:\/\/www.internationaled.com\/vi\/admissions\/"},{"@type":"ListItem","position":3,"name":"L\u01b0u Tr\u00fa T\u1ea1i Nh\u00e0"}]},{"@type":"WebSite","@id":"https:\/\/www.internationaled.com\/ar\/#website","url":"https:\/\/www.internationaled.com\/ar\/","name":"Coquitlam School District 43","description":"Learning for a Lifetime","potentialAction":[{"@type":"SearchAction","target":{"@type":"EntryPoint","urlTemplate":"https:\/\/www.internationaled.com\/ar\/?s={search_term_string}"},"query-input":{"@type":"PropertyValueSpecification","valueRequired":true,"valueName":"search_term_string"}}],"inLanguage":"vi"}]}},"_links":{"self":[{"href":"https:\/\/www.internationaled.com\/vi\/wp-json\/wp\/v2\/pages\/3497","targetHints":{"allow":["GET"]}}],"collection":[{"href":"https:\/\/www.internationaled.com\/vi\/wp-json\/wp\/v2\/pages"}],"about":[{"href":"https:\/\/www.internationaled.com\/vi\/wp-json\/wp\/v2\/types\/page"}],"author":[{"embeddable":true,"href":"https:\/\/www.internationaled.com\/vi\/wp-json\/wp\/v2\/users\/14"}],"replies":[{"embeddable":true,"href":"https:\/\/www.internationaled.com\/vi\/wp-json\/wp\/v2\/comments?post=3497"}],"version-history":[{"count":1,"href":"https:\/\/www.internationaled.com\/vi\/wp-json\/wp\/v2\/pages\/3497\/revisions"}],"predecessor-version":[{"id":3662,"href":"https:\/\/www.internationaled.com\/vi\/wp-json\/wp\/v2\/pages\/3497\/revisions\/3662"}],"wp:featuredmedia":[{"embeddable":true,"href":"https:\/\/www.internationaled.com\/vi\/wp-json\/wp\/v2\/media\/333"}],"wp:attachment":[{"href":"https:\/\/www.internationaled.com\/vi\/wp-json\/wp\/v2\/media?parent=3497"}],"curies":[{"name":"wp","href":"https:\/\/api.w.org\/{rel}","templated":true}]}}