{"id":3498,"date":"2015-10-29T08:38:06","date_gmt":"2015-10-29T08:38:06","guid":{"rendered":"http:\/\/internationaled.com\/admissions\/forms\/?lang=vi"},"modified":"2022-02-17T17:24:25","modified_gmt":"2022-02-17T17:24:25","slug":"forms","status":"publish","type":"page","link":"https:\/\/www.internationaled.com\/vi\/admissions\/forms\/","title":{"rendered":"T\u00e0i li\u1ec7u"},"content":{"rendered":"<h2 class=\"green\">\u00a0T\u00e0i li\u1ec7u hi\u1ec7n \u0111ang \u0111\u01b0\u1ee3c s\u1eed d\u1ee5ng cho c\u00e1c ch\u01b0\u01a1ng tr\u00ecnh gi\u00e1o d\u1ee5c qu\u1ed1c t\u1ebf<\/h2>\n<p>C\u00e1c t\u00e0i li\u1ec7u sau \u0111\u00e2y c\u00f3 th\u1ec3 \u0111\u01b0\u1ee3c t\u1ea3i xu\u1ed1ng \u0111\u1ec3 thu\u1eadn ti\u1ec7n. N\u1ebfu b\u1ea1n c\u00f3 b\u1ea5t k\u1ef3 c\u00e2u h\u1ecfi n\u00e0o li\u00ean quan \u0111\u1ebfn ch\u01b0\u01a1ng tr\u00ecnh v\u00e0 quy tr\u00ecnh n\u1ed9p \u0111\u01a1n c\u1ee7a ch\u00fang t\u00f4i, vui l\u00f2ng g\u1ecdi cho V\u0103n ph\u00f2ng Gi\u00e1o d\u1ee5c Qu\u1ed1c t\u1ebf theo s\u1ed1 +1 (604) 936-5769 ho\u1eb7c <a href=\"mailto:internationaled@sd43.bc.ca\">internationaled@sd43.bc.ca<\/a> qua email.<\/p>\n<p><strong><a href=\"https:\/\/www.internationaled.com\/wp-content\/uploads\/2021\/10\/Academic-High-School-Program-Calendar-2021-202218.pdf\">Academic High School Calendar 2021\/ 22<\/a><\/strong><\/p>\n<p><strong><a href=\"https:\/\/www.internationaled.com\/wp-content\/uploads\/2022\/02\/Academic-High-School-Program-Calendar-2022-2023-1.pdf\">Academic High School Calendar 2022\/ 23<\/a><\/strong><\/p>\n<p><strong><a href=\"https:\/\/www.internationaled.com\/wp-content\/uploads\/2021\/03\/Student-Application-2021-Fillable-min.pdf\">Application Form 2021\/22<\/a><\/strong><\/p>\n<p><a href=\"https:\/\/www.internationaled.com\/wp-content\/uploads\/2022\/02\/Student-Application-2022-Fillable.pdf\"><strong>Application Form 2022\/23<\/strong><\/a><\/p>\n<p><strong><a href=\"https:\/\/www.flipgorilla.com\/p\/26675824929290099\/show\">Brochure \u2013 English (Flipbook)<\/a><\/strong><\/p>\n<p><strong><a href=\"https:\/\/www.internationaled.com\/wp-content\/uploads\/2021\/01\/Brochure-English.pdf\">Brochure \u2013 English<\/a><\/strong><\/p>\n<p><strong><a href=\"https:\/\/www.internationaled.com\/wp-content\/uploads\/2020\/11\/Brochure-SChinese-V6.pdf\">Brochure \u2013 Simplified\u00a0<\/a><a href=\"https:\/\/www.internationaled.com\/wp-content\/uploads\/2020\/11\/Brochure-Traditional-Chinese-V6.pdf\">Chinese<\/a><\/strong><\/p>\n<p><strong><a href=\"https:\/\/www.internationaled.com\/wp-content\/uploads\/2020\/11\/Brochure-Traditional-Chinese-V6.pdf\">Brochure \u2013 Traditional\u00a0<\/a><a href=\"https:\/\/www.internationaled.com\/wp-content\/uploads\/2020\/11\/Brochure-Traditional-Chinese-V6.pdf\">Chinese<\/a><\/strong><\/p>\n<p><strong><a href=\"https:\/\/www.internationaled.com\/wp-content\/uploads\/2020\/11\/Brochure-German-V6.pdf\">Brochure \u2013 German<\/a><\/strong><\/p>\n<p><strong><a href=\"https:\/\/www.internationaled.com\/wp-content\/uploads\/2020\/11\/Brochure-Italian-V6.pdf\">Brochure \u2013 Italian<\/a><\/strong><\/p>\n<p><strong><a href=\"https:\/\/www.internationaled.com\/wp-content\/uploads\/2021\/02\/Brochure-Japanese-V6.pdf\">Brochure \u2013 Japanese<\/a><\/strong><\/p>\n<p><strong><a href=\"https:\/\/www.internationaled.com\/wp-content\/uploads\/2020\/11\/Brochure-Korean-v6.pdf\">Brochure \u2013 Korean<\/a><\/strong><\/p>\n<p><strong><a href=\"https:\/\/www.internationaled.com\/wp-content\/uploads\/2020\/11\/Brochure-Portuguese-V6.pdf\">Brochure \u2013 Portuguese<\/a><\/strong><\/p>\n<p><strong><a href=\"https:\/\/www.internationaled.com\/wp-content\/uploads\/2020\/11\/Brochure-Russian-V6.pdf\">Brochure \u2013 Russian<\/a><\/strong><\/p>\n<p><strong><a href=\"https:\/\/www.internationaled.com\/wp-content\/uploads\/2020\/11\/Brochure-Spanish-V6.pdf\">Brochure \u2013 Spanish<\/a><\/strong><\/p>\n<p><strong><a href=\"https:\/\/www.internationaled.com\/wp-content\/uploads\/2020\/11\/Brochure-Thai-V6.pdf\">Brochure \u2013 Thai<\/a><\/strong><\/p>\n<p><strong><a href=\"https:\/\/www.internationaled.com\/wp-content\/uploads\/2020\/11\/Brochure-Vietnamese-V6.pdf\">Brochure \u2013 Vietnamese<\/a><\/strong><\/p>\n<p><strong><a href=\"https:\/\/cpb-ca-c1.wpmucdn.com\/mycentennial.sd43.bc.ca\/dist\/d\/1971\/files\/2022\/01\/Course-Planner-2022-23.pdf\">Course Book 2022\/ 23 \u2013 Centennial Secondary\u00a0<\/a><\/strong><\/p>\n<p><strong><a href=\"https:\/\/www.sd43.bc.ca\/school\/charlesbest\/Documents\/Course%20Catalogue%202022-2023%20Final.pdf\">Course Book 2022\/ 23 \u2013 Dr. Charles Best Secondary\u00a0<\/a><\/strong><\/p>\n<p><strong><a href=\"https:\/\/www.sd43.bc.ca\/school\/gleneagle\/ProgramsServices\/Counselling\/Parent%20Presentations\/Course%20Planning%20Booklet%202022-23.pdf\">Course Book 2022\/ 23 \u2013 Gleneagle Secondary\u00a0<\/a><\/strong><\/p>\n<p><a href=\"https:\/\/www.sd43.bc.ca\/school\/heritagewoods\/Documents\/Course%20Book%202022-2023.pdf\"><strong>Course Book 2022\/ 23 \u2013 Heritage Woods Secondary\u00a0<\/strong><\/a><\/p>\n<p><strong><a href=\"http:\/\/www.sd43.bc.ca\/school\/pinetree\/ProgramsServices\/Counselling\/CoursePlanningInformation\/Documents\/2022-2023%20-%20Grade%2010%20-%2012%20Course%20Booklet.pdf\">Course Book 2022\/ 23 \u2013 Pinetree Secondary<\/a><\/strong><\/p>\n<p><strong><a href=\"https:\/\/www.sd43.bc.ca\/school\/portmoody\/CourseSelection\/Pages\/default.aspx#\/=\">Course Book 2022\/ 23 \u2013 Port Moody Secondary<\/a>\u00a0<\/strong><\/p>\n<p><strong><a href=\"https:\/\/myriverside.sd43.bc.ca\/courseinfo\/\">Course Book 2022\/ 23 \u2013 Riverside Secondary<\/a>\u00a0<\/strong><\/p>\n<p><strong><a href=\"https:\/\/www.sd43.bc.ca\/school\/terryfox\/Parents\/Resources\/Documents\/Terry%20Fox%202022-2023%20COURSE%20SELECTION%20BOOK.pdf\">Course Book 2022\/ 23 \u2013 Terry Fox Secondary<\/a><\/strong><\/p>\n<p><strong><a href=\"https:\/\/www.internationaled.com\/wp-content\/uploads\/2021\/03\/Credit-Card-Information-with-full-header-Fillable-min.pdf\" target=\"blank\" rel=\"noopener noreferrer\">Credit Card Payment<\/a><\/strong><\/p>\n<p><strong><a href=\"https:\/\/www.internationaled.com\/wp-content\/uploads\/2021\/03\/Custodian-Providers-min.pdf\">Custodian Providers<\/a><\/strong><\/p>\n<p><strong><a href=\"http:\/\/www.internationaled.com\/wp-content\/uploads\/2015\/10\/CUSTODIANSHIP-DECLARATIONS.pdf\" target=\"blank\" rel=\"noopener noreferrer\">Custodianship Declaration<\/a><\/strong><\/p>\n<p><a href=\"https:\/\/www.internationaled.com\/wp-content\/uploads\/2021\/10\/Grade-Placement-by-Year-of-Birth-2021-2023.pdf\"><strong>Grade Placement by Year of Birth 2021\u20132023<\/strong><\/a><\/p>\n<p><strong><a href=\"https:\/\/www.internationaled.com\/wp-content\/uploads\/2022\/02\/Grade-Placement-by-Year-of-Birth-2022-2024.pdf\">Grade Placement by Year of Birth 2022\u20132024<\/a><\/strong><\/p>\n<p><a href=\"https:\/\/www.internationaled.com\/wp-content\/uploads\/2022\/02\/High-School-Activities-Sports-Clubs-2022.pdf\"><strong>High School Sports &amp; Clubs<\/strong><\/a><\/p>\n<p><strong><a href=\"https:\/\/www.internationaled.com\/wp-content\/uploads\/2022\/02\/Homestay.pdf\">Homestay Providers<\/a><\/strong><\/p>\n<p><strong><a href=\"https:\/\/www.internationaled.com\/wp-content\/uploads\/2021\/07\/Map-of-ElementarySchools-and-Community-Recreation.pdf\">Map of Elementary Schools &amp; Community Recreation<\/a><\/strong><\/p>\n<p><a href=\"https:\/\/www.internationaled.com\/wp-content\/uploads\/2021\/07\/Map-of-Middle-Schools-and-Community-Recreation.pdf\"><strong>Map of Middle Schools &amp; Community Recreation<\/strong><\/a><\/p>\n<p><a href=\"https:\/\/www.internationaled.com\/wp-content\/uploads\/2021\/07\/Map-of-Secondary-Schools-and-Community-Recreation.pdf\"><strong>Map of Secondary Schools &amp; Community Recreation\u00a0<\/strong><\/a><\/p>\n<p><strong><a href=\"https:\/\/www.internationaled.com\/wp-content\/uploads\/2021\/12\/Orientation-ELL-Testing-JanFeb-2022.pdf\">Orientation &amp; ELL Testing Spring 2022<\/a><\/strong><\/p>\n<p><strong><a href=\"https:\/\/www.internationaled.com\/wp-content\/uploads\/2021\/03\/Price-Sheet-2021-Long-Term1.pdf\">Program Fee 2021\/22<\/a><\/strong><\/p>\n<p><a href=\"https:\/\/www.internationaled.com\/wp-content\/uploads\/2021\/06\/Price-Sheet-2022-23-Coquitlam-School-District-min-2.pdf\"><strong>Program Fee 2022\/23<\/strong><\/a><\/p>\n<p><strong><a href=\"https:\/\/www.internationaled.com\/wp-content\/uploads\/2022\/02\/Program-Fee-Brazil.pdf\">Program Fee 2022\/23 (Brazil)<\/a><\/strong><\/p>\n<p><a href=\"https:\/\/www.internationaled.com\/wp-content\/uploads\/2022\/02\/Program-Fee-Mexico.pdf\"><strong>Program Fee 2022\/23 (Mexico)<\/strong><\/a><\/p>\n<p><a href=\"https:\/\/www.internationaled.com\/wp-content\/uploads\/2022\/02\/Program-Fee-Spain.pdf\"><strong>Program Fee 2022\/23 (Spain)<\/strong><\/a><\/p>\n<p><strong><a href=\"https:\/\/www.internationaled.com\/wp-content\/uploads\/2021\/11\/New-Protocols-for-Pre-Departure-NOV-2021.pdf\">Protocols for pre-departure, travel &amp; arrival into Canada<\/a><\/strong><\/p>\n<p><strong><a href=\"https:\/\/www.internationaled.com\/wp-content\/uploads\/2021\/03\/Refund-Policy-1.pdf\">Refund Policy<\/a><\/strong><\/p>\n<p><a href=\"https:\/\/www.internationaled.com\/wp-content\/uploads\/2021\/12\/Logo-Contest-Fillable.pdf\"><strong>Scholarship Application Form (Logo Contest)<\/strong><\/a><\/p>\n<p><a href=\"https:\/\/www.internationaled.com\/wp-content\/uploads\/2021\/12\/Essay-Contest-Fillable-1.pdf\"><strong>Scholarship Application Form (Essay Writing Contest)<\/strong><\/a><\/p>\n<p><a href=\"https:\/\/www.internationaled.com\/wp-content\/uploads\/2021\/10\/Annual-Programs-Offered-by-Secondary-2021-2022.pdf\"><strong>Specialty Courses &amp; Programs (Secondary) \u2013 English<\/strong><\/a><\/p>\n<p><a href=\"https:\/\/www.internationaled.com\/wp-content\/uploads\/2021\/10\/Annual-Programs-Offered-by-Secondary-2021-2022-KR.pdf\"><strong>Specialty Courses &amp; Programs (Secondary) \u2013 Korean<\/strong><\/a><\/p>\n<p><a href=\"https:\/\/www.internationaled.com\/wp-content\/uploads\/2021\/10\/Annual-Programs-Offered-by-Secondary-2021-2022-SCN.pdf\"><strong>Specialty Courses &amp; Programs (Secondary) \u2013 Simplified Chinese<\/strong><\/a><\/p>\n<p><a href=\"https:\/\/www.internationaled.com\/wp-content\/uploads\/2021\/10\/Annual-Programs-Offered-by-Secondary-2021-2022-CN.pdf\"><strong>Specialty Courses &amp; Programs (Secondary) \u2013 Traditional Chinese<\/strong><\/a><\/p>\n<p><strong><a href=\"https:\/\/www.flipgorilla.com\/p\/26675824929296992\/show\">Student Handbook 2021\/22<\/a><\/strong><\/p>\n<p><strong><a href=\"https:\/\/www.internationaled.com\/wp-content\/uploads\/2022\/02\/Summer-Credit-Application-2022.pdf\" target=\"_blank\" rel=\"noopener noreferrer\">Summer High School Credit Courses Application Form 2022<\/a><\/strong><\/p>\n<p><strong><a href=\"http:\/\/www.internationaled.com\/wp-content\/uploads\/2019\/01\/Teacher-Training-in-Coquitlam.pdf\">Teacher Training Program\u00a0<\/a><\/strong><\/p>\n<div class=\"pdf\">\n<p>&nbsp;<\/p>\n<\/div>\n","protected":false},"excerpt":{"rendered":"<p>\u00a0T\u00e0i li\u1ec7u hi\u1ec7n \u0111ang \u0111\u01b0\u1ee3c s\u1eed d\u1ee5ng cho c\u00e1c ch\u01b0\u01a1ng tr\u00ecnh gi\u00e1o d\u1ee5c qu\u1ed1c t\u1ebf C\u00e1c t\u00e0i li\u1ec7u sau \u0111\u00e2y c\u00f3 th\u1ec3 \u0111\u01b0\u1ee3c t\u1ea3i xu\u1ed1ng \u0111\u1ec3 thu\u1eadn ti\u1ec7n. N\u1ebfu b\u1ea1n c\u00f3 b\u1ea5t k\u1ef3 c\u00e2u h\u1ecfi n\u00e0o li\u00ean quan \u0111\u1ebfn ch\u01b0\u01a1ng tr\u00ecnh v\u00e0 quy tr\u00ecnh n\u1ed9p \u0111\u01a1n c\u1ee7a ch\u00fang t\u00f4i, vui l\u00f2ng g\u1ecdi cho V\u0103n ph\u00f2ng &hellip; <a href=\"https:\/\/www.internationaled.com\/vi\/admissions\/forms\/\" class=\"more-link\">Continue reading <span class=\"screen-reader-text\">T\u00e0i li\u1ec7u<\/span> <span class=\"meta-nav\">&rarr;<\/span><\/a><\/p>\n","protected":false},"author":14,"featured_media":326,"parent":3489,"menu_order":8,"comment_status":"closed","ping_status":"closed","template":"page-standard.php","meta":{"footnotes":""},"class_list":["post-3498","page","type-page","status-publish","has-post-thumbnail","hentry"],"yoast_head":"<!-- This site is optimized with the Yoast SEO plugin v27.3 - https:\/\/yoast.com\/product\/yoast-seo-wordpress\/ -->\n<title>T\u00e0i li\u1ec7u - Coquitlam School District 43<\/title>\n<meta name=\"robots\" content=\"index, follow, max-snippet:-1, max-image-preview:large, max-video-preview:-1\" \/>\n<link rel=\"canonical\" href=\"https:\/\/www.internationaled.com\/vi\/admissions\/forms\/\" \/>\n<meta property=\"og:locale\" content=\"vi_VN\" \/>\n<meta property=\"og:type\" content=\"article\" \/>\n<meta property=\"og:title\" content=\"T\u00e0i li\u1ec7u - Coquitlam School District 43\" \/>\n<meta property=\"og:description\" content=\"\u00a0T\u00e0i li\u1ec7u hi\u1ec7n \u0111ang \u0111\u01b0\u1ee3c s\u1eed d\u1ee5ng cho c\u00e1c ch\u01b0\u01a1ng tr\u00ecnh gi\u00e1o d\u1ee5c qu\u1ed1c t\u1ebf C\u00e1c t\u00e0i li\u1ec7u sau \u0111\u00e2y c\u00f3 th\u1ec3 \u0111\u01b0\u1ee3c t\u1ea3i xu\u1ed1ng \u0111\u1ec3 thu\u1eadn ti\u1ec7n. N\u1ebfu b\u1ea1n c\u00f3 b\u1ea5t k\u1ef3 c\u00e2u h\u1ecfi n\u00e0o li\u00ean quan \u0111\u1ebfn ch\u01b0\u01a1ng tr\u00ecnh v\u00e0 quy tr\u00ecnh n\u1ed9p \u0111\u01a1n c\u1ee7a ch\u00fang t\u00f4i, vui l\u00f2ng g\u1ecdi cho V\u0103n ph\u00f2ng &hellip; Continue reading T\u00e0i li\u1ec7u &rarr;\" \/>\n<meta property=\"og:url\" content=\"https:\/\/www.internationaled.com\/vi\/admissions\/forms\/\" \/>\n<meta property=\"og:site_name\" content=\"Coquitlam School District 43\" \/>\n<meta property=\"article:modified_time\" content=\"2022-02-17T17:24:25+00:00\" \/>\n<meta property=\"og:image\" content=\"https:\/\/www.internationaled.com\/wp-content\/uploads\/2015\/10\/fondo_forms.jpg\" \/>\n\t<meta property=\"og:image:width\" content=\"1920\" \/>\n\t<meta property=\"og:image:height\" content=\"400\" \/>\n\t<meta property=\"og:image:type\" content=\"image\/jpeg\" \/>\n<meta name=\"twitter:card\" content=\"summary_large_image\" \/>\n<meta name=\"twitter:label1\" content=\"Est. reading time\" \/>\n\t<meta name=\"twitter:data1\" content=\"2 minutes\" \/>\n<script type=\"application\/ld+json\" class=\"yoast-schema-graph\">{\"@context\":\"https:\\\/\\\/schema.org\",\"@graph\":[{\"@type\":\"WebPage\",\"@id\":\"https:\\\/\\\/www.internationaled.com\\\/vi\\\/admissions\\\/forms\\\/\",\"url\":\"https:\\\/\\\/www.internationaled.com\\\/vi\\\/admissions\\\/forms\\\/\",\"name\":\"T\u00e0i li\u1ec7u - Coquitlam School District 43\",\"isPartOf\":{\"@id\":\"https:\\\/\\\/www.internationaled.com\\\/ar\\\/#website\"},\"primaryImageOfPage\":{\"@id\":\"https:\\\/\\\/www.internationaled.com\\\/vi\\\/admissions\\\/forms\\\/#primaryimage\"},\"image\":{\"@id\":\"https:\\\/\\\/www.internationaled.com\\\/vi\\\/admissions\\\/forms\\\/#primaryimage\"},\"thumbnailUrl\":\"https:\\\/\\\/cdn.internationaled.com\\\/wp-content\\\/uploads\\\/2015\\\/10\\\/fondo_forms.jpg\",\"datePublished\":\"2015-10-29T08:38:06+00:00\",\"dateModified\":\"2022-02-17T17:24:25+00:00\",\"breadcrumb\":{\"@id\":\"https:\\\/\\\/www.internationaled.com\\\/vi\\\/admissions\\\/forms\\\/#breadcrumb\"},\"inLanguage\":\"vi\",\"potentialAction\":[{\"@type\":\"ReadAction\",\"target\":[\"https:\\\/\\\/www.internationaled.com\\\/vi\\\/admissions\\\/forms\\\/\"]}]},{\"@type\":\"ImageObject\",\"inLanguage\":\"vi\",\"@id\":\"https:\\\/\\\/www.internationaled.com\\\/vi\\\/admissions\\\/forms\\\/#primaryimage\",\"url\":\"https:\\\/\\\/cdn.internationaled.com\\\/wp-content\\\/uploads\\\/2015\\\/10\\\/fondo_forms.jpg\",\"contentUrl\":\"https:\\\/\\\/cdn.internationaled.com\\\/wp-content\\\/uploads\\\/2015\\\/10\\\/fondo_forms.jpg\",\"width\":1920,\"height\":400},{\"@type\":\"BreadcrumbList\",\"@id\":\"https:\\\/\\\/www.internationaled.com\\\/vi\\\/admissions\\\/forms\\\/#breadcrumb\",\"itemListElement\":[{\"@type\":\"ListItem\",\"position\":1,\"name\":\"Home\",\"item\":\"https:\\\/\\\/www.internationaled.com\\\/vi\\\/\"},{\"@type\":\"ListItem\",\"position\":2,\"name\":\"Nh\u1eadp H\u1ecdc\",\"item\":\"https:\\\/\\\/www.internationaled.com\\\/vi\\\/admissions\\\/\"},{\"@type\":\"ListItem\",\"position\":3,\"name\":\"T\u00e0i li\u1ec7u\"}]},{\"@type\":\"WebSite\",\"@id\":\"https:\\\/\\\/www.internationaled.com\\\/ar\\\/#website\",\"url\":\"https:\\\/\\\/www.internationaled.com\\\/ar\\\/\",\"name\":\"Coquitlam School District 43\",\"description\":\"Learning for a Lifetime\",\"potentialAction\":[{\"@type\":\"SearchAction\",\"target\":{\"@type\":\"EntryPoint\",\"urlTemplate\":\"https:\\\/\\\/www.internationaled.com\\\/ar\\\/?s={search_term_string}\"},\"query-input\":{\"@type\":\"PropertyValueSpecification\",\"valueRequired\":true,\"valueName\":\"search_term_string\"}}],\"inLanguage\":\"vi\"}]}<\/script>\n<!-- \/ Yoast SEO plugin. -->","yoast_head_json":{"title":"T\u00e0i li\u1ec7u - Coquitlam School District 43","robots":{"index":"index","follow":"follow","max-snippet":"max-snippet:-1","max-image-preview":"max-image-preview:large","max-video-preview":"max-video-preview:-1"},"canonical":"https:\/\/www.internationaled.com\/vi\/admissions\/forms\/","og_locale":"vi_VN","og_type":"article","og_title":"T\u00e0i li\u1ec7u - Coquitlam School District 43","og_description":"\u00a0T\u00e0i li\u1ec7u hi\u1ec7n \u0111ang \u0111\u01b0\u1ee3c s\u1eed d\u1ee5ng cho c\u00e1c ch\u01b0\u01a1ng tr\u00ecnh gi\u00e1o d\u1ee5c qu\u1ed1c t\u1ebf C\u00e1c t\u00e0i li\u1ec7u sau \u0111\u00e2y c\u00f3 th\u1ec3 \u0111\u01b0\u1ee3c t\u1ea3i xu\u1ed1ng \u0111\u1ec3 thu\u1eadn ti\u1ec7n. N\u1ebfu b\u1ea1n c\u00f3 b\u1ea5t k\u1ef3 c\u00e2u h\u1ecfi n\u00e0o li\u00ean quan \u0111\u1ebfn ch\u01b0\u01a1ng tr\u00ecnh v\u00e0 quy tr\u00ecnh n\u1ed9p \u0111\u01a1n c\u1ee7a ch\u00fang t\u00f4i, vui l\u00f2ng g\u1ecdi cho V\u0103n ph\u00f2ng &hellip; Continue reading T\u00e0i li\u1ec7u &rarr;","og_url":"https:\/\/www.internationaled.com\/vi\/admissions\/forms\/","og_site_name":"Coquitlam School District 43","article_modified_time":"2022-02-17T17:24:25+00:00","og_image":[{"width":1920,"height":400,"url":"https:\/\/www.internationaled.com\/wp-content\/uploads\/2015\/10\/fondo_forms.jpg","type":"image\/jpeg"}],"twitter_card":"summary_large_image","twitter_misc":{"Est. reading time":"2 minutes"},"schema":{"@context":"https:\/\/schema.org","@graph":[{"@type":"WebPage","@id":"https:\/\/www.internationaled.com\/vi\/admissions\/forms\/","url":"https:\/\/www.internationaled.com\/vi\/admissions\/forms\/","name":"T\u00e0i li\u1ec7u - Coquitlam School District 43","isPartOf":{"@id":"https:\/\/www.internationaled.com\/ar\/#website"},"primaryImageOfPage":{"@id":"https:\/\/www.internationaled.com\/vi\/admissions\/forms\/#primaryimage"},"image":{"@id":"https:\/\/www.internationaled.com\/vi\/admissions\/forms\/#primaryimage"},"thumbnailUrl":"https:\/\/cdn.internationaled.com\/wp-content\/uploads\/2015\/10\/fondo_forms.jpg","datePublished":"2015-10-29T08:38:06+00:00","dateModified":"2022-02-17T17:24:25+00:00","breadcrumb":{"@id":"https:\/\/www.internationaled.com\/vi\/admissions\/forms\/#breadcrumb"},"inLanguage":"vi","potentialAction":[{"@type":"ReadAction","target":["https:\/\/www.internationaled.com\/vi\/admissions\/forms\/"]}]},{"@type":"ImageObject","inLanguage":"vi","@id":"https:\/\/www.internationaled.com\/vi\/admissions\/forms\/#primaryimage","url":"https:\/\/cdn.internationaled.com\/wp-content\/uploads\/2015\/10\/fondo_forms.jpg","contentUrl":"https:\/\/cdn.internationaled.com\/wp-content\/uploads\/2015\/10\/fondo_forms.jpg","width":1920,"height":400},{"@type":"BreadcrumbList","@id":"https:\/\/www.internationaled.com\/vi\/admissions\/forms\/#breadcrumb","itemListElement":[{"@type":"ListItem","position":1,"name":"Home","item":"https:\/\/www.internationaled.com\/vi\/"},{"@type":"ListItem","position":2,"name":"Nh\u1eadp H\u1ecdc","item":"https:\/\/www.internationaled.com\/vi\/admissions\/"},{"@type":"ListItem","position":3,"name":"T\u00e0i li\u1ec7u"}]},{"@type":"WebSite","@id":"https:\/\/www.internationaled.com\/ar\/#website","url":"https:\/\/www.internationaled.com\/ar\/","name":"Coquitlam School District 43","description":"Learning for a Lifetime","potentialAction":[{"@type":"SearchAction","target":{"@type":"EntryPoint","urlTemplate":"https:\/\/www.internationaled.com\/ar\/?s={search_term_string}"},"query-input":{"@type":"PropertyValueSpecification","valueRequired":true,"valueName":"search_term_string"}}],"inLanguage":"vi"}]}},"_links":{"self":[{"href":"https:\/\/www.internationaled.com\/vi\/wp-json\/wp\/v2\/pages\/3498","targetHints":{"allow":["GET"]}}],"collection":[{"href":"https:\/\/www.internationaled.com\/vi\/wp-json\/wp\/v2\/pages"}],"about":[{"href":"https:\/\/www.internationaled.com\/vi\/wp-json\/wp\/v2\/types\/page"}],"author":[{"embeddable":true,"href":"https:\/\/www.internationaled.com\/vi\/wp-json\/wp\/v2\/users\/14"}],"replies":[{"embeddable":true,"href":"https:\/\/www.internationaled.com\/vi\/wp-json\/wp\/v2\/comments?post=3498"}],"version-history":[{"count":15,"href":"https:\/\/www.internationaled.com\/vi\/wp-json\/wp\/v2\/pages\/3498\/revisions"}],"predecessor-version":[{"id":6552,"href":"https:\/\/www.internationaled.com\/vi\/wp-json\/wp\/v2\/pages\/3498\/revisions\/6552"}],"up":[{"embeddable":true,"href":"https:\/\/www.internationaled.com\/vi\/wp-json\/wp\/v2\/pages\/3489"}],"wp:featuredmedia":[{"embeddable":true,"href":"https:\/\/www.internationaled.com\/vi\/wp-json\/wp\/v2\/media\/326"}],"wp:attachment":[{"href":"https:\/\/www.internationaled.com\/vi\/wp-json\/wp\/v2\/media?parent=3498"}],"curies":[{"name":"wp","href":"https:\/\/api.w.org\/{rel}","templated":true}]}}