{"id":3500,"date":"2015-10-19T17:41:24","date_gmt":"2015-10-19T17:41:24","guid":{"rendered":"http:\/\/internationaled.com\/programs\/?lang=vi"},"modified":"2016-07-22T09:31:12","modified_gmt":"2016-07-22T09:31:12","slug":"programs","status":"publish","type":"page","link":"https:\/\/www.internationaled.com\/vi\/programs\/","title":{"rendered":"C\u00e1c Ch\u01b0\u01a1ng Tr\u00ecnh"},"content":{"rendered":"<p>C\u00f3 nhi\u1ec1u ch\u01b0\u01a1ng tr\u00ecnh cho Du H\u1ecdc Sinh su\u1ed1t ni\u00ean h\u1ecdc. C\u00f3 c\u00e1c ch\u01b0\u01a1ng tr\u00ecnh tr\u1ecdn n\u0103m trong v\u00f2ng 10 th\u00e1ng cho c\u00e1c du h\u1ecdc sinh \u0111\u01b0\u1ee3c h\u1ed9i nh\u1eadp v\u00e0o c\u00e1c l\u1edbp ch\u00ednh kh\u00f3a Canada v\u00e0 c\u00e1c ch\u01b0\u01a1ng tr\u00ecnh ESL t\u0103ng c\u01b0\u1eddng ng\u1eafn h\u1ea1n ch\u1ec9 c\u00f3 m\u1ed9t tu\u1ea7n l\u1ec5 m\u1ed9t kh\u00f3a. Ch\u00fang t\u00f4i c\u00f3 Ch\u01b0\u01a1ng Tr\u00ecnh ESL\/V\u0103n H\u00f3a H\u00e8 v\u00e0o th\u00e1ng B\u1ea3y v\u00e0 th\u00e1ng T\u00e1m v\u1edbi c\u00e1c l\u1edbp h\u1ecdc n\u1eeda ng\u00e0y v\u00e0o bu\u1ed5i s\u00e1ng v\u00e0 sinh ho\u1ea1t v\u0103n h\u00f3a v\u00e0o bu\u1ed5i chi\u1ec1u \u0111\u1ec3 ho\u00e0n thi\u1ec7n c\u00e1c k\u1ef9 n\u0103ng ti\u1ebfng Anh m\u00e0 du h\u1ecdc sinh m\u1edbi ti\u1ebfp thu \u0111\u01b0\u1ee3c. Ch\u00fang t\u00f4i c\u0169ng c\u00f3 c\u00e1c l\u1edbp Chu\u1ea9n b\u1ecb ti\u1ebfng Anh 9, 10 ho\u1eb7c 11 su\u1ed1t m\u00f9a h\u00e8. C\u00f3 c\u00e1c l\u1edbp ESL t\u0103ng c\u01b0\u1eddng ng\u1eafn h\u1ea1n t\u1eeb th\u00e1ng 9 \u0111\u1ebfn th\u00e1ng 6 d\u00e0nh cho du h\u1ecdc sinh Ti\u1ec3u H\u1ecdc, Trung H\u1ecdc C\u01a1 S\u1edf v\u00e0 Trung H\u1ecdc<\/p>\n<p>Ch\u01b0\u01a1ng tr\u00ecnh h\u1ecdc c\u1ea5p t\u1ec9nh bang g\u1ed3m m\u1ed9t s\u1ed1 m\u00f4n h\u1ecdc c\u0103n b\u1ea3n \u1edf tr\u00ecnh \u0111\u1ed9 kh\u00f3 nh\u01b0 sau: Anh ng\u1eef, x\u00e3 h\u1ed9i h\u1ecdc, to\u00e1n h\u1ecdc, sinh h\u1ecdc, h\u00f3a h\u1ecdc, v\u1eadt l\u00fd, m\u1ef9 thu\u1eadt v\u00e0 c\u00e1c m\u00f4n ngh\u1ec1 nghi\u1ec7p v\u00e0 c\u00f4ng ngh\u1ec7. Ngo\u00e0i ra, du h\u1ecdc sinh c\u00f3 th\u1ec3 ch\u1ecdn trong s\u1ed1 c\u00e1c m\u00f4n t\u1ef1 ch\u1ecdn \u0111\u1ec3 h\u00ecnh th\u00e0nh m\u1ed9t ch\u01b0\u01a1ng tr\u00ecnh \u0111\u1eb7c th\u00f9 \u0111\u00e1p \u1ee9ng c\u00e1c y\u00eau c\u1ea7u c\u1ee7a h\u1ec7 th\u1ed1ng gi\u00e1o d\u1ee5c c\u1ee7a t\u1ec9nh bang British Columbia. Du h\u1ecdc sinh t\u1ed1t nghi\u1ec7p l\u1edbp 12 h\u1ec7 gi\u00e1o d\u1ee5c c\u00f4ng c\u1ed9ng Coquitlam h\u1ed9i \u0111\u1ee7 \u0111i\u1ec1u ki\u1ec7n \u0111\u1ec3 ghi danh v\u00e0o t\u1ea5t c\u1ea3 c\u00e1c tr\u01b0\u1eddng \u0111\u1ea1i h\u1ecdc, cao \u0111\u1eb3ng v\u00e0 h\u1ecdc vi\u1ec7n \u1edf b\u1ea5t c\u1ee9 n\u01a1i \u0111\u00e2u. B\u1eb1ng T\u00fa T\u00e0i Qu\u1ed1c T\u1ebf v\u00e0 c\u00e1c Ch\u01b0\u01a1ng Tr\u00ecnh L\u00ean C\u1ea5p H\u1eadu Trung H\u1ecdc (Advanced Placement Programs) c\u00f3 s\u1eb5n d\u00e0nh cho c\u00e1c du h\u1ecdc sinh c\u00f3 tr\u00ecnh \u0111\u1ed9 h\u1ecdc v\u1ea5n cao h\u01a1n.<\/p>\n<p>C\u00e1c m\u00f4n h\u1ecdc cho c\u1ea5p cao \u0111\u1eb3ng v\u00e0 \u0111\u1ea1i h\u1ecdc l\u00e0 nh\u1eefng m\u00f4n h\u1ecdc th\u00f4ng th\u01b0\u1eddng; du h\u1ecdc sinh nh\u1eadn \u0111\u01b0\u1ee3c t\u00edn ch\u1ec9 v\u1ec1 th\u00e0nh t\u00edch xu\u1ea5t s\u1eafc trong c\u00e1c m\u00f4n h\u1ecdc n\u00e0y v\u00e0 c\u00f3 th\u1ec3 d\u00f9ng c\u00e1c t\u00edn ch\u1ec9 n\u00e0y \u0111\u1ec3 ghi danh v\u00e0o c\u00e1c tr\u01b0\u1eddng h\u1eadu trung h\u1ecdc kh\u1eafp n\u01a1i tr\u00ean th\u1ebf gi\u1edbi. Du h\u1ecdc sinh c\u00f3 l\u1ee3i \u0111i\u1ec3m l\u00e0 \u0111\u00e3 t\u1ed1t nghi\u1ec7p t\u1eeb m\u1ed9t h\u1ec7 th\u1ed1ng c\u00e1c tr\u01b0\u1eddng h\u00e0ng \u0111\u1ea7u \u1edf Canada trong khi \u0111\u01b0\u1ee3c h\u01b0\u1edfng l\u1ee3i v\u1ec1 s\u1ef1 th\u00f4ng th\u1ea1o Anh ng\u1eef, m\u1ed9t k\u1ef9 n\u0103ng \u1ee9ng d\u1ee5ng kh\u1eafp th\u1ebf gi\u1edbi.<\/p>\n","protected":false},"excerpt":{"rendered":"<p>C\u00f3 nhi\u1ec1u ch\u01b0\u01a1ng tr\u00ecnh cho Du H\u1ecdc Sinh su\u1ed1t ni\u00ean h\u1ecdc. C\u00f3 c\u00e1c ch\u01b0\u01a1ng tr\u00ecnh tr\u1ecdn n\u0103m trong v\u00f2ng 10 th\u00e1ng cho c\u00e1c du h\u1ecdc sinh \u0111\u01b0\u1ee3c h\u1ed9i nh\u1eadp v\u00e0o c\u00e1c l\u1edbp ch\u00ednh kh\u00f3a Canada v\u00e0 c\u00e1c ch\u01b0\u01a1ng tr\u00ecnh ESL t\u0103ng c\u01b0\u1eddng ng\u1eafn h\u1ea1n ch\u1ec9 c\u00f3 m\u1ed9t tu\u1ea7n l\u1ec5 m\u1ed9t kh\u00f3a. Ch\u00fang t\u00f4i c\u00f3 Ch\u01b0\u01a1ng &hellip; <a href=\"https:\/\/www.internationaled.com\/vi\/programs\/\" class=\"more-link\">Continue reading <span class=\"screen-reader-text\">C\u00e1c Ch\u01b0\u01a1ng Tr\u00ecnh<\/span> <span class=\"meta-nav\">&rarr;<\/span><\/a><\/p>\n","protected":false},"author":14,"featured_media":317,"parent":0,"menu_order":0,"comment_status":"closed","ping_status":"closed","template":"page-standard.php","meta":{"footnotes":""},"class_list":["post-3500","page","type-page","status-publish","has-post-thumbnail","hentry"],"yoast_head":"<!-- This site is optimized with the Yoast SEO plugin v27.3 - https:\/\/yoast.com\/product\/yoast-seo-wordpress\/ -->\n<title>C\u00e1c Ch\u01b0\u01a1ng Tr\u00ecnh - Coquitlam School District 43<\/title>\n<meta name=\"robots\" content=\"index, follow, max-snippet:-1, max-image-preview:large, max-video-preview:-1\" \/>\n<link rel=\"canonical\" href=\"https:\/\/www.internationaled.com\/vi\/programs\/\" \/>\n<meta property=\"og:locale\" content=\"vi_VN\" \/>\n<meta property=\"og:type\" content=\"article\" \/>\n<meta property=\"og:title\" content=\"C\u00e1c Ch\u01b0\u01a1ng Tr\u00ecnh - Coquitlam School District 43\" \/>\n<meta property=\"og:description\" content=\"C\u00f3 nhi\u1ec1u ch\u01b0\u01a1ng tr\u00ecnh cho Du H\u1ecdc Sinh su\u1ed1t ni\u00ean h\u1ecdc. C\u00f3 c\u00e1c ch\u01b0\u01a1ng tr\u00ecnh tr\u1ecdn n\u0103m trong v\u00f2ng 10 th\u00e1ng cho c\u00e1c du h\u1ecdc sinh \u0111\u01b0\u1ee3c h\u1ed9i nh\u1eadp v\u00e0o c\u00e1c l\u1edbp ch\u00ednh kh\u00f3a Canada v\u00e0 c\u00e1c ch\u01b0\u01a1ng tr\u00ecnh ESL t\u0103ng c\u01b0\u1eddng ng\u1eafn h\u1ea1n ch\u1ec9 c\u00f3 m\u1ed9t tu\u1ea7n l\u1ec5 m\u1ed9t kh\u00f3a. Ch\u00fang t\u00f4i c\u00f3 Ch\u01b0\u01a1ng &hellip; Continue reading C\u00e1c Ch\u01b0\u01a1ng Tr\u00ecnh &rarr;\" \/>\n<meta property=\"og:url\" content=\"https:\/\/www.internationaled.com\/vi\/programs\/\" \/>\n<meta property=\"og:site_name\" content=\"Coquitlam School District 43\" \/>\n<meta property=\"article:modified_time\" content=\"2016-07-22T09:31:12+00:00\" \/>\n<meta property=\"og:image\" content=\"https:\/\/www.internationaled.com\/wp-content\/uploads\/2015\/10\/fondo_programs.jpg\" \/>\n\t<meta property=\"og:image:width\" content=\"1920\" \/>\n\t<meta property=\"og:image:height\" content=\"400\" \/>\n\t<meta property=\"og:image:type\" content=\"image\/jpeg\" \/>\n<meta name=\"twitter:card\" content=\"summary_large_image\" \/>\n<meta name=\"twitter:label1\" content=\"Est. reading time\" \/>\n\t<meta name=\"twitter:data1\" content=\"3 minutes\" \/>\n<script type=\"application\/ld+json\" class=\"yoast-schema-graph\">{\"@context\":\"https:\\\/\\\/schema.org\",\"@graph\":[{\"@type\":\"WebPage\",\"@id\":\"https:\\\/\\\/www.internationaled.com\\\/vi\\\/programs\\\/\",\"url\":\"https:\\\/\\\/www.internationaled.com\\\/vi\\\/programs\\\/\",\"name\":\"C\u00e1c Ch\u01b0\u01a1ng Tr\u00ecnh - Coquitlam School District 43\",\"isPartOf\":{\"@id\":\"https:\\\/\\\/www.internationaled.com\\\/ar\\\/#website\"},\"primaryImageOfPage\":{\"@id\":\"https:\\\/\\\/www.internationaled.com\\\/vi\\\/programs\\\/#primaryimage\"},\"image\":{\"@id\":\"https:\\\/\\\/www.internationaled.com\\\/vi\\\/programs\\\/#primaryimage\"},\"thumbnailUrl\":\"https:\\\/\\\/cdn.internationaled.com\\\/wp-content\\\/uploads\\\/2015\\\/10\\\/fondo_programs.jpg\",\"datePublished\":\"2015-10-19T17:41:24+00:00\",\"dateModified\":\"2016-07-22T09:31:12+00:00\",\"breadcrumb\":{\"@id\":\"https:\\\/\\\/www.internationaled.com\\\/vi\\\/programs\\\/#breadcrumb\"},\"inLanguage\":\"vi\",\"potentialAction\":[{\"@type\":\"ReadAction\",\"target\":[\"https:\\\/\\\/www.internationaled.com\\\/vi\\\/programs\\\/\"]}]},{\"@type\":\"ImageObject\",\"inLanguage\":\"vi\",\"@id\":\"https:\\\/\\\/www.internationaled.com\\\/vi\\\/programs\\\/#primaryimage\",\"url\":\"https:\\\/\\\/cdn.internationaled.com\\\/wp-content\\\/uploads\\\/2015\\\/10\\\/fondo_programs.jpg\",\"contentUrl\":\"https:\\\/\\\/cdn.internationaled.com\\\/wp-content\\\/uploads\\\/2015\\\/10\\\/fondo_programs.jpg\",\"width\":1920,\"height\":400},{\"@type\":\"BreadcrumbList\",\"@id\":\"https:\\\/\\\/www.internationaled.com\\\/vi\\\/programs\\\/#breadcrumb\",\"itemListElement\":[{\"@type\":\"ListItem\",\"position\":1,\"name\":\"Home\",\"item\":\"https:\\\/\\\/www.internationaled.com\\\/vi\\\/\"},{\"@type\":\"ListItem\",\"position\":2,\"name\":\"C\u00e1c Ch\u01b0\u01a1ng Tr\u00ecnh\"}]},{\"@type\":\"WebSite\",\"@id\":\"https:\\\/\\\/www.internationaled.com\\\/ar\\\/#website\",\"url\":\"https:\\\/\\\/www.internationaled.com\\\/ar\\\/\",\"name\":\"Coquitlam School District 43\",\"description\":\"Learning for a Lifetime\",\"potentialAction\":[{\"@type\":\"SearchAction\",\"target\":{\"@type\":\"EntryPoint\",\"urlTemplate\":\"https:\\\/\\\/www.internationaled.com\\\/ar\\\/?s={search_term_string}\"},\"query-input\":{\"@type\":\"PropertyValueSpecification\",\"valueRequired\":true,\"valueName\":\"search_term_string\"}}],\"inLanguage\":\"vi\"}]}<\/script>\n<!-- \/ Yoast SEO plugin. -->","yoast_head_json":{"title":"C\u00e1c Ch\u01b0\u01a1ng Tr\u00ecnh - Coquitlam School District 43","robots":{"index":"index","follow":"follow","max-snippet":"max-snippet:-1","max-image-preview":"max-image-preview:large","max-video-preview":"max-video-preview:-1"},"canonical":"https:\/\/www.internationaled.com\/vi\/programs\/","og_locale":"vi_VN","og_type":"article","og_title":"C\u00e1c Ch\u01b0\u01a1ng Tr\u00ecnh - Coquitlam School District 43","og_description":"C\u00f3 nhi\u1ec1u ch\u01b0\u01a1ng tr\u00ecnh cho Du H\u1ecdc Sinh su\u1ed1t ni\u00ean h\u1ecdc. C\u00f3 c\u00e1c ch\u01b0\u01a1ng tr\u00ecnh tr\u1ecdn n\u0103m trong v\u00f2ng 10 th\u00e1ng cho c\u00e1c du h\u1ecdc sinh \u0111\u01b0\u1ee3c h\u1ed9i nh\u1eadp v\u00e0o c\u00e1c l\u1edbp ch\u00ednh kh\u00f3a Canada v\u00e0 c\u00e1c ch\u01b0\u01a1ng tr\u00ecnh ESL t\u0103ng c\u01b0\u1eddng ng\u1eafn h\u1ea1n ch\u1ec9 c\u00f3 m\u1ed9t tu\u1ea7n l\u1ec5 m\u1ed9t kh\u00f3a. Ch\u00fang t\u00f4i c\u00f3 Ch\u01b0\u01a1ng &hellip; Continue reading C\u00e1c Ch\u01b0\u01a1ng Tr\u00ecnh &rarr;","og_url":"https:\/\/www.internationaled.com\/vi\/programs\/","og_site_name":"Coquitlam School District 43","article_modified_time":"2016-07-22T09:31:12+00:00","og_image":[{"width":1920,"height":400,"url":"https:\/\/www.internationaled.com\/wp-content\/uploads\/2015\/10\/fondo_programs.jpg","type":"image\/jpeg"}],"twitter_card":"summary_large_image","twitter_misc":{"Est. reading time":"3 minutes"},"schema":{"@context":"https:\/\/schema.org","@graph":[{"@type":"WebPage","@id":"https:\/\/www.internationaled.com\/vi\/programs\/","url":"https:\/\/www.internationaled.com\/vi\/programs\/","name":"C\u00e1c Ch\u01b0\u01a1ng Tr\u00ecnh - Coquitlam School District 43","isPartOf":{"@id":"https:\/\/www.internationaled.com\/ar\/#website"},"primaryImageOfPage":{"@id":"https:\/\/www.internationaled.com\/vi\/programs\/#primaryimage"},"image":{"@id":"https:\/\/www.internationaled.com\/vi\/programs\/#primaryimage"},"thumbnailUrl":"https:\/\/cdn.internationaled.com\/wp-content\/uploads\/2015\/10\/fondo_programs.jpg","datePublished":"2015-10-19T17:41:24+00:00","dateModified":"2016-07-22T09:31:12+00:00","breadcrumb":{"@id":"https:\/\/www.internationaled.com\/vi\/programs\/#breadcrumb"},"inLanguage":"vi","potentialAction":[{"@type":"ReadAction","target":["https:\/\/www.internationaled.com\/vi\/programs\/"]}]},{"@type":"ImageObject","inLanguage":"vi","@id":"https:\/\/www.internationaled.com\/vi\/programs\/#primaryimage","url":"https:\/\/cdn.internationaled.com\/wp-content\/uploads\/2015\/10\/fondo_programs.jpg","contentUrl":"https:\/\/cdn.internationaled.com\/wp-content\/uploads\/2015\/10\/fondo_programs.jpg","width":1920,"height":400},{"@type":"BreadcrumbList","@id":"https:\/\/www.internationaled.com\/vi\/programs\/#breadcrumb","itemListElement":[{"@type":"ListItem","position":1,"name":"Home","item":"https:\/\/www.internationaled.com\/vi\/"},{"@type":"ListItem","position":2,"name":"C\u00e1c Ch\u01b0\u01a1ng Tr\u00ecnh"}]},{"@type":"WebSite","@id":"https:\/\/www.internationaled.com\/ar\/#website","url":"https:\/\/www.internationaled.com\/ar\/","name":"Coquitlam School District 43","description":"Learning for a Lifetime","potentialAction":[{"@type":"SearchAction","target":{"@type":"EntryPoint","urlTemplate":"https:\/\/www.internationaled.com\/ar\/?s={search_term_string}"},"query-input":{"@type":"PropertyValueSpecification","valueRequired":true,"valueName":"search_term_string"}}],"inLanguage":"vi"}]}},"_links":{"self":[{"href":"https:\/\/www.internationaled.com\/vi\/wp-json\/wp\/v2\/pages\/3500","targetHints":{"allow":["GET"]}}],"collection":[{"href":"https:\/\/www.internationaled.com\/vi\/wp-json\/wp\/v2\/pages"}],"about":[{"href":"https:\/\/www.internationaled.com\/vi\/wp-json\/wp\/v2\/types\/page"}],"author":[{"embeddable":true,"href":"https:\/\/www.internationaled.com\/vi\/wp-json\/wp\/v2\/users\/14"}],"replies":[{"embeddable":true,"href":"https:\/\/www.internationaled.com\/vi\/wp-json\/wp\/v2\/comments?post=3500"}],"version-history":[{"count":1,"href":"https:\/\/www.internationaled.com\/vi\/wp-json\/wp\/v2\/pages\/3500\/revisions"}],"predecessor-version":[{"id":3664,"href":"https:\/\/www.internationaled.com\/vi\/wp-json\/wp\/v2\/pages\/3500\/revisions\/3664"}],"wp:featuredmedia":[{"embeddable":true,"href":"https:\/\/www.internationaled.com\/vi\/wp-json\/wp\/v2\/media\/317"}],"wp:attachment":[{"href":"https:\/\/www.internationaled.com\/vi\/wp-json\/wp\/v2\/media?parent=3500"}],"curies":[{"name":"wp","href":"https:\/\/api.w.org\/{rel}","templated":true}]}}