{"id":3501,"date":"2015-10-27T16:21:17","date_gmt":"2015-10-27T16:21:17","guid":{"rendered":"http:\/\/internationaled.com\/programs\/group-winter-short-term-programs\/?lang=vi"},"modified":"2016-07-22T09:38:02","modified_gmt":"2016-07-22T09:38:02","slug":"group-winter-short-term-programs","status":"publish","type":"page","link":"https:\/\/www.internationaled.com\/vi\/programs\/group-winter-short-term-programs\/","title":{"rendered":"Ch\u01b0\u01a1ng Tr\u00ecnh ESL v\u00e0 V\u0103n H\u00f3a M\u00f9a \u0110\u00f4ng"},"content":{"rendered":"<h3 class=\"blue\">C\u00e1c Nh\u00f3m<\/h3>\n<p>Ch\u01b0\u01a1ng Tr\u00ecnh ESL \u1ee8ng D\u1ee5ng v\u00e0 V\u0103n H\u00f3a l\u00e0 c\u01a1 h\u1ed9i \u0111\u1ec3 \u00e1p d\u1ee5ng c\u00e1c k\u1ef9 n\u0103ng Anh ng\u1eef v\u00e0 kinh nghi\u1ec7m v\u1ec1 v\u0103n h\u00f3a Canada b\u1eb1ng c\u00e1ch tham gia c\u00e1c ho\u1ea1t \u0111\u1ed9ng nh\u00f3m v\u00e0 \u0111\u1ed3ng \u0111\u1ed9i v\u00e0 kh\u00e1m ph\u00e1 phong c\u1ea3nh xinh \u0111\u1eb9p c\u1ee7a v\u00f9ng Lower Mainland c\u1ee7a t\u1ec9nh bang British Columbia. Ch\u01b0\u01a1ng Tr\u00ecnh ESL \u1ee8ng D\u1ee5ng v\u00e0 V\u0103n H\u00f3a g\u1ed3m nh\u1eefng ho\u1ea1t \u0111\u1ed9ng nh\u01b0 l\u00e0 b\u01a1i l\u1ed9i, tr\u01b0\u1ee3t tuy\u1ebft, leo n\u00fai, \u0111\u00e1nh golf, bowling, c\u00e1c m\u00f4n th\u1ec3 thao \u0111\u1ed3ng \u0111\u1ed9i v\u00e0 c\u00e1c tr\u00f2 ch\u01a1i l\u00e0m th\u1ee7 c\u00f4ng. C\u00f3 nh\u1eefng chuy\u1ebfn \u0111i th\u0103m Cao Nguy\u00ean <a href=\"http:\/\/www.westwoodplateaugolf.com\/page\/312-15452.htm\" target=\"blank\">Westwood<\/a>, <a href=\"http:\/\/www.robsonstreet.ca\/\" target=\"blank\"> Robson Street<\/a>, <a href=\"http:\/\/www.metropolisatmetrotown.com\" target=\"blank\">Metrotown<\/a>, <a href=\"http:\/\/www.seegastown.com\" target=\"blank\">Gastown<\/a>, <a href=\"http:\/\/www.seestanleypark.com\/\" target=\"blank\">C\u00f4ng Vi\u00ean Stanley<\/a>, <a href=\"http:\/\/www.vanaqua.org\" target=\"blank\">H\u1ed3 C\u00e1 Vancouver<\/a>, <a href=\"http:\/\/www.capbridge.com\" target=\"blank\">C\u1ea7u Treo Capilano<\/a>, <a href=\"http:\/\/www.hrmacmillanspacecentre.com\/\" target=\"blank\">Trung T\u00e2m Kh\u00f4ng Gian H.R. MacMillan<\/a>.<\/p>\n<h3 class=\"blue\">Du H\u1ecdc Sinh Ri\u00eang L\u00ea<\/h3>\n<p>Nh\u1ea5n v\u00e0o li\u00ean k\u1ebft d\u01b0\u1edbi \u0111\u00e2y \u0111\u1ec3 t\u1ea3i th\u00eam th\u00f4ng tin, ng\u00e0y gi\u1edd v\u00e0 h\u1ed3 s\u01a1 ghi danh:<\/p>\n<ul>\n<li class=\"forms\"><a href=\"http:\/\/legacy.internationaled.com\/forms\/Group%20Short%20Term%20Info%20and%20Registration%20Form.pdf\">Nh\u00f3m Ch\u01b0\u01a1ng tr\u00ecnh ng\u1eafn v\u00e0 M\u1eabu Ghi Danh <\/a><\/li>\n<\/ul>\n","protected":false},"excerpt":{"rendered":"<p>C\u00e1c Nh\u00f3m Ch\u01b0\u01a1ng Tr\u00ecnh ESL \u1ee8ng D\u1ee5ng v\u00e0 V\u0103n H\u00f3a l\u00e0 c\u01a1 h\u1ed9i \u0111\u1ec3 \u00e1p d\u1ee5ng c\u00e1c k\u1ef9 n\u0103ng Anh ng\u1eef v\u00e0 kinh nghi\u1ec7m v\u1ec1 v\u0103n h\u00f3a Canada b\u1eb1ng c\u00e1ch tham gia c\u00e1c ho\u1ea1t \u0111\u1ed9ng nh\u00f3m v\u00e0 \u0111\u1ed3ng \u0111\u1ed9i v\u00e0 kh\u00e1m ph\u00e1 phong c\u1ea3nh xinh \u0111\u1eb9p c\u1ee7a v\u00f9ng Lower Mainland c\u1ee7a t\u1ec9nh bang British Columbia. &hellip; <a href=\"https:\/\/www.internationaled.com\/vi\/programs\/group-winter-short-term-programs\/\" class=\"more-link\">Continue reading <span class=\"screen-reader-text\">Ch\u01b0\u01a1ng Tr\u00ecnh ESL v\u00e0 V\u0103n H\u00f3a M\u00f9a \u0110\u00f4ng<\/span> <span class=\"meta-nav\">&rarr;<\/span><\/a><\/p>\n","protected":false},"author":14,"featured_media":315,"parent":3500,"menu_order":0,"comment_status":"closed","ping_status":"closed","template":"page-standard.php","meta":{"footnotes":""},"class_list":["post-3501","page","type-page","status-publish","has-post-thumbnail","hentry"],"yoast_head":"<!-- This site is optimized with the Yoast SEO plugin v27.3 - https:\/\/yoast.com\/product\/yoast-seo-wordpress\/ -->\n<title>Ch\u01b0\u01a1ng Tr\u00ecnh ESL v\u00e0 V\u0103n H\u00f3a M\u00f9a \u0110\u00f4ng - Coquitlam School District 43<\/title>\n<meta name=\"robots\" content=\"index, follow, max-snippet:-1, max-image-preview:large, max-video-preview:-1\" \/>\n<link rel=\"canonical\" href=\"https:\/\/www.internationaled.com\/vi\/programs\/group-winter-short-term-programs\/\" \/>\n<meta property=\"og:locale\" content=\"vi_VN\" \/>\n<meta property=\"og:type\" content=\"article\" \/>\n<meta property=\"og:title\" content=\"Ch\u01b0\u01a1ng Tr\u00ecnh ESL v\u00e0 V\u0103n H\u00f3a M\u00f9a \u0110\u00f4ng - Coquitlam School District 43\" \/>\n<meta property=\"og:description\" content=\"C\u00e1c Nh\u00f3m Ch\u01b0\u01a1ng Tr\u00ecnh ESL \u1ee8ng D\u1ee5ng v\u00e0 V\u0103n H\u00f3a l\u00e0 c\u01a1 h\u1ed9i \u0111\u1ec3 \u00e1p d\u1ee5ng c\u00e1c k\u1ef9 n\u0103ng Anh ng\u1eef v\u00e0 kinh nghi\u1ec7m v\u1ec1 v\u0103n h\u00f3a Canada b\u1eb1ng c\u00e1ch tham gia c\u00e1c ho\u1ea1t \u0111\u1ed9ng nh\u00f3m v\u00e0 \u0111\u1ed3ng \u0111\u1ed9i v\u00e0 kh\u00e1m ph\u00e1 phong c\u1ea3nh xinh \u0111\u1eb9p c\u1ee7a v\u00f9ng Lower Mainland c\u1ee7a t\u1ec9nh bang British Columbia. &hellip; Continue reading Ch\u01b0\u01a1ng Tr\u00ecnh ESL v\u00e0 V\u0103n H\u00f3a M\u00f9a \u0110\u00f4ng &rarr;\" \/>\n<meta property=\"og:url\" content=\"https:\/\/www.internationaled.com\/vi\/programs\/group-winter-short-term-programs\/\" \/>\n<meta property=\"og:site_name\" content=\"Coquitlam School District 43\" \/>\n<meta property=\"article:modified_time\" content=\"2016-07-22T09:38:02+00:00\" \/>\n<meta property=\"og:image\" content=\"https:\/\/www.internationaled.com\/wp-content\/uploads\/2015\/10\/fondo_group_winter_short_term-_programs.jpg\" \/>\n\t<meta property=\"og:image:width\" content=\"1920\" \/>\n\t<meta property=\"og:image:height\" content=\"400\" \/>\n\t<meta property=\"og:image:type\" content=\"image\/jpeg\" \/>\n<meta name=\"twitter:card\" content=\"summary_large_image\" \/>\n<meta name=\"twitter:label1\" content=\"Est. reading time\" \/>\n\t<meta name=\"twitter:data1\" content=\"1 minute\" \/>\n<script type=\"application\/ld+json\" class=\"yoast-schema-graph\">{\"@context\":\"https:\\\/\\\/schema.org\",\"@graph\":[{\"@type\":\"WebPage\",\"@id\":\"https:\\\/\\\/www.internationaled.com\\\/vi\\\/programs\\\/group-winter-short-term-programs\\\/\",\"url\":\"https:\\\/\\\/www.internationaled.com\\\/vi\\\/programs\\\/group-winter-short-term-programs\\\/\",\"name\":\"Ch\u01b0\u01a1ng Tr\u00ecnh ESL v\u00e0 V\u0103n H\u00f3a M\u00f9a \u0110\u00f4ng - Coquitlam School District 43\",\"isPartOf\":{\"@id\":\"https:\\\/\\\/www.internationaled.com\\\/ar\\\/#website\"},\"primaryImageOfPage\":{\"@id\":\"https:\\\/\\\/www.internationaled.com\\\/vi\\\/programs\\\/group-winter-short-term-programs\\\/#primaryimage\"},\"image\":{\"@id\":\"https:\\\/\\\/www.internationaled.com\\\/vi\\\/programs\\\/group-winter-short-term-programs\\\/#primaryimage\"},\"thumbnailUrl\":\"https:\\\/\\\/cdn.internationaled.com\\\/wp-content\\\/uploads\\\/2015\\\/10\\\/fondo_group_winter_short_term-_programs.jpg\",\"datePublished\":\"2015-10-27T16:21:17+00:00\",\"dateModified\":\"2016-07-22T09:38:02+00:00\",\"breadcrumb\":{\"@id\":\"https:\\\/\\\/www.internationaled.com\\\/vi\\\/programs\\\/group-winter-short-term-programs\\\/#breadcrumb\"},\"inLanguage\":\"vi\",\"potentialAction\":[{\"@type\":\"ReadAction\",\"target\":[\"https:\\\/\\\/www.internationaled.com\\\/vi\\\/programs\\\/group-winter-short-term-programs\\\/\"]}]},{\"@type\":\"ImageObject\",\"inLanguage\":\"vi\",\"@id\":\"https:\\\/\\\/www.internationaled.com\\\/vi\\\/programs\\\/group-winter-short-term-programs\\\/#primaryimage\",\"url\":\"https:\\\/\\\/cdn.internationaled.com\\\/wp-content\\\/uploads\\\/2015\\\/10\\\/fondo_group_winter_short_term-_programs.jpg\",\"contentUrl\":\"https:\\\/\\\/cdn.internationaled.com\\\/wp-content\\\/uploads\\\/2015\\\/10\\\/fondo_group_winter_short_term-_programs.jpg\",\"width\":1920,\"height\":400},{\"@type\":\"BreadcrumbList\",\"@id\":\"https:\\\/\\\/www.internationaled.com\\\/vi\\\/programs\\\/group-winter-short-term-programs\\\/#breadcrumb\",\"itemListElement\":[{\"@type\":\"ListItem\",\"position\":1,\"name\":\"Home\",\"item\":\"https:\\\/\\\/www.internationaled.com\\\/vi\\\/\"},{\"@type\":\"ListItem\",\"position\":2,\"name\":\"C\u00e1c Ch\u01b0\u01a1ng Tr\u00ecnh\",\"item\":\"https:\\\/\\\/www.internationaled.com\\\/vi\\\/programs\\\/\"},{\"@type\":\"ListItem\",\"position\":3,\"name\":\"Ch\u01b0\u01a1ng Tr\u00ecnh ESL v\u00e0 V\u0103n H\u00f3a M\u00f9a \u0110\u00f4ng\"}]},{\"@type\":\"WebSite\",\"@id\":\"https:\\\/\\\/www.internationaled.com\\\/ar\\\/#website\",\"url\":\"https:\\\/\\\/www.internationaled.com\\\/ar\\\/\",\"name\":\"Coquitlam School District 43\",\"description\":\"Learning for a Lifetime\",\"potentialAction\":[{\"@type\":\"SearchAction\",\"target\":{\"@type\":\"EntryPoint\",\"urlTemplate\":\"https:\\\/\\\/www.internationaled.com\\\/ar\\\/?s={search_term_string}\"},\"query-input\":{\"@type\":\"PropertyValueSpecification\",\"valueRequired\":true,\"valueName\":\"search_term_string\"}}],\"inLanguage\":\"vi\"}]}<\/script>\n<!-- \/ Yoast SEO plugin. -->","yoast_head_json":{"title":"Ch\u01b0\u01a1ng Tr\u00ecnh ESL v\u00e0 V\u0103n H\u00f3a M\u00f9a \u0110\u00f4ng - Coquitlam School District 43","robots":{"index":"index","follow":"follow","max-snippet":"max-snippet:-1","max-image-preview":"max-image-preview:large","max-video-preview":"max-video-preview:-1"},"canonical":"https:\/\/www.internationaled.com\/vi\/programs\/group-winter-short-term-programs\/","og_locale":"vi_VN","og_type":"article","og_title":"Ch\u01b0\u01a1ng Tr\u00ecnh ESL v\u00e0 V\u0103n H\u00f3a M\u00f9a \u0110\u00f4ng - Coquitlam School District 43","og_description":"C\u00e1c Nh\u00f3m Ch\u01b0\u01a1ng Tr\u00ecnh ESL \u1ee8ng D\u1ee5ng v\u00e0 V\u0103n H\u00f3a l\u00e0 c\u01a1 h\u1ed9i \u0111\u1ec3 \u00e1p d\u1ee5ng c\u00e1c k\u1ef9 n\u0103ng Anh ng\u1eef v\u00e0 kinh nghi\u1ec7m v\u1ec1 v\u0103n h\u00f3a Canada b\u1eb1ng c\u00e1ch tham gia c\u00e1c ho\u1ea1t \u0111\u1ed9ng nh\u00f3m v\u00e0 \u0111\u1ed3ng \u0111\u1ed9i v\u00e0 kh\u00e1m ph\u00e1 phong c\u1ea3nh xinh \u0111\u1eb9p c\u1ee7a v\u00f9ng Lower Mainland c\u1ee7a t\u1ec9nh bang British Columbia. &hellip; Continue reading Ch\u01b0\u01a1ng Tr\u00ecnh ESL v\u00e0 V\u0103n H\u00f3a M\u00f9a \u0110\u00f4ng &rarr;","og_url":"https:\/\/www.internationaled.com\/vi\/programs\/group-winter-short-term-programs\/","og_site_name":"Coquitlam School District 43","article_modified_time":"2016-07-22T09:38:02+00:00","og_image":[{"width":1920,"height":400,"url":"https:\/\/www.internationaled.com\/wp-content\/uploads\/2015\/10\/fondo_group_winter_short_term-_programs.jpg","type":"image\/jpeg"}],"twitter_card":"summary_large_image","twitter_misc":{"Est. reading time":"1 minute"},"schema":{"@context":"https:\/\/schema.org","@graph":[{"@type":"WebPage","@id":"https:\/\/www.internationaled.com\/vi\/programs\/group-winter-short-term-programs\/","url":"https:\/\/www.internationaled.com\/vi\/programs\/group-winter-short-term-programs\/","name":"Ch\u01b0\u01a1ng Tr\u00ecnh ESL v\u00e0 V\u0103n H\u00f3a M\u00f9a \u0110\u00f4ng - Coquitlam School District 43","isPartOf":{"@id":"https:\/\/www.internationaled.com\/ar\/#website"},"primaryImageOfPage":{"@id":"https:\/\/www.internationaled.com\/vi\/programs\/group-winter-short-term-programs\/#primaryimage"},"image":{"@id":"https:\/\/www.internationaled.com\/vi\/programs\/group-winter-short-term-programs\/#primaryimage"},"thumbnailUrl":"https:\/\/cdn.internationaled.com\/wp-content\/uploads\/2015\/10\/fondo_group_winter_short_term-_programs.jpg","datePublished":"2015-10-27T16:21:17+00:00","dateModified":"2016-07-22T09:38:02+00:00","breadcrumb":{"@id":"https:\/\/www.internationaled.com\/vi\/programs\/group-winter-short-term-programs\/#breadcrumb"},"inLanguage":"vi","potentialAction":[{"@type":"ReadAction","target":["https:\/\/www.internationaled.com\/vi\/programs\/group-winter-short-term-programs\/"]}]},{"@type":"ImageObject","inLanguage":"vi","@id":"https:\/\/www.internationaled.com\/vi\/programs\/group-winter-short-term-programs\/#primaryimage","url":"https:\/\/cdn.internationaled.com\/wp-content\/uploads\/2015\/10\/fondo_group_winter_short_term-_programs.jpg","contentUrl":"https:\/\/cdn.internationaled.com\/wp-content\/uploads\/2015\/10\/fondo_group_winter_short_term-_programs.jpg","width":1920,"height":400},{"@type":"BreadcrumbList","@id":"https:\/\/www.internationaled.com\/vi\/programs\/group-winter-short-term-programs\/#breadcrumb","itemListElement":[{"@type":"ListItem","position":1,"name":"Home","item":"https:\/\/www.internationaled.com\/vi\/"},{"@type":"ListItem","position":2,"name":"C\u00e1c Ch\u01b0\u01a1ng Tr\u00ecnh","item":"https:\/\/www.internationaled.com\/vi\/programs\/"},{"@type":"ListItem","position":3,"name":"Ch\u01b0\u01a1ng Tr\u00ecnh ESL v\u00e0 V\u0103n H\u00f3a M\u00f9a \u0110\u00f4ng"}]},{"@type":"WebSite","@id":"https:\/\/www.internationaled.com\/ar\/#website","url":"https:\/\/www.internationaled.com\/ar\/","name":"Coquitlam School District 43","description":"Learning for a Lifetime","potentialAction":[{"@type":"SearchAction","target":{"@type":"EntryPoint","urlTemplate":"https:\/\/www.internationaled.com\/ar\/?s={search_term_string}"},"query-input":{"@type":"PropertyValueSpecification","valueRequired":true,"valueName":"search_term_string"}}],"inLanguage":"vi"}]}},"_links":{"self":[{"href":"https:\/\/www.internationaled.com\/vi\/wp-json\/wp\/v2\/pages\/3501","targetHints":{"allow":["GET"]}}],"collection":[{"href":"https:\/\/www.internationaled.com\/vi\/wp-json\/wp\/v2\/pages"}],"about":[{"href":"https:\/\/www.internationaled.com\/vi\/wp-json\/wp\/v2\/types\/page"}],"author":[{"embeddable":true,"href":"https:\/\/www.internationaled.com\/vi\/wp-json\/wp\/v2\/users\/14"}],"replies":[{"embeddable":true,"href":"https:\/\/www.internationaled.com\/vi\/wp-json\/wp\/v2\/comments?post=3501"}],"version-history":[{"count":1,"href":"https:\/\/www.internationaled.com\/vi\/wp-json\/wp\/v2\/pages\/3501\/revisions"}],"predecessor-version":[{"id":3665,"href":"https:\/\/www.internationaled.com\/vi\/wp-json\/wp\/v2\/pages\/3501\/revisions\/3665"}],"up":[{"embeddable":true,"href":"https:\/\/www.internationaled.com\/vi\/wp-json\/wp\/v2\/pages\/3500"}],"wp:featuredmedia":[{"embeddable":true,"href":"https:\/\/www.internationaled.com\/vi\/wp-json\/wp\/v2\/media\/315"}],"wp:attachment":[{"href":"https:\/\/www.internationaled.com\/vi\/wp-json\/wp\/v2\/media?parent=3501"}],"curies":[{"name":"wp","href":"https:\/\/api.w.org\/{rel}","templated":true}]}}