{"id":3502,"date":"2015-10-27T16:20:17","date_gmt":"2015-10-27T16:20:17","guid":{"rendered":"http:\/\/internationaled.com\/programs\/long-short-term-programs\/?lang=vi"},"modified":"2016-07-22T09:47:18","modified_gmt":"2016-07-22T09:47:18","slug":"long-short-term-programs","status":"publish","type":"page","link":"https:\/\/www.internationaled.com\/vi\/programs\/long-short-term-programs\/","title":{"rendered":"C\u00e1c Ch\u01b0\u01a1ng Tr\u00ecnh D\u00e0i H\u1ea1n v\u00e0 Ng\u1eafn H\u1ea1n"},"content":{"rendered":"<p>Ch\u00fang t\u00f4i \u0111\u00e3 thi\u1ebft k\u1ebf c\u00e1c ch\u01b0\u01a1ng tr\u00ecnh c\u1ee7a m\u00ecnh \u0111\u1ec3 \u0111\u00e1p \u1ee9ng c\u00e1c nhu c\u1ea7u c\u1ee7a du h\u1ecdc sinh ch\u00fang t\u00f4i, trong \u0111\u00f3 c\u00f3 c\u00e1c l\u1ef1a ch\u1ecdn m\u00e0 s\u1ebd th\u1ecfa m\u00e3n kh\u00e1t v\u1ecdng h\u1ecdc h\u1ecfi c\u1ee7a h\u1ecd.<\/p>\n<h3 class=\"blue\">C\u00e1c Ch\u01b0\u01a1ng Tr\u00ecnh D\u00e0i H\u1ea1n<\/h3>\n<p><strong>Ch\u01b0\u01a1ng Tr\u00ecnh Tr\u1ecdn N\u0103m cho L\u1edbp M\u1eabu Gi\u00e1o \u0111\u1ebfn L\u1edbp 12<\/strong><\/p>\n<ul>\n<li>Ch\u01b0\u01a1ng tr\u00ecnh ph\u1ed5 bi\u1ebfn nh\u1ea5t c\u1ee7a ch\u00fang t\u00f4i<\/li>\n<\/ul>\n<p><strong>C\u00e1c Ch\u01b0\u01a1ng Tr\u00ecnh N\u1eeda N\u0103m<\/strong><\/p>\n<ul>\n<li>Trung H\u1ecdc \u2013 B\u1eaft \u0111\u1ea7u v\u00e0o th\u00e1ng Hai (h\u1ecdc k\u1ef3 5 th\u00e1ng)<\/li>\n<li>Trung H\u1ecdc C\u01a1 S\u1edf v\u00e0 Ti\u1ec3u H\u1ecdc &#8211; B\u1eaft \u0111\u1ea7u v\u00e0o th\u00e1ng Gi\u00eang<\/li>\n<\/ul>\n<h3 class=\"blue\">C\u00e1c Ch\u01b0\u01a1ng Tr\u00ecnh Ng\u1eafn H\u1ea1n<\/h3>\n<p><strong>M\u00f9a h\u00e8 Chuy\u00ean s\u00e2u ti\u1ebfng Anh v\u00e0 ch\u01b0\u01a1ng tr\u00ecnh v\u0103n h\u00f3a<\/strong><\/p>\n<ul>\n<li>M\u00f9a H\u00e8: Th\u00e1ng B\u00e0y v\u00e0 th\u00e1ng T\u00e1m\n<ul>\n<li>C\u00e1c Ch\u01b0\u01a1ng Tr\u00ecnh H\u00e0ng Tu\u1ea7n<\/li>\n<li>C\u00f3 c\u00e1c l\u1ef1a ch\u1ecdn 1 &#8211; 8 tu\u1ea7n<\/li>\n<li>C\u00f3 c\u00e1c ch\u01b0\u01a1ng tr\u00ecnh nh\u00f3m theo \u00fd kh\u00e1ch h\u00e0ng<\/li>\n<\/ul>\n<\/li>\n<\/ul>\n","protected":false},"excerpt":{"rendered":"<p>Ch\u00fang t\u00f4i \u0111\u00e3 thi\u1ebft k\u1ebf c\u00e1c ch\u01b0\u01a1ng tr\u00ecnh c\u1ee7a m\u00ecnh \u0111\u1ec3 \u0111\u00e1p \u1ee9ng c\u00e1c nhu c\u1ea7u c\u1ee7a du h\u1ecdc sinh ch\u00fang t\u00f4i, trong \u0111\u00f3 c\u00f3 c\u00e1c l\u1ef1a ch\u1ecdn m\u00e0 s\u1ebd th\u1ecfa m\u00e3n kh\u00e1t v\u1ecdng h\u1ecdc h\u1ecfi c\u1ee7a h\u1ecd. C\u00e1c Ch\u01b0\u01a1ng Tr\u00ecnh D\u00e0i H\u1ea1n Ch\u01b0\u01a1ng Tr\u00ecnh Tr\u1ecdn N\u0103m cho L\u1edbp M\u1eabu Gi\u00e1o \u0111\u1ebfn L\u1edbp 12 Ch\u01b0\u01a1ng &hellip; <a href=\"https:\/\/www.internationaled.com\/vi\/programs\/long-short-term-programs\/\" class=\"more-link\">Continue reading <span class=\"screen-reader-text\">C\u00e1c Ch\u01b0\u01a1ng Tr\u00ecnh D\u00e0i H\u1ea1n v\u00e0 Ng\u1eafn H\u1ea1n<\/span> <span class=\"meta-nav\">&rarr;<\/span><\/a><\/p>\n","protected":false},"author":14,"featured_media":334,"parent":3500,"menu_order":1,"comment_status":"closed","ping_status":"closed","template":"page-standard.php","meta":{"footnotes":""},"class_list":["post-3502","page","type-page","status-publish","has-post-thumbnail","hentry"],"yoast_head":"<!-- This site is optimized with the Yoast SEO plugin v27.4 - https:\/\/yoast.com\/product\/yoast-seo-wordpress\/ -->\n<title>C\u00e1c Ch\u01b0\u01a1ng Tr\u00ecnh D\u00e0i H\u1ea1n v\u00e0 Ng\u1eafn H\u1ea1n - Coquitlam School District 43<\/title>\n<meta name=\"robots\" content=\"index, follow, max-snippet:-1, max-image-preview:large, max-video-preview:-1\" \/>\n<link rel=\"canonical\" href=\"https:\/\/www.internationaled.com\/vi\/programs\/long-short-term-programs\/\" \/>\n<meta property=\"og:locale\" content=\"vi_VN\" \/>\n<meta property=\"og:type\" content=\"article\" \/>\n<meta property=\"og:title\" content=\"C\u00e1c Ch\u01b0\u01a1ng Tr\u00ecnh D\u00e0i H\u1ea1n v\u00e0 Ng\u1eafn H\u1ea1n - Coquitlam School District 43\" \/>\n<meta property=\"og:description\" content=\"Ch\u00fang t\u00f4i \u0111\u00e3 thi\u1ebft k\u1ebf c\u00e1c ch\u01b0\u01a1ng tr\u00ecnh c\u1ee7a m\u00ecnh \u0111\u1ec3 \u0111\u00e1p \u1ee9ng c\u00e1c nhu c\u1ea7u c\u1ee7a du h\u1ecdc sinh ch\u00fang t\u00f4i, trong \u0111\u00f3 c\u00f3 c\u00e1c l\u1ef1a ch\u1ecdn m\u00e0 s\u1ebd th\u1ecfa m\u00e3n kh\u00e1t v\u1ecdng h\u1ecdc h\u1ecfi c\u1ee7a h\u1ecd. C\u00e1c Ch\u01b0\u01a1ng Tr\u00ecnh D\u00e0i H\u1ea1n Ch\u01b0\u01a1ng Tr\u00ecnh Tr\u1ecdn N\u0103m cho L\u1edbp M\u1eabu Gi\u00e1o \u0111\u1ebfn L\u1edbp 12 Ch\u01b0\u01a1ng &hellip; Continue reading C\u00e1c Ch\u01b0\u01a1ng Tr\u00ecnh D\u00e0i H\u1ea1n v\u00e0 Ng\u1eafn H\u1ea1n &rarr;\" \/>\n<meta property=\"og:url\" content=\"https:\/\/www.internationaled.com\/vi\/programs\/long-short-term-programs\/\" \/>\n<meta property=\"og:site_name\" content=\"Coquitlam School District 43\" \/>\n<meta property=\"article:modified_time\" content=\"2016-07-22T09:47:18+00:00\" \/>\n<meta property=\"og:image\" content=\"https:\/\/www.internationaled.com\/wp-content\/uploads\/2015\/10\/fondo_long.jpg\" \/>\n\t<meta property=\"og:image:width\" content=\"1920\" \/>\n\t<meta property=\"og:image:height\" content=\"400\" \/>\n\t<meta property=\"og:image:type\" content=\"image\/jpeg\" \/>\n<meta name=\"twitter:card\" content=\"summary_large_image\" \/>\n<meta name=\"twitter:label1\" content=\"Est. reading time\" \/>\n\t<meta name=\"twitter:data1\" content=\"1 minute\" \/>\n<script type=\"application\/ld+json\" class=\"yoast-schema-graph\">{\"@context\":\"https:\\\/\\\/schema.org\",\"@graph\":[{\"@type\":\"WebPage\",\"@id\":\"https:\\\/\\\/www.internationaled.com\\\/vi\\\/programs\\\/long-short-term-programs\\\/\",\"url\":\"https:\\\/\\\/www.internationaled.com\\\/vi\\\/programs\\\/long-short-term-programs\\\/\",\"name\":\"C\u00e1c Ch\u01b0\u01a1ng Tr\u00ecnh D\u00e0i H\u1ea1n v\u00e0 Ng\u1eafn H\u1ea1n - Coquitlam School District 43\",\"isPartOf\":{\"@id\":\"https:\\\/\\\/www.internationaled.com\\\/ar\\\/#website\"},\"primaryImageOfPage\":{\"@id\":\"https:\\\/\\\/www.internationaled.com\\\/vi\\\/programs\\\/long-short-term-programs\\\/#primaryimage\"},\"image\":{\"@id\":\"https:\\\/\\\/www.internationaled.com\\\/vi\\\/programs\\\/long-short-term-programs\\\/#primaryimage\"},\"thumbnailUrl\":\"https:\\\/\\\/cdn.internationaled.com\\\/wp-content\\\/uploads\\\/2015\\\/10\\\/fondo_long.jpg\",\"datePublished\":\"2015-10-27T16:20:17+00:00\",\"dateModified\":\"2016-07-22T09:47:18+00:00\",\"breadcrumb\":{\"@id\":\"https:\\\/\\\/www.internationaled.com\\\/vi\\\/programs\\\/long-short-term-programs\\\/#breadcrumb\"},\"inLanguage\":\"vi\",\"potentialAction\":[{\"@type\":\"ReadAction\",\"target\":[\"https:\\\/\\\/www.internationaled.com\\\/vi\\\/programs\\\/long-short-term-programs\\\/\"]}]},{\"@type\":\"ImageObject\",\"inLanguage\":\"vi\",\"@id\":\"https:\\\/\\\/www.internationaled.com\\\/vi\\\/programs\\\/long-short-term-programs\\\/#primaryimage\",\"url\":\"https:\\\/\\\/cdn.internationaled.com\\\/wp-content\\\/uploads\\\/2015\\\/10\\\/fondo_long.jpg\",\"contentUrl\":\"https:\\\/\\\/cdn.internationaled.com\\\/wp-content\\\/uploads\\\/2015\\\/10\\\/fondo_long.jpg\",\"width\":1920,\"height\":400},{\"@type\":\"BreadcrumbList\",\"@id\":\"https:\\\/\\\/www.internationaled.com\\\/vi\\\/programs\\\/long-short-term-programs\\\/#breadcrumb\",\"itemListElement\":[{\"@type\":\"ListItem\",\"position\":1,\"name\":\"Home\",\"item\":\"https:\\\/\\\/www.internationaled.com\\\/vi\\\/\"},{\"@type\":\"ListItem\",\"position\":2,\"name\":\"C\u00e1c Ch\u01b0\u01a1ng Tr\u00ecnh\",\"item\":\"https:\\\/\\\/www.internationaled.com\\\/vi\\\/programs\\\/\"},{\"@type\":\"ListItem\",\"position\":3,\"name\":\"C\u00e1c Ch\u01b0\u01a1ng Tr\u00ecnh D\u00e0i H\u1ea1n v\u00e0 Ng\u1eafn H\u1ea1n\"}]},{\"@type\":\"WebSite\",\"@id\":\"https:\\\/\\\/www.internationaled.com\\\/ar\\\/#website\",\"url\":\"https:\\\/\\\/www.internationaled.com\\\/ar\\\/\",\"name\":\"Coquitlam School District 43\",\"description\":\"Learning for a Lifetime\",\"potentialAction\":[{\"@type\":\"SearchAction\",\"target\":{\"@type\":\"EntryPoint\",\"urlTemplate\":\"https:\\\/\\\/www.internationaled.com\\\/ar\\\/?s={search_term_string}\"},\"query-input\":{\"@type\":\"PropertyValueSpecification\",\"valueRequired\":true,\"valueName\":\"search_term_string\"}}],\"inLanguage\":\"vi\"}]}<\/script>\n<!-- \/ Yoast SEO plugin. -->","yoast_head_json":{"title":"C\u00e1c Ch\u01b0\u01a1ng Tr\u00ecnh D\u00e0i H\u1ea1n v\u00e0 Ng\u1eafn H\u1ea1n - Coquitlam School District 43","robots":{"index":"index","follow":"follow","max-snippet":"max-snippet:-1","max-image-preview":"max-image-preview:large","max-video-preview":"max-video-preview:-1"},"canonical":"https:\/\/www.internationaled.com\/vi\/programs\/long-short-term-programs\/","og_locale":"vi_VN","og_type":"article","og_title":"C\u00e1c Ch\u01b0\u01a1ng Tr\u00ecnh D\u00e0i H\u1ea1n v\u00e0 Ng\u1eafn H\u1ea1n - Coquitlam School District 43","og_description":"Ch\u00fang t\u00f4i \u0111\u00e3 thi\u1ebft k\u1ebf c\u00e1c ch\u01b0\u01a1ng tr\u00ecnh c\u1ee7a m\u00ecnh \u0111\u1ec3 \u0111\u00e1p \u1ee9ng c\u00e1c nhu c\u1ea7u c\u1ee7a du h\u1ecdc sinh ch\u00fang t\u00f4i, trong \u0111\u00f3 c\u00f3 c\u00e1c l\u1ef1a ch\u1ecdn m\u00e0 s\u1ebd th\u1ecfa m\u00e3n kh\u00e1t v\u1ecdng h\u1ecdc h\u1ecfi c\u1ee7a h\u1ecd. C\u00e1c Ch\u01b0\u01a1ng Tr\u00ecnh D\u00e0i H\u1ea1n Ch\u01b0\u01a1ng Tr\u00ecnh Tr\u1ecdn N\u0103m cho L\u1edbp M\u1eabu Gi\u00e1o \u0111\u1ebfn L\u1edbp 12 Ch\u01b0\u01a1ng &hellip; Continue reading C\u00e1c Ch\u01b0\u01a1ng Tr\u00ecnh D\u00e0i H\u1ea1n v\u00e0 Ng\u1eafn H\u1ea1n &rarr;","og_url":"https:\/\/www.internationaled.com\/vi\/programs\/long-short-term-programs\/","og_site_name":"Coquitlam School District 43","article_modified_time":"2016-07-22T09:47:18+00:00","og_image":[{"width":1920,"height":400,"url":"https:\/\/www.internationaled.com\/wp-content\/uploads\/2015\/10\/fondo_long.jpg","type":"image\/jpeg"}],"twitter_card":"summary_large_image","twitter_misc":{"Est. reading time":"1 minute"},"schema":{"@context":"https:\/\/schema.org","@graph":[{"@type":"WebPage","@id":"https:\/\/www.internationaled.com\/vi\/programs\/long-short-term-programs\/","url":"https:\/\/www.internationaled.com\/vi\/programs\/long-short-term-programs\/","name":"C\u00e1c Ch\u01b0\u01a1ng Tr\u00ecnh D\u00e0i H\u1ea1n v\u00e0 Ng\u1eafn H\u1ea1n - Coquitlam School District 43","isPartOf":{"@id":"https:\/\/www.internationaled.com\/ar\/#website"},"primaryImageOfPage":{"@id":"https:\/\/www.internationaled.com\/vi\/programs\/long-short-term-programs\/#primaryimage"},"image":{"@id":"https:\/\/www.internationaled.com\/vi\/programs\/long-short-term-programs\/#primaryimage"},"thumbnailUrl":"https:\/\/cdn.internationaled.com\/wp-content\/uploads\/2015\/10\/fondo_long.jpg","datePublished":"2015-10-27T16:20:17+00:00","dateModified":"2016-07-22T09:47:18+00:00","breadcrumb":{"@id":"https:\/\/www.internationaled.com\/vi\/programs\/long-short-term-programs\/#breadcrumb"},"inLanguage":"vi","potentialAction":[{"@type":"ReadAction","target":["https:\/\/www.internationaled.com\/vi\/programs\/long-short-term-programs\/"]}]},{"@type":"ImageObject","inLanguage":"vi","@id":"https:\/\/www.internationaled.com\/vi\/programs\/long-short-term-programs\/#primaryimage","url":"https:\/\/cdn.internationaled.com\/wp-content\/uploads\/2015\/10\/fondo_long.jpg","contentUrl":"https:\/\/cdn.internationaled.com\/wp-content\/uploads\/2015\/10\/fondo_long.jpg","width":1920,"height":400},{"@type":"BreadcrumbList","@id":"https:\/\/www.internationaled.com\/vi\/programs\/long-short-term-programs\/#breadcrumb","itemListElement":[{"@type":"ListItem","position":1,"name":"Home","item":"https:\/\/www.internationaled.com\/vi\/"},{"@type":"ListItem","position":2,"name":"C\u00e1c Ch\u01b0\u01a1ng Tr\u00ecnh","item":"https:\/\/www.internationaled.com\/vi\/programs\/"},{"@type":"ListItem","position":3,"name":"C\u00e1c Ch\u01b0\u01a1ng Tr\u00ecnh D\u00e0i H\u1ea1n v\u00e0 Ng\u1eafn H\u1ea1n"}]},{"@type":"WebSite","@id":"https:\/\/www.internationaled.com\/ar\/#website","url":"https:\/\/www.internationaled.com\/ar\/","name":"Coquitlam School District 43","description":"Learning for a Lifetime","potentialAction":[{"@type":"SearchAction","target":{"@type":"EntryPoint","urlTemplate":"https:\/\/www.internationaled.com\/ar\/?s={search_term_string}"},"query-input":{"@type":"PropertyValueSpecification","valueRequired":true,"valueName":"search_term_string"}}],"inLanguage":"vi"}]}},"_links":{"self":[{"href":"https:\/\/www.internationaled.com\/vi\/wp-json\/wp\/v2\/pages\/3502","targetHints":{"allow":["GET"]}}],"collection":[{"href":"https:\/\/www.internationaled.com\/vi\/wp-json\/wp\/v2\/pages"}],"about":[{"href":"https:\/\/www.internationaled.com\/vi\/wp-json\/wp\/v2\/types\/page"}],"author":[{"embeddable":true,"href":"https:\/\/www.internationaled.com\/vi\/wp-json\/wp\/v2\/users\/14"}],"replies":[{"embeddable":true,"href":"https:\/\/www.internationaled.com\/vi\/wp-json\/wp\/v2\/comments?post=3502"}],"version-history":[{"count":1,"href":"https:\/\/www.internationaled.com\/vi\/wp-json\/wp\/v2\/pages\/3502\/revisions"}],"predecessor-version":[{"id":3666,"href":"https:\/\/www.internationaled.com\/vi\/wp-json\/wp\/v2\/pages\/3502\/revisions\/3666"}],"up":[{"embeddable":true,"href":"https:\/\/www.internationaled.com\/vi\/wp-json\/wp\/v2\/pages\/3500"}],"wp:featuredmedia":[{"embeddable":true,"href":"https:\/\/www.internationaled.com\/vi\/wp-json\/wp\/v2\/media\/334"}],"wp:attachment":[{"href":"https:\/\/www.internationaled.com\/vi\/wp-json\/wp\/v2\/media?parent=3502"}],"curies":[{"name":"wp","href":"https:\/\/api.w.org\/{rel}","templated":true}]}}