{"id":3503,"date":"2015-10-27T16:20:37","date_gmt":"2015-10-27T16:20:37","guid":{"rendered":"http:\/\/internationaled.com\/programs\/academic-year\/?lang=vi"},"modified":"2019-01-31T20:44:35","modified_gmt":"2019-01-31T20:44:35","slug":"academic-year","status":"publish","type":"page","link":"https:\/\/www.internationaled.com\/vi\/programs\/academic-year\/","title":{"rendered":"Ni\u00ean H\u1ecdc"},"content":{"rendered":"<p>Khu H\u1ecdc Ch\u00e1nh Coquitlam cung c\u1ea5p cho Sinh Vi\u00ean Qu\u1ed1c T\u1ebf c\u00e1c ch\u01b0\u01a1ng tr\u00ecnh h\u1ecdc to\u00e0n th\u1eddi gian \u1edf c\u00e1c c\u1ea5p Ti\u1ec3u H\u1ecdc, Trung H\u1ecdc v\u00e0 Trung H\u1ecdc. N\u0103m h\u1ecdc b\u1eaft \u0111\u1ea7u v\u00e0o th\u00e1ng Ch\u00edn v\u00e0 k\u00e9o d\u00e0i cho t\u1edbi cu\u1ed1i th\u00e1ng 6. M\u1ed9t ng\u00e0y nh\u1eadp h\u1ecdc th\u1ee9 hai c\u1ee7a th\u00e1ng M\u1ed9t d\u00e0nh cho h\u1ecdc sinh ti\u1ec3u h\u1ecdc v\u00e0 trung h\u1ecdc. H\u1ecdc sinh trung h\u1ecdc c\u00f3 th\u1ec3 b\u1eaft \u0111\u1ea7u v\u00e0o th\u00e1ng Hai<\/p>\n<p>Ch\u01b0\u01a1ng tr\u00ecnh Trung h\u1ecdc c\u1ee7a ch\u00fang t\u00f4i bao g\u1ed3m hai h\u1ecdc k\u1ef3 5 th\u00e1ng b\u1eaft \u0111\u1ea7u t\u1eeb th\u00e1ng Ch\u00edn \u0111\u1ebfn cu\u1ed1i th\u00e1ng Gi\u00eang v\u00e0 \u0111\u1ea7u th\u00e1ng Hai \u0111\u1ebfn cu\u1ed1i th\u00e1ng S\u00e1u. L\u1ec7 ph\u00ed Ch\u01b0\u01a1ng tr\u00ecnh cho m\u1ed9t n\u0103m h\u1ecdc \u0111\u1ea7y \u0111\u1ee7 l\u00e0 $ 16,500 k\u1ec3 c\u1ea3 b\u1ea3o hi\u1ec3m y t\u1ebf.<\/p>\n<p>C\u00e1c ch\u01b0\u01a1ng tr\u00ecnh Ti\u1ec3u H\u1ecdc v\u00e0 Trung H\u1ecdc c\u1ee7a ch\u00fang t\u00f4i cung c\u1ea5p ch\u01b0\u01a1ng tr\u00ecnh h\u1ecdc 10 th\u00e1ng t\u1eeb M\u1eabu Gi\u00e1o \u0111\u1ebfn L\u1edbp 8 cho H\u1ecdc Sinh Qu\u1ed1c T\u1ebf b\u1eaft \u0111\u1ea7u t\u1eeb \u0111\u1ea7u th\u00e1ng Ch\u00edn \u0111\u1ebfn cu\u1ed1i th\u00e1ng S\u00e1u. M\u1ed9t l\u1ea7n n\u1eefa, sinh vi\u00ean qu\u1ed1c t\u1ebf c\u00f3 th\u1ec3 l\u1ef1a ch\u1ecdn b\u1eaft \u0111\u1ea7u sau \u0111\u00f3 nh\u01b0ng s\u1ebd \u0111\u01b0\u1ee3c x\u1ebfp l\u1edbp hi\u1ec7n t\u1ea1i v\u00ec kh\u00f4ng gian cho ph\u00e9p. L\u1ec7 ph\u00ed Ch\u01b0\u01a1ng tr\u00ecnh cho m\u1ed9t n\u0103m h\u1ecdc \u0111\u1ea7y \u0111\u1ee7 l\u00e0 $ 16,500 k\u1ec3 c\u1ea3 b\u1ea3o hi\u1ec3m y t\u1ebf.<\/p>\n<p>&nbsp;<\/p>\n<h3 class=\"blue\">Ti\u1ebfn Tr\u00ecnh Xin T\u00e1i Ghi Danh Ch\u01b0\u01a1ng Tr\u00ecnh Qu\u1ed1c T\u1ebf<\/h3>\n<p>1. \u0110i\u1ec1n v\u00e0o m\u1ea9u t\u00e1i ghi danh, k\u00fd ngay t\u1ea1i tr\u01b0\u1eddng v\u00e0 n\u1ed9p cho v\u0103n ph\u00f2ng Gi\u00e1o D\u1ee5c Qu\u1ed1c T\u1ebf b\u1ea5t k\u1ec3 qu\u00fd v\u1ecb c\u00f3 xin t\u00e1i ghi danh hay kh\u00f4ng.<\/p>\n<p>2. Xin tr\u1ea3 h\u1ecdc ph\u00ed v\u00e0 ph\u00ed y t\u1ebf \u0111\u00fang h\u1ea1n cho v\u0103n ph\u00f2ng Gi\u00e1o D\u1ee5c Qu\u1ed1c T\u1ebf (15\/5 v\u00e0 15\/11). V\u0103n ph\u00f2ng Gi\u00e1o D\u1ee5c Qu\u1ed1c T\u1ebf s\u1ebd c\u1ea5p bi\u00ean nh\u1eadn v\u00e0 V\u0103n th\u01b0 T\u00e1i Ch\u1ea5p Nh\u1eadn trong v\u00f2ng 2 ng\u00e0y c\u00f4ng s\u1edf l\u00e0m vi\u1ec7c.<\/p>\n<p>3. Xin nh\u1edb gia h\u1ea1n ph\u00e9p du h\u1ecdc c\u1ee7a qu\u00fd v\u1ecb 2-3 th\u00e1ng tr\u01b0\u1edbc ng\u00e0y h\u1ebft h\u1ea1n.<\/p>\n","protected":false},"excerpt":{"rendered":"<p>Khu H\u1ecdc Ch\u00e1nh Coquitlam cung c\u1ea5p cho Sinh Vi\u00ean Qu\u1ed1c T\u1ebf c\u00e1c ch\u01b0\u01a1ng tr\u00ecnh h\u1ecdc to\u00e0n th\u1eddi gian \u1edf c\u00e1c c\u1ea5p Ti\u1ec3u H\u1ecdc, Trung H\u1ecdc v\u00e0 Trung H\u1ecdc. N\u0103m h\u1ecdc b\u1eaft \u0111\u1ea7u v\u00e0o th\u00e1ng Ch\u00edn v\u00e0 k\u00e9o d\u00e0i cho t\u1edbi cu\u1ed1i th\u00e1ng 6. M\u1ed9t ng\u00e0y nh\u1eadp h\u1ecdc th\u1ee9 hai c\u1ee7a th\u00e1ng M\u1ed9t d\u00e0nh cho h\u1ecdc &hellip; <a href=\"https:\/\/www.internationaled.com\/vi\/programs\/academic-year\/\" class=\"more-link\">Continue reading <span class=\"screen-reader-text\">Ni\u00ean H\u1ecdc<\/span> <span class=\"meta-nav\">&rarr;<\/span><\/a><\/p>\n","protected":false},"author":14,"featured_media":335,"parent":3500,"menu_order":2,"comment_status":"closed","ping_status":"closed","template":"page-standard.php","meta":{"footnotes":""},"class_list":["post-3503","page","type-page","status-publish","has-post-thumbnail","hentry"],"yoast_head":"<!-- This site is optimized with the Yoast SEO plugin v27.3 - https:\/\/yoast.com\/product\/yoast-seo-wordpress\/ -->\n<title>Ni\u00ean H\u1ecdc - Coquitlam School District 43<\/title>\n<meta name=\"robots\" content=\"index, follow, max-snippet:-1, max-image-preview:large, max-video-preview:-1\" \/>\n<link rel=\"canonical\" href=\"https:\/\/www.internationaled.com\/vi\/programs\/academic-year\/\" \/>\n<meta property=\"og:locale\" content=\"vi_VN\" \/>\n<meta property=\"og:type\" content=\"article\" \/>\n<meta property=\"og:title\" content=\"Ni\u00ean H\u1ecdc - Coquitlam School District 43\" \/>\n<meta property=\"og:description\" content=\"Khu H\u1ecdc Ch\u00e1nh Coquitlam cung c\u1ea5p cho Sinh Vi\u00ean Qu\u1ed1c T\u1ebf c\u00e1c ch\u01b0\u01a1ng tr\u00ecnh h\u1ecdc to\u00e0n th\u1eddi gian \u1edf c\u00e1c c\u1ea5p Ti\u1ec3u H\u1ecdc, Trung H\u1ecdc v\u00e0 Trung H\u1ecdc. N\u0103m h\u1ecdc b\u1eaft \u0111\u1ea7u v\u00e0o th\u00e1ng Ch\u00edn v\u00e0 k\u00e9o d\u00e0i cho t\u1edbi cu\u1ed1i th\u00e1ng 6. M\u1ed9t ng\u00e0y nh\u1eadp h\u1ecdc th\u1ee9 hai c\u1ee7a th\u00e1ng M\u1ed9t d\u00e0nh cho h\u1ecdc &hellip; Continue reading Ni\u00ean H\u1ecdc &rarr;\" \/>\n<meta property=\"og:url\" content=\"https:\/\/www.internationaled.com\/vi\/programs\/academic-year\/\" \/>\n<meta property=\"og:site_name\" content=\"Coquitlam School District 43\" \/>\n<meta property=\"article:modified_time\" content=\"2019-01-31T20:44:35+00:00\" \/>\n<meta property=\"og:image\" content=\"https:\/\/www.internationaled.com\/wp-content\/uploads\/2015\/10\/fondo_year.jpg\" \/>\n\t<meta property=\"og:image:width\" content=\"1920\" \/>\n\t<meta property=\"og:image:height\" content=\"400\" \/>\n\t<meta property=\"og:image:type\" content=\"image\/jpeg\" \/>\n<meta name=\"twitter:card\" content=\"summary_large_image\" \/>\n<meta name=\"twitter:label1\" content=\"Est. reading time\" \/>\n\t<meta name=\"twitter:data1\" content=\"2 minutes\" \/>\n<script type=\"application\/ld+json\" class=\"yoast-schema-graph\">{\"@context\":\"https:\\\/\\\/schema.org\",\"@graph\":[{\"@type\":\"WebPage\",\"@id\":\"https:\\\/\\\/www.internationaled.com\\\/vi\\\/programs\\\/academic-year\\\/\",\"url\":\"https:\\\/\\\/www.internationaled.com\\\/vi\\\/programs\\\/academic-year\\\/\",\"name\":\"Ni\u00ean H\u1ecdc - Coquitlam School District 43\",\"isPartOf\":{\"@id\":\"https:\\\/\\\/www.internationaled.com\\\/ar\\\/#website\"},\"primaryImageOfPage\":{\"@id\":\"https:\\\/\\\/www.internationaled.com\\\/vi\\\/programs\\\/academic-year\\\/#primaryimage\"},\"image\":{\"@id\":\"https:\\\/\\\/www.internationaled.com\\\/vi\\\/programs\\\/academic-year\\\/#primaryimage\"},\"thumbnailUrl\":\"https:\\\/\\\/cdn.internationaled.com\\\/wp-content\\\/uploads\\\/2015\\\/10\\\/fondo_year.jpg\",\"datePublished\":\"2015-10-27T16:20:37+00:00\",\"dateModified\":\"2019-01-31T20:44:35+00:00\",\"breadcrumb\":{\"@id\":\"https:\\\/\\\/www.internationaled.com\\\/vi\\\/programs\\\/academic-year\\\/#breadcrumb\"},\"inLanguage\":\"vi\",\"potentialAction\":[{\"@type\":\"ReadAction\",\"target\":[\"https:\\\/\\\/www.internationaled.com\\\/vi\\\/programs\\\/academic-year\\\/\"]}]},{\"@type\":\"ImageObject\",\"inLanguage\":\"vi\",\"@id\":\"https:\\\/\\\/www.internationaled.com\\\/vi\\\/programs\\\/academic-year\\\/#primaryimage\",\"url\":\"https:\\\/\\\/cdn.internationaled.com\\\/wp-content\\\/uploads\\\/2015\\\/10\\\/fondo_year.jpg\",\"contentUrl\":\"https:\\\/\\\/cdn.internationaled.com\\\/wp-content\\\/uploads\\\/2015\\\/10\\\/fondo_year.jpg\",\"width\":1920,\"height\":400},{\"@type\":\"BreadcrumbList\",\"@id\":\"https:\\\/\\\/www.internationaled.com\\\/vi\\\/programs\\\/academic-year\\\/#breadcrumb\",\"itemListElement\":[{\"@type\":\"ListItem\",\"position\":1,\"name\":\"Home\",\"item\":\"https:\\\/\\\/www.internationaled.com\\\/vi\\\/\"},{\"@type\":\"ListItem\",\"position\":2,\"name\":\"C\u00e1c Ch\u01b0\u01a1ng Tr\u00ecnh\",\"item\":\"https:\\\/\\\/www.internationaled.com\\\/vi\\\/programs\\\/\"},{\"@type\":\"ListItem\",\"position\":3,\"name\":\"Ni\u00ean H\u1ecdc\"}]},{\"@type\":\"WebSite\",\"@id\":\"https:\\\/\\\/www.internationaled.com\\\/ar\\\/#website\",\"url\":\"https:\\\/\\\/www.internationaled.com\\\/ar\\\/\",\"name\":\"Coquitlam School District 43\",\"description\":\"Learning for a Lifetime\",\"potentialAction\":[{\"@type\":\"SearchAction\",\"target\":{\"@type\":\"EntryPoint\",\"urlTemplate\":\"https:\\\/\\\/www.internationaled.com\\\/ar\\\/?s={search_term_string}\"},\"query-input\":{\"@type\":\"PropertyValueSpecification\",\"valueRequired\":true,\"valueName\":\"search_term_string\"}}],\"inLanguage\":\"vi\"}]}<\/script>\n<!-- \/ Yoast SEO plugin. -->","yoast_head_json":{"title":"Ni\u00ean H\u1ecdc - Coquitlam School District 43","robots":{"index":"index","follow":"follow","max-snippet":"max-snippet:-1","max-image-preview":"max-image-preview:large","max-video-preview":"max-video-preview:-1"},"canonical":"https:\/\/www.internationaled.com\/vi\/programs\/academic-year\/","og_locale":"vi_VN","og_type":"article","og_title":"Ni\u00ean H\u1ecdc - Coquitlam School District 43","og_description":"Khu H\u1ecdc Ch\u00e1nh Coquitlam cung c\u1ea5p cho Sinh Vi\u00ean Qu\u1ed1c T\u1ebf c\u00e1c ch\u01b0\u01a1ng tr\u00ecnh h\u1ecdc to\u00e0n th\u1eddi gian \u1edf c\u00e1c c\u1ea5p Ti\u1ec3u H\u1ecdc, Trung H\u1ecdc v\u00e0 Trung H\u1ecdc. N\u0103m h\u1ecdc b\u1eaft \u0111\u1ea7u v\u00e0o th\u00e1ng Ch\u00edn v\u00e0 k\u00e9o d\u00e0i cho t\u1edbi cu\u1ed1i th\u00e1ng 6. M\u1ed9t ng\u00e0y nh\u1eadp h\u1ecdc th\u1ee9 hai c\u1ee7a th\u00e1ng M\u1ed9t d\u00e0nh cho h\u1ecdc &hellip; Continue reading Ni\u00ean H\u1ecdc &rarr;","og_url":"https:\/\/www.internationaled.com\/vi\/programs\/academic-year\/","og_site_name":"Coquitlam School District 43","article_modified_time":"2019-01-31T20:44:35+00:00","og_image":[{"width":1920,"height":400,"url":"https:\/\/www.internationaled.com\/wp-content\/uploads\/2015\/10\/fondo_year.jpg","type":"image\/jpeg"}],"twitter_card":"summary_large_image","twitter_misc":{"Est. reading time":"2 minutes"},"schema":{"@context":"https:\/\/schema.org","@graph":[{"@type":"WebPage","@id":"https:\/\/www.internationaled.com\/vi\/programs\/academic-year\/","url":"https:\/\/www.internationaled.com\/vi\/programs\/academic-year\/","name":"Ni\u00ean H\u1ecdc - Coquitlam School District 43","isPartOf":{"@id":"https:\/\/www.internationaled.com\/ar\/#website"},"primaryImageOfPage":{"@id":"https:\/\/www.internationaled.com\/vi\/programs\/academic-year\/#primaryimage"},"image":{"@id":"https:\/\/www.internationaled.com\/vi\/programs\/academic-year\/#primaryimage"},"thumbnailUrl":"https:\/\/cdn.internationaled.com\/wp-content\/uploads\/2015\/10\/fondo_year.jpg","datePublished":"2015-10-27T16:20:37+00:00","dateModified":"2019-01-31T20:44:35+00:00","breadcrumb":{"@id":"https:\/\/www.internationaled.com\/vi\/programs\/academic-year\/#breadcrumb"},"inLanguage":"vi","potentialAction":[{"@type":"ReadAction","target":["https:\/\/www.internationaled.com\/vi\/programs\/academic-year\/"]}]},{"@type":"ImageObject","inLanguage":"vi","@id":"https:\/\/www.internationaled.com\/vi\/programs\/academic-year\/#primaryimage","url":"https:\/\/cdn.internationaled.com\/wp-content\/uploads\/2015\/10\/fondo_year.jpg","contentUrl":"https:\/\/cdn.internationaled.com\/wp-content\/uploads\/2015\/10\/fondo_year.jpg","width":1920,"height":400},{"@type":"BreadcrumbList","@id":"https:\/\/www.internationaled.com\/vi\/programs\/academic-year\/#breadcrumb","itemListElement":[{"@type":"ListItem","position":1,"name":"Home","item":"https:\/\/www.internationaled.com\/vi\/"},{"@type":"ListItem","position":2,"name":"C\u00e1c Ch\u01b0\u01a1ng Tr\u00ecnh","item":"https:\/\/www.internationaled.com\/vi\/programs\/"},{"@type":"ListItem","position":3,"name":"Ni\u00ean H\u1ecdc"}]},{"@type":"WebSite","@id":"https:\/\/www.internationaled.com\/ar\/#website","url":"https:\/\/www.internationaled.com\/ar\/","name":"Coquitlam School District 43","description":"Learning for a Lifetime","potentialAction":[{"@type":"SearchAction","target":{"@type":"EntryPoint","urlTemplate":"https:\/\/www.internationaled.com\/ar\/?s={search_term_string}"},"query-input":{"@type":"PropertyValueSpecification","valueRequired":true,"valueName":"search_term_string"}}],"inLanguage":"vi"}]}},"_links":{"self":[{"href":"https:\/\/www.internationaled.com\/vi\/wp-json\/wp\/v2\/pages\/3503","targetHints":{"allow":["GET"]}}],"collection":[{"href":"https:\/\/www.internationaled.com\/vi\/wp-json\/wp\/v2\/pages"}],"about":[{"href":"https:\/\/www.internationaled.com\/vi\/wp-json\/wp\/v2\/types\/page"}],"author":[{"embeddable":true,"href":"https:\/\/www.internationaled.com\/vi\/wp-json\/wp\/v2\/users\/14"}],"replies":[{"embeddable":true,"href":"https:\/\/www.internationaled.com\/vi\/wp-json\/wp\/v2\/comments?post=3503"}],"version-history":[{"count":4,"href":"https:\/\/www.internationaled.com\/vi\/wp-json\/wp\/v2\/pages\/3503\/revisions"}],"predecessor-version":[{"id":5727,"href":"https:\/\/www.internationaled.com\/vi\/wp-json\/wp\/v2\/pages\/3503\/revisions\/5727"}],"up":[{"embeddable":true,"href":"https:\/\/www.internationaled.com\/vi\/wp-json\/wp\/v2\/pages\/3500"}],"wp:featuredmedia":[{"embeddable":true,"href":"https:\/\/www.internationaled.com\/vi\/wp-json\/wp\/v2\/media\/335"}],"wp:attachment":[{"href":"https:\/\/www.internationaled.com\/vi\/wp-json\/wp\/v2\/media?parent=3503"}],"curies":[{"name":"wp","href":"https:\/\/api.w.org\/{rel}","templated":true}]}}