{"id":3504,"date":"2015-10-27T16:20:56","date_gmt":"2015-10-27T16:20:56","guid":{"rendered":"http:\/\/internationaled.com\/programs\/summer-program\/?lang=vi"},"modified":"2023-03-06T19:50:46","modified_gmt":"2023-03-06T19:50:46","slug":"summer-program","status":"publish","type":"page","link":"https:\/\/www.internationaled.com\/vi\/programs\/summer-program\/","title":{"rendered":"Ch\u01b0\u01a1ng Tr\u00ecnh M\u00f9a H\u00e8"},"content":{"rendered":"<h3 class=\"blue\">ESL T\u0103ng C\u01b0\u1eddng ch\u1ec9 h\u1ecdc v\u00e0o Bu\u1ed5i sang<\/h3>\n<p>Ch\u01b0\u01a1ng tr\u00ecnh m\u1ed9t bu\u1ed5i n\u00e0y nh\u1ea5n m\u1ea1nh \u0111\u1ebfn c\u00e1c k\u1ef9 n\u0103ng n\u00f3i, nghe, \u0111\u1ecdc, ng\u1eef v\u1ef1ng v\u00e0 vi\u1ebft. Du h\u1ecdc sinh s\u1ebd tham gia v\u00e0o c\u00e1c ho\u1ea1t \u0111\u1ed9ng t\u1eadp trung v\u00e0o c\u00e1c \u0111\u1ec1 t\u00e0i nh\u01b0 Canada, c\u1ed9ng \u0111\u1ed3ng, m\u00f4i tr\u01b0\u1eddng v\u00e0 British Columbia. Du h\u1ecdc sinh \u0111\u01b0\u1ee3c \u0111\u00e1nh g\u00ed\u00e1 v\u00e0o l\u00fac b\u1eaft \u0111\u1ea7u m\u1ed7i ch\u01b0\u01a1ng tr\u00ecnh. Ngo\u00e0i ra, du h\u1ecdc sinh s\u1ebd \u0111\u01b0\u1ee3c tr\u1eafc nghi\u1ec7m h\u00e0ng tu\u1ea7n v\u00e0 s\u1ebd nh\u1eadn \u0111\u01b0\u1ee3c CH\u1ee8NG CH\u1ec8 HO\u00c0N T\u1ea4T KH\u00d3A H\u1eccC v\u00e0 Phi\u1ebfu B\u00e1o C\u00e1o v\u00e0o khi k\u1ebft th\u00fac ch\u01b0\u01a1ng tr\u00ecnh.<\/p>\n<h3 class=\"blue\"><strong>Th\u1eddi gian: 8 gi\u1edd 30 s\u00e1ng &#8211; 12 gi\u1edd tr\u01b0a<\/strong><\/h3>\n<h3 class=\"blue\">C\u00e1c Ho\u1ea1t \u0110\u1ed9ng V\u0103n H\u00f3a v\u00e0 Th\u1ec3 Thao v\u00e0o Bu\u1ed5i Chi\u1ec1u<\/h3>\n<h3 class=\"blue\"><img decoding=\"async\" class=\"left\" src=\"http:\/\/static.flickr.com\/94\/223847776_b1b51d7a8f_m.jpg\" alt=\"Students posing with RCMP Officers\" \/><\/h3>\n<p>Du h\u1ecdc sinh s\u1ebd c\u00f3 c\u01a1 h\u1ed9i tr\u1ea3i nghi\u1ec7m v\u0103n h\u00f3a Canada v\u00e0 s\u1eed d\u1ee5ng c\u00e1c k\u1ef9 n\u0103ng v\u1ec1 Anh ng\u1eef m\u1edbi h\u1ecdc \u0111\u01b0\u1ee3c b\u1eb1ng c\u00e1ch tham gia v\u00e0o c\u00e1c ho\u1ea1t \u0111\u1ed9ng nh\u00f3m v\u00e0 kh\u00e1m ph\u00e1 phong c\u1ea3nh xinh \u0111\u1eb9p c\u1ee7a v\u00f9ng Lower Mainland c\u1ee7a t\u1ec9nh bang British Columbia. Ch\u01b0\u01a1ng Tr\u00ecnh V\u0103n H\u00f3a Bu\u1ed5i Chi\u1ec1u g\u1ed3m nh\u1eefng ho\u1ea1t \u0111\u1ed9ng nh\u01b0 b\u01a1i l\u1ed9i, picnic, \u0111\u00e1nh golf, qu\u1ea7n v\u1ee3t, bowling, ch\u00e8o thuy\u1ec1n, \u0111i b\u1ed9 \u0111\u01b0\u1eddng d\u00e0i, c\u00e1c m\u00f4n th\u1ec3 thao \u0111\u1ed3ng \u0111\u1ed9i, l\u00e0m th\u1ee7 c\u00f4ng v\u00e0 c\u00e1c chuy\u1ebfn du ngo\u1ea1n b\u1eb1ng xe bu\u00fdt \u0111\u1ebfn c\u00e1c khu th\u1eafng c\u1ea3nh n\u1ed5i ti\u1ebfng nh\u01b0 <a href=\"http:\/\/www.seegastown.com\" target=\"blank\" rel=\"noopener\">Gastown<\/a>, <a href=\"http:\/\/www.seestanleypark.com\/\" target=\"blank\" rel=\"noopener\">C\u00f4ng Vi\u00ean Stanley<\/a>, <a href=\"http:\/\/www.vanaqua.org\" target=\"blank\" rel=\"noopener\">H\u1ed3 C\u00e1 Vancouver<\/a>, <a href=\"http:\/\/www.capbridge.com\" target=\"blank\" rel=\"noopener\">C\u1ea7u Treo Capilano<\/a>, <a href=\"http:\/\/www.ubc.ca\" target=\"blank\" rel=\"noopener\">\u0110\u1ea1i H\u1ecdc British Columbia<\/a>, <a href=\"http:\/\/www.moa.ubc.ca\" target=\"blank\" rel=\"noopener\">B\u1ea3o T\u00e0ng Nh\u00e2n Ch\u1ee7ng H\u1ecdc<\/a> v\u00e0 <a href=\"http:\/\/www.hrmacmillanspacecentre.com\/\" target=\"blank\" rel=\"noopener\">Trung T\u00e2m Kh\u00f4ng Gian H. R. MacMillan<\/a>.<\/p>\n<h3 class=\"blue\"><strong>Th\u1eddi gian: 12 gi\u1edd tr\u01b0a \u2013 4 gi\u1edd 30 chi\u1ec1u<\/strong><\/h3>\n<ul>\n<li class=\"forms\">Summer School Application Form<\/li>\n<li class=\"forms\">Summer High School Credit Courses Application Form<\/li>\n<\/ul>\n","protected":false},"excerpt":{"rendered":"<p>ESL T\u0103ng C\u01b0\u1eddng ch\u1ec9 h\u1ecdc v\u00e0o Bu\u1ed5i sang Ch\u01b0\u01a1ng tr\u00ecnh m\u1ed9t bu\u1ed5i n\u00e0y nh\u1ea5n m\u1ea1nh \u0111\u1ebfn c\u00e1c k\u1ef9 n\u0103ng n\u00f3i, nghe, \u0111\u1ecdc, ng\u1eef v\u1ef1ng v\u00e0 vi\u1ebft. Du h\u1ecdc sinh s\u1ebd tham gia v\u00e0o c\u00e1c ho\u1ea1t \u0111\u1ed9ng t\u1eadp trung v\u00e0o c\u00e1c \u0111\u1ec1 t\u00e0i nh\u01b0 Canada, c\u1ed9ng \u0111\u1ed3ng, m\u00f4i tr\u01b0\u1eddng v\u00e0 British Columbia. Du h\u1ecdc sinh \u0111\u01b0\u1ee3c &hellip; <a href=\"https:\/\/www.internationaled.com\/vi\/programs\/summer-program\/\" class=\"more-link\">Continue reading <span class=\"screen-reader-text\">Ch\u01b0\u01a1ng Tr\u00ecnh M\u00f9a H\u00e8<\/span> <span class=\"meta-nav\">&rarr;<\/span><\/a><\/p>\n","protected":false},"author":14,"featured_media":336,"parent":3500,"menu_order":3,"comment_status":"closed","ping_status":"closed","template":"page-standard.php","meta":{"footnotes":""},"class_list":["post-3504","page","type-page","status-publish","has-post-thumbnail","hentry"],"yoast_head":"<!-- This site is optimized with the Yoast SEO plugin v27.3 - https:\/\/yoast.com\/product\/yoast-seo-wordpress\/ -->\n<title>Ch\u01b0\u01a1ng Tr\u00ecnh M\u00f9a H\u00e8 - Coquitlam School District 43<\/title>\n<meta name=\"robots\" content=\"index, follow, max-snippet:-1, max-image-preview:large, max-video-preview:-1\" \/>\n<link rel=\"canonical\" href=\"https:\/\/www.internationaled.com\/vi\/programs\/summer-program\/\" \/>\n<meta property=\"og:locale\" content=\"vi_VN\" \/>\n<meta property=\"og:type\" content=\"article\" \/>\n<meta property=\"og:title\" content=\"Ch\u01b0\u01a1ng Tr\u00ecnh M\u00f9a H\u00e8 - Coquitlam School District 43\" \/>\n<meta property=\"og:description\" content=\"ESL T\u0103ng C\u01b0\u1eddng ch\u1ec9 h\u1ecdc v\u00e0o Bu\u1ed5i sang Ch\u01b0\u01a1ng tr\u00ecnh m\u1ed9t bu\u1ed5i n\u00e0y nh\u1ea5n m\u1ea1nh \u0111\u1ebfn c\u00e1c k\u1ef9 n\u0103ng n\u00f3i, nghe, \u0111\u1ecdc, ng\u1eef v\u1ef1ng v\u00e0 vi\u1ebft. Du h\u1ecdc sinh s\u1ebd tham gia v\u00e0o c\u00e1c ho\u1ea1t \u0111\u1ed9ng t\u1eadp trung v\u00e0o c\u00e1c \u0111\u1ec1 t\u00e0i nh\u01b0 Canada, c\u1ed9ng \u0111\u1ed3ng, m\u00f4i tr\u01b0\u1eddng v\u00e0 British Columbia. Du h\u1ecdc sinh \u0111\u01b0\u1ee3c &hellip; Continue reading Ch\u01b0\u01a1ng Tr\u00ecnh M\u00f9a H\u00e8 &rarr;\" \/>\n<meta property=\"og:url\" content=\"https:\/\/www.internationaled.com\/vi\/programs\/summer-program\/\" \/>\n<meta property=\"og:site_name\" content=\"Coquitlam School District 43\" \/>\n<meta property=\"article:modified_time\" content=\"2023-03-06T19:50:46+00:00\" \/>\n<meta property=\"og:image\" content=\"https:\/\/www.internationaled.com\/wp-content\/uploads\/2015\/10\/fondo_summer.jpg\" \/>\n\t<meta property=\"og:image:width\" content=\"1920\" \/>\n\t<meta property=\"og:image:height\" content=\"400\" \/>\n\t<meta property=\"og:image:type\" content=\"image\/jpeg\" \/>\n<meta name=\"twitter:card\" content=\"summary_large_image\" \/>\n<meta name=\"twitter:label1\" content=\"Est. reading time\" \/>\n\t<meta name=\"twitter:data1\" content=\"2 minutes\" \/>\n<script type=\"application\/ld+json\" class=\"yoast-schema-graph\">{\"@context\":\"https:\\\/\\\/schema.org\",\"@graph\":[{\"@type\":\"WebPage\",\"@id\":\"https:\\\/\\\/www.internationaled.com\\\/vi\\\/programs\\\/summer-program\\\/\",\"url\":\"https:\\\/\\\/www.internationaled.com\\\/vi\\\/programs\\\/summer-program\\\/\",\"name\":\"Ch\u01b0\u01a1ng Tr\u00ecnh M\u00f9a H\u00e8 - Coquitlam School District 43\",\"isPartOf\":{\"@id\":\"https:\\\/\\\/www.internationaled.com\\\/ar\\\/#website\"},\"primaryImageOfPage\":{\"@id\":\"https:\\\/\\\/www.internationaled.com\\\/vi\\\/programs\\\/summer-program\\\/#primaryimage\"},\"image\":{\"@id\":\"https:\\\/\\\/www.internationaled.com\\\/vi\\\/programs\\\/summer-program\\\/#primaryimage\"},\"thumbnailUrl\":\"https:\\\/\\\/cdn.internationaled.com\\\/wp-content\\\/uploads\\\/2015\\\/10\\\/fondo_summer.jpg\",\"datePublished\":\"2015-10-27T16:20:56+00:00\",\"dateModified\":\"2023-03-06T19:50:46+00:00\",\"breadcrumb\":{\"@id\":\"https:\\\/\\\/www.internationaled.com\\\/vi\\\/programs\\\/summer-program\\\/#breadcrumb\"},\"inLanguage\":\"vi\",\"potentialAction\":[{\"@type\":\"ReadAction\",\"target\":[\"https:\\\/\\\/www.internationaled.com\\\/vi\\\/programs\\\/summer-program\\\/\"]}]},{\"@type\":\"ImageObject\",\"inLanguage\":\"vi\",\"@id\":\"https:\\\/\\\/www.internationaled.com\\\/vi\\\/programs\\\/summer-program\\\/#primaryimage\",\"url\":\"https:\\\/\\\/cdn.internationaled.com\\\/wp-content\\\/uploads\\\/2015\\\/10\\\/fondo_summer.jpg\",\"contentUrl\":\"https:\\\/\\\/cdn.internationaled.com\\\/wp-content\\\/uploads\\\/2015\\\/10\\\/fondo_summer.jpg\",\"width\":1920,\"height\":400},{\"@type\":\"BreadcrumbList\",\"@id\":\"https:\\\/\\\/www.internationaled.com\\\/vi\\\/programs\\\/summer-program\\\/#breadcrumb\",\"itemListElement\":[{\"@type\":\"ListItem\",\"position\":1,\"name\":\"Home\",\"item\":\"https:\\\/\\\/www.internationaled.com\\\/vi\\\/\"},{\"@type\":\"ListItem\",\"position\":2,\"name\":\"C\u00e1c Ch\u01b0\u01a1ng Tr\u00ecnh\",\"item\":\"https:\\\/\\\/www.internationaled.com\\\/vi\\\/programs\\\/\"},{\"@type\":\"ListItem\",\"position\":3,\"name\":\"Ch\u01b0\u01a1ng Tr\u00ecnh M\u00f9a H\u00e8\"}]},{\"@type\":\"WebSite\",\"@id\":\"https:\\\/\\\/www.internationaled.com\\\/ar\\\/#website\",\"url\":\"https:\\\/\\\/www.internationaled.com\\\/ar\\\/\",\"name\":\"Coquitlam School District 43\",\"description\":\"Learning for a Lifetime\",\"potentialAction\":[{\"@type\":\"SearchAction\",\"target\":{\"@type\":\"EntryPoint\",\"urlTemplate\":\"https:\\\/\\\/www.internationaled.com\\\/ar\\\/?s={search_term_string}\"},\"query-input\":{\"@type\":\"PropertyValueSpecification\",\"valueRequired\":true,\"valueName\":\"search_term_string\"}}],\"inLanguage\":\"vi\"}]}<\/script>\n<!-- \/ Yoast SEO plugin. -->","yoast_head_json":{"title":"Ch\u01b0\u01a1ng Tr\u00ecnh M\u00f9a H\u00e8 - Coquitlam School District 43","robots":{"index":"index","follow":"follow","max-snippet":"max-snippet:-1","max-image-preview":"max-image-preview:large","max-video-preview":"max-video-preview:-1"},"canonical":"https:\/\/www.internationaled.com\/vi\/programs\/summer-program\/","og_locale":"vi_VN","og_type":"article","og_title":"Ch\u01b0\u01a1ng Tr\u00ecnh M\u00f9a H\u00e8 - Coquitlam School District 43","og_description":"ESL T\u0103ng C\u01b0\u1eddng ch\u1ec9 h\u1ecdc v\u00e0o Bu\u1ed5i sang Ch\u01b0\u01a1ng tr\u00ecnh m\u1ed9t bu\u1ed5i n\u00e0y nh\u1ea5n m\u1ea1nh \u0111\u1ebfn c\u00e1c k\u1ef9 n\u0103ng n\u00f3i, nghe, \u0111\u1ecdc, ng\u1eef v\u1ef1ng v\u00e0 vi\u1ebft. Du h\u1ecdc sinh s\u1ebd tham gia v\u00e0o c\u00e1c ho\u1ea1t \u0111\u1ed9ng t\u1eadp trung v\u00e0o c\u00e1c \u0111\u1ec1 t\u00e0i nh\u01b0 Canada, c\u1ed9ng \u0111\u1ed3ng, m\u00f4i tr\u01b0\u1eddng v\u00e0 British Columbia. Du h\u1ecdc sinh \u0111\u01b0\u1ee3c &hellip; Continue reading Ch\u01b0\u01a1ng Tr\u00ecnh M\u00f9a H\u00e8 &rarr;","og_url":"https:\/\/www.internationaled.com\/vi\/programs\/summer-program\/","og_site_name":"Coquitlam School District 43","article_modified_time":"2023-03-06T19:50:46+00:00","og_image":[{"width":1920,"height":400,"url":"https:\/\/www.internationaled.com\/wp-content\/uploads\/2015\/10\/fondo_summer.jpg","type":"image\/jpeg"}],"twitter_card":"summary_large_image","twitter_misc":{"Est. reading time":"2 minutes"},"schema":{"@context":"https:\/\/schema.org","@graph":[{"@type":"WebPage","@id":"https:\/\/www.internationaled.com\/vi\/programs\/summer-program\/","url":"https:\/\/www.internationaled.com\/vi\/programs\/summer-program\/","name":"Ch\u01b0\u01a1ng Tr\u00ecnh M\u00f9a H\u00e8 - Coquitlam School District 43","isPartOf":{"@id":"https:\/\/www.internationaled.com\/ar\/#website"},"primaryImageOfPage":{"@id":"https:\/\/www.internationaled.com\/vi\/programs\/summer-program\/#primaryimage"},"image":{"@id":"https:\/\/www.internationaled.com\/vi\/programs\/summer-program\/#primaryimage"},"thumbnailUrl":"https:\/\/cdn.internationaled.com\/wp-content\/uploads\/2015\/10\/fondo_summer.jpg","datePublished":"2015-10-27T16:20:56+00:00","dateModified":"2023-03-06T19:50:46+00:00","breadcrumb":{"@id":"https:\/\/www.internationaled.com\/vi\/programs\/summer-program\/#breadcrumb"},"inLanguage":"vi","potentialAction":[{"@type":"ReadAction","target":["https:\/\/www.internationaled.com\/vi\/programs\/summer-program\/"]}]},{"@type":"ImageObject","inLanguage":"vi","@id":"https:\/\/www.internationaled.com\/vi\/programs\/summer-program\/#primaryimage","url":"https:\/\/cdn.internationaled.com\/wp-content\/uploads\/2015\/10\/fondo_summer.jpg","contentUrl":"https:\/\/cdn.internationaled.com\/wp-content\/uploads\/2015\/10\/fondo_summer.jpg","width":1920,"height":400},{"@type":"BreadcrumbList","@id":"https:\/\/www.internationaled.com\/vi\/programs\/summer-program\/#breadcrumb","itemListElement":[{"@type":"ListItem","position":1,"name":"Home","item":"https:\/\/www.internationaled.com\/vi\/"},{"@type":"ListItem","position":2,"name":"C\u00e1c Ch\u01b0\u01a1ng Tr\u00ecnh","item":"https:\/\/www.internationaled.com\/vi\/programs\/"},{"@type":"ListItem","position":3,"name":"Ch\u01b0\u01a1ng Tr\u00ecnh M\u00f9a H\u00e8"}]},{"@type":"WebSite","@id":"https:\/\/www.internationaled.com\/ar\/#website","url":"https:\/\/www.internationaled.com\/ar\/","name":"Coquitlam School District 43","description":"Learning for a Lifetime","potentialAction":[{"@type":"SearchAction","target":{"@type":"EntryPoint","urlTemplate":"https:\/\/www.internationaled.com\/ar\/?s={search_term_string}"},"query-input":{"@type":"PropertyValueSpecification","valueRequired":true,"valueName":"search_term_string"}}],"inLanguage":"vi"}]}},"_links":{"self":[{"href":"https:\/\/www.internationaled.com\/vi\/wp-json\/wp\/v2\/pages\/3504","targetHints":{"allow":["GET"]}}],"collection":[{"href":"https:\/\/www.internationaled.com\/vi\/wp-json\/wp\/v2\/pages"}],"about":[{"href":"https:\/\/www.internationaled.com\/vi\/wp-json\/wp\/v2\/types\/page"}],"author":[{"embeddable":true,"href":"https:\/\/www.internationaled.com\/vi\/wp-json\/wp\/v2\/users\/14"}],"replies":[{"embeddable":true,"href":"https:\/\/www.internationaled.com\/vi\/wp-json\/wp\/v2\/comments?post=3504"}],"version-history":[{"count":6,"href":"https:\/\/www.internationaled.com\/vi\/wp-json\/wp\/v2\/pages\/3504\/revisions"}],"predecessor-version":[{"id":7721,"href":"https:\/\/www.internationaled.com\/vi\/wp-json\/wp\/v2\/pages\/3504\/revisions\/7721"}],"up":[{"embeddable":true,"href":"https:\/\/www.internationaled.com\/vi\/wp-json\/wp\/v2\/pages\/3500"}],"wp:featuredmedia":[{"embeddable":true,"href":"https:\/\/www.internationaled.com\/vi\/wp-json\/wp\/v2\/media\/336"}],"wp:attachment":[{"href":"https:\/\/www.internationaled.com\/vi\/wp-json\/wp\/v2\/media?parent=3504"}],"curies":[{"name":"wp","href":"https:\/\/api.w.org\/{rel}","templated":true}]}}