{"id":3505,"date":"2015-10-19T17:41:01","date_gmt":"2015-10-19T17:41:01","guid":{"rendered":"http:\/\/internationaled.com\/schools\/?lang=vi"},"modified":"2016-07-22T10:09:46","modified_gmt":"2016-07-22T10:09:46","slug":"schools","status":"publish","type":"page","link":"https:\/\/www.internationaled.com\/vi\/schools\/","title":{"rendered":"C\u00e1c Tr\u01b0\u1eddng C\u1ee7a Ch\u00fang T\u00f4i"},"content":{"rendered":"<p>C\u00e1c tr\u01b0\u1eddng ti\u1ec3u h\u1ecdc, trung h\u1ecdc c\u01a1 s\u1edf v\u00e0 trung h\u1ecdc c\u1ee7a ch\u00fang t\u00f4i mang l\u1ea1i cho du h\u1ecdc sinh m\u1ed9t th\u00e1ch th\u1ee9c th\u00fa v\u1ecb trong m\u1ed9t m\u00f4i tr\u01b0\u1eddng h\u1ecdc thu\u1eadt hi\u1ec7n \u0111\u1ea1i v\u00e0 an to\u00e0n khi du h\u1ecdc sinh trau d\u1ed3i ki\u1ebfn th\u1ee9c tr\u00ean con \u0111\u01b0\u1eddng \u0111\u01b0a h\u1ecd tr\u1edf th\u00e0nh nh\u1eefng c\u00f4ng d\u00e2n to\u00e0n c\u1ea7u c\u00f3 h\u1ecdc th\u1ee9c.<\/p>\n<p>\u0110\u01b0\u1ee3c ch\u00e1nh quy\u1ec1n British Columbia th\u00e0nh l\u1eadp, c\u00e1c tr\u01b0\u1eddng c\u1ee7a ch\u00fang t\u00f4i tuy\u1ec3n d\u1ee5ng c\u00e1c gi\u00e1o vi\u00ean \u0111\u01b0\u1ee3c ch\u00e1nh quy\u1ec1n c\u00f4ng nh\u1eadn v\u00e0 x\u1ebfp v\u00e0o h\u00e0ng c\u00e1c gi\u00e1o vi\u00ean \u01b0u t\u00fa nh\u1ea5t th\u1ebf gi\u1edbi. Ch\u00fang t\u00f4i ch\u1ec9 s\u1eed d\u1ee5ng ch\u01b0\u01a1ng tr\u00ecnh g\u1ec9\u1ea3ng d\u1ea1y \u0111\u01b0\u1ee3c B\u1ed9 Gi\u00e1o D\u1ee5c c\u1ee7a ch\u00e1nh quy\u1ec1n British Columbia ch\u1ea5p thu\u1eadn. T\u1ea5t c\u1ea3 66 tr\u01b0\u1eddng c\u1ee7a ch\u00fang t\u00f4i, trong \u0111\u00f3 c\u00f3 nhi\u1ec1u tr\u01b0\u1eddng ch\u1ec9 m\u1edbi th\u00e0nh l\u1eadp trong v\u00f2ng v\u00e0i n\u0103m nay, \u0111\u1ec1u h\u00e3nh di\u1ec7n v\u1ec1 c\u00e1c c\u01a1 s\u1edf v\u00e0 c\u00f4ng ngh\u1ec7 hi\u1ec7n \u0111\u1ea1i. Trong l\u00e3nh v\u1ef1c ti\u1ebfng Anh nh\u01b0 l\u00e0 m\u1ed9t ng\u00f4n ng\u1eef th\u1ee9 hai, c\u00e1c gi\u00e1o vi\u00ean ESL \u0111\u01b0\u1ee3c ch\u1ee9ng nh\u1eadn v\u00e0 \u0111\u00e0o t\u1ea1o h\u1ed7 tr\u1ee3 du h\u1ecdc sinh c\u1ee7a ch\u00fang t\u00f4i. Ngo\u00e0i ra, ch\u1ee9ng ch\u1ec9 t\u1ed1t nghi\u1ec7p trung h\u1ecdc, hay \u201cB\u1eb1ng Dogwood\u201d, \u0111\u01b0\u1ee3c t\u1ea5t c\u1ea3 c\u00e1c tr\u01b0\u1eddng \u0111\u1ea1i h\u1ecdc Canada v\u00e0 Hoa K\u1ef3 c\u00f4ng nh\u1eadn.<\/p>\n","protected":false},"excerpt":{"rendered":"<p>C\u00e1c tr\u01b0\u1eddng ti\u1ec3u h\u1ecdc, trung h\u1ecdc c\u01a1 s\u1edf v\u00e0 trung h\u1ecdc c\u1ee7a ch\u00fang t\u00f4i mang l\u1ea1i cho du h\u1ecdc sinh m\u1ed9t th\u00e1ch th\u1ee9c th\u00fa v\u1ecb trong m\u1ed9t m\u00f4i tr\u01b0\u1eddng h\u1ecdc thu\u1eadt hi\u1ec7n \u0111\u1ea1i v\u00e0 an to\u00e0n khi du h\u1ecdc sinh trau d\u1ed3i ki\u1ebfn th\u1ee9c tr\u00ean con \u0111\u01b0\u1eddng \u0111\u01b0a h\u1ecd tr\u1edf th\u00e0nh nh\u1eefng c\u00f4ng d\u00e2n to\u00e0n &hellip; <a href=\"https:\/\/www.internationaled.com\/vi\/schools\/\" class=\"more-link\">Continue reading <span class=\"screen-reader-text\">C\u00e1c Tr\u01b0\u1eddng C\u1ee7a Ch\u00fang T\u00f4i<\/span> <span class=\"meta-nav\">&rarr;<\/span><\/a><\/p>\n","protected":false},"author":14,"featured_media":301,"parent":0,"menu_order":0,"comment_status":"closed","ping_status":"closed","template":"page-our-school.php","meta":{"footnotes":""},"class_list":["post-3505","page","type-page","status-publish","has-post-thumbnail","hentry"],"yoast_head":"<!-- This site is optimized with the Yoast SEO plugin v27.4 - https:\/\/yoast.com\/product\/yoast-seo-wordpress\/ -->\n<title>C\u00e1c Tr\u01b0\u1eddng C\u1ee7a Ch\u00fang T\u00f4i - Coquitlam School District 43<\/title>\n<meta name=\"robots\" content=\"index, follow, max-snippet:-1, max-image-preview:large, max-video-preview:-1\" \/>\n<link rel=\"canonical\" href=\"https:\/\/www.internationaled.com\/vi\/schools\/\" \/>\n<meta property=\"og:locale\" content=\"vi_VN\" \/>\n<meta property=\"og:type\" content=\"article\" \/>\n<meta property=\"og:title\" content=\"C\u00e1c Tr\u01b0\u1eddng C\u1ee7a Ch\u00fang T\u00f4i - Coquitlam School District 43\" \/>\n<meta property=\"og:description\" content=\"C\u00e1c tr\u01b0\u1eddng ti\u1ec3u h\u1ecdc, trung h\u1ecdc c\u01a1 s\u1edf v\u00e0 trung h\u1ecdc c\u1ee7a ch\u00fang t\u00f4i mang l\u1ea1i cho du h\u1ecdc sinh m\u1ed9t th\u00e1ch th\u1ee9c th\u00fa v\u1ecb trong m\u1ed9t m\u00f4i tr\u01b0\u1eddng h\u1ecdc thu\u1eadt hi\u1ec7n \u0111\u1ea1i v\u00e0 an to\u00e0n khi du h\u1ecdc sinh trau d\u1ed3i ki\u1ebfn th\u1ee9c tr\u00ean con \u0111\u01b0\u1eddng \u0111\u01b0a h\u1ecd tr\u1edf th\u00e0nh nh\u1eefng c\u00f4ng d\u00e2n to\u00e0n &hellip; Continue reading C\u00e1c Tr\u01b0\u1eddng C\u1ee7a Ch\u00fang T\u00f4i &rarr;\" \/>\n<meta property=\"og:url\" content=\"https:\/\/www.internationaled.com\/vi\/schools\/\" \/>\n<meta property=\"og:site_name\" content=\"Coquitlam School District 43\" \/>\n<meta property=\"article:modified_time\" content=\"2016-07-22T10:09:46+00:00\" \/>\n<meta property=\"og:image\" content=\"https:\/\/www.internationaled.com\/wp-content\/uploads\/2015\/10\/fondo_school.jpg\" \/>\n\t<meta property=\"og:image:width\" content=\"1920\" \/>\n\t<meta property=\"og:image:height\" content=\"400\" \/>\n\t<meta property=\"og:image:type\" content=\"image\/jpeg\" \/>\n<meta name=\"twitter:card\" content=\"summary_large_image\" \/>\n<meta name=\"twitter:label1\" content=\"Est. reading time\" \/>\n\t<meta name=\"twitter:data1\" content=\"2 minutes\" \/>\n<script type=\"application\/ld+json\" class=\"yoast-schema-graph\">{\"@context\":\"https:\\\/\\\/schema.org\",\"@graph\":[{\"@type\":\"WebPage\",\"@id\":\"https:\\\/\\\/www.internationaled.com\\\/vi\\\/schools\\\/\",\"url\":\"https:\\\/\\\/www.internationaled.com\\\/vi\\\/schools\\\/\",\"name\":\"C\u00e1c Tr\u01b0\u1eddng C\u1ee7a Ch\u00fang T\u00f4i - Coquitlam School District 43\",\"isPartOf\":{\"@id\":\"https:\\\/\\\/www.internationaled.com\\\/ar\\\/#website\"},\"primaryImageOfPage\":{\"@id\":\"https:\\\/\\\/www.internationaled.com\\\/vi\\\/schools\\\/#primaryimage\"},\"image\":{\"@id\":\"https:\\\/\\\/www.internationaled.com\\\/vi\\\/schools\\\/#primaryimage\"},\"thumbnailUrl\":\"https:\\\/\\\/cdn.internationaled.com\\\/wp-content\\\/uploads\\\/2015\\\/10\\\/fondo_school.jpg\",\"datePublished\":\"2015-10-19T17:41:01+00:00\",\"dateModified\":\"2016-07-22T10:09:46+00:00\",\"breadcrumb\":{\"@id\":\"https:\\\/\\\/www.internationaled.com\\\/vi\\\/schools\\\/#breadcrumb\"},\"inLanguage\":\"vi\",\"potentialAction\":[{\"@type\":\"ReadAction\",\"target\":[\"https:\\\/\\\/www.internationaled.com\\\/vi\\\/schools\\\/\"]}]},{\"@type\":\"ImageObject\",\"inLanguage\":\"vi\",\"@id\":\"https:\\\/\\\/www.internationaled.com\\\/vi\\\/schools\\\/#primaryimage\",\"url\":\"https:\\\/\\\/cdn.internationaled.com\\\/wp-content\\\/uploads\\\/2015\\\/10\\\/fondo_school.jpg\",\"contentUrl\":\"https:\\\/\\\/cdn.internationaled.com\\\/wp-content\\\/uploads\\\/2015\\\/10\\\/fondo_school.jpg\",\"width\":1920,\"height\":400,\"caption\":\"preparatorias en canada\"},{\"@type\":\"BreadcrumbList\",\"@id\":\"https:\\\/\\\/www.internationaled.com\\\/vi\\\/schools\\\/#breadcrumb\",\"itemListElement\":[{\"@type\":\"ListItem\",\"position\":1,\"name\":\"Home\",\"item\":\"https:\\\/\\\/www.internationaled.com\\\/vi\\\/\"},{\"@type\":\"ListItem\",\"position\":2,\"name\":\"C\u00e1c Tr\u01b0\u1eddng C\u1ee7a Ch\u00fang T\u00f4i\"}]},{\"@type\":\"WebSite\",\"@id\":\"https:\\\/\\\/www.internationaled.com\\\/ar\\\/#website\",\"url\":\"https:\\\/\\\/www.internationaled.com\\\/ar\\\/\",\"name\":\"Coquitlam School District 43\",\"description\":\"Learning for a Lifetime\",\"potentialAction\":[{\"@type\":\"SearchAction\",\"target\":{\"@type\":\"EntryPoint\",\"urlTemplate\":\"https:\\\/\\\/www.internationaled.com\\\/ar\\\/?s={search_term_string}\"},\"query-input\":{\"@type\":\"PropertyValueSpecification\",\"valueRequired\":true,\"valueName\":\"search_term_string\"}}],\"inLanguage\":\"vi\"}]}<\/script>\n<!-- \/ Yoast SEO plugin. -->","yoast_head_json":{"title":"C\u00e1c Tr\u01b0\u1eddng C\u1ee7a Ch\u00fang T\u00f4i - Coquitlam School District 43","robots":{"index":"index","follow":"follow","max-snippet":"max-snippet:-1","max-image-preview":"max-image-preview:large","max-video-preview":"max-video-preview:-1"},"canonical":"https:\/\/www.internationaled.com\/vi\/schools\/","og_locale":"vi_VN","og_type":"article","og_title":"C\u00e1c Tr\u01b0\u1eddng C\u1ee7a Ch\u00fang T\u00f4i - Coquitlam School District 43","og_description":"C\u00e1c tr\u01b0\u1eddng ti\u1ec3u h\u1ecdc, trung h\u1ecdc c\u01a1 s\u1edf v\u00e0 trung h\u1ecdc c\u1ee7a ch\u00fang t\u00f4i mang l\u1ea1i cho du h\u1ecdc sinh m\u1ed9t th\u00e1ch th\u1ee9c th\u00fa v\u1ecb trong m\u1ed9t m\u00f4i tr\u01b0\u1eddng h\u1ecdc thu\u1eadt hi\u1ec7n \u0111\u1ea1i v\u00e0 an to\u00e0n khi du h\u1ecdc sinh trau d\u1ed3i ki\u1ebfn th\u1ee9c tr\u00ean con \u0111\u01b0\u1eddng \u0111\u01b0a h\u1ecd tr\u1edf th\u00e0nh nh\u1eefng c\u00f4ng d\u00e2n to\u00e0n &hellip; Continue reading C\u00e1c Tr\u01b0\u1eddng C\u1ee7a Ch\u00fang T\u00f4i &rarr;","og_url":"https:\/\/www.internationaled.com\/vi\/schools\/","og_site_name":"Coquitlam School District 43","article_modified_time":"2016-07-22T10:09:46+00:00","og_image":[{"width":1920,"height":400,"url":"https:\/\/www.internationaled.com\/wp-content\/uploads\/2015\/10\/fondo_school.jpg","type":"image\/jpeg"}],"twitter_card":"summary_large_image","twitter_misc":{"Est. reading time":"2 minutes"},"schema":{"@context":"https:\/\/schema.org","@graph":[{"@type":"WebPage","@id":"https:\/\/www.internationaled.com\/vi\/schools\/","url":"https:\/\/www.internationaled.com\/vi\/schools\/","name":"C\u00e1c Tr\u01b0\u1eddng C\u1ee7a Ch\u00fang T\u00f4i - Coquitlam School District 43","isPartOf":{"@id":"https:\/\/www.internationaled.com\/ar\/#website"},"primaryImageOfPage":{"@id":"https:\/\/www.internationaled.com\/vi\/schools\/#primaryimage"},"image":{"@id":"https:\/\/www.internationaled.com\/vi\/schools\/#primaryimage"},"thumbnailUrl":"https:\/\/cdn.internationaled.com\/wp-content\/uploads\/2015\/10\/fondo_school.jpg","datePublished":"2015-10-19T17:41:01+00:00","dateModified":"2016-07-22T10:09:46+00:00","breadcrumb":{"@id":"https:\/\/www.internationaled.com\/vi\/schools\/#breadcrumb"},"inLanguage":"vi","potentialAction":[{"@type":"ReadAction","target":["https:\/\/www.internationaled.com\/vi\/schools\/"]}]},{"@type":"ImageObject","inLanguage":"vi","@id":"https:\/\/www.internationaled.com\/vi\/schools\/#primaryimage","url":"https:\/\/cdn.internationaled.com\/wp-content\/uploads\/2015\/10\/fondo_school.jpg","contentUrl":"https:\/\/cdn.internationaled.com\/wp-content\/uploads\/2015\/10\/fondo_school.jpg","width":1920,"height":400,"caption":"preparatorias en canada"},{"@type":"BreadcrumbList","@id":"https:\/\/www.internationaled.com\/vi\/schools\/#breadcrumb","itemListElement":[{"@type":"ListItem","position":1,"name":"Home","item":"https:\/\/www.internationaled.com\/vi\/"},{"@type":"ListItem","position":2,"name":"C\u00e1c Tr\u01b0\u1eddng C\u1ee7a Ch\u00fang T\u00f4i"}]},{"@type":"WebSite","@id":"https:\/\/www.internationaled.com\/ar\/#website","url":"https:\/\/www.internationaled.com\/ar\/","name":"Coquitlam School District 43","description":"Learning for a Lifetime","potentialAction":[{"@type":"SearchAction","target":{"@type":"EntryPoint","urlTemplate":"https:\/\/www.internationaled.com\/ar\/?s={search_term_string}"},"query-input":{"@type":"PropertyValueSpecification","valueRequired":true,"valueName":"search_term_string"}}],"inLanguage":"vi"}]}},"_links":{"self":[{"href":"https:\/\/www.internationaled.com\/vi\/wp-json\/wp\/v2\/pages\/3505","targetHints":{"allow":["GET"]}}],"collection":[{"href":"https:\/\/www.internationaled.com\/vi\/wp-json\/wp\/v2\/pages"}],"about":[{"href":"https:\/\/www.internationaled.com\/vi\/wp-json\/wp\/v2\/types\/page"}],"author":[{"embeddable":true,"href":"https:\/\/www.internationaled.com\/vi\/wp-json\/wp\/v2\/users\/14"}],"replies":[{"embeddable":true,"href":"https:\/\/www.internationaled.com\/vi\/wp-json\/wp\/v2\/comments?post=3505"}],"version-history":[{"count":2,"href":"https:\/\/www.internationaled.com\/vi\/wp-json\/wp\/v2\/pages\/3505\/revisions"}],"predecessor-version":[{"id":3670,"href":"https:\/\/www.internationaled.com\/vi\/wp-json\/wp\/v2\/pages\/3505\/revisions\/3670"}],"wp:featuredmedia":[{"embeddable":true,"href":"https:\/\/www.internationaled.com\/vi\/wp-json\/wp\/v2\/media\/301"}],"wp:attachment":[{"href":"https:\/\/www.internationaled.com\/vi\/wp-json\/wp\/v2\/media?parent=3505"}],"curies":[{"name":"wp","href":"https:\/\/api.w.org\/{rel}","templated":true}]}}