{"id":3512,"date":"2015-10-27T16:35:38","date_gmt":"2015-10-27T16:35:38","guid":{"rendered":"http:\/\/internationaled.com\/activities\/?lang=vi"},"modified":"2016-07-22T10:58:33","modified_gmt":"2016-07-22T10:58:33","slug":"activities","status":"publish","type":"page","link":"https:\/\/www.internationaled.com\/vi\/resources\/activities\/","title":{"rendered":"C\u00e1c Ho\u1ea1t \u0110\u1ed9ng"},"content":{"rendered":"<div class=\"content\">\n<h2 class=\"green\">C\u00e1c Nh\u00f3m v\u00e0 Ho\u1ea1t \u0110\u1ed9ng Gi\u1ea3i Tr\u00ed<\/h2>\n<p>M\u1ed7i tr\u01b0\u1eddng c\u00f3 m\u1ed9t s\u1ed1 c\u00e1c ho\u1ea1t \u0111\u1ed9ng v\u00e0 c\u00e2u l\u1ea1c b\u1ed9 ngo\u1ea1i kh\u00f3a g\u1ed3m k\u1ecbch, ban nh\u1ea1c, h\u1ee3p x\u01b0\u1edbng, ni\u00ean b\u1ea1, tr\u01b0\u1ee3t tuy\u1ebft, c\u1edd vua v\u00e0 c\u00e1c ho\u1ea1t \u0111\u1ed9ng th\u1ec3 thao nh\u01b0 hockey s\u00e2n c\u1ecf, b\u00f3ng r\u1ed5, b\u00f3ng \u0111\u00e1, v\u1eadt, b\u01a1i l\u1ed9i, c\u00e1c m\u00f4n \u0111i\u1ec1n kinh v\u00e0 nhi\u1ec1u m\u00f4n kh\u00e1c. C\u1ed9ng \u0111\u1ed3ng c\u0169ng c\u00f3 nhi\u1ec1u nh\u00f3m d\u1ecbch v\u1ee5 \u0111\u1ec3 tham gia. Du h\u1ecdc sinh \u0111\u01b0\u1ee3c khuy\u1ebfn kh\u00edch tham gia c\u00e1c ho\u1ea1t \u0111\u1ed9ng v\u00e0 c\u00e2u l\u1ea1c b\u1ed9 ngo\u1ea1i kh\u00f3a \u0111\u1ec3 tr\u1ea3i nghi\u1ec7m c\u1ea3m gi\u00e1c can d\u1ef1 l\u00e0 m\u1ed9t ph\u01b0\u01a1ng c\u00e1ch t\u1ed1i \u01b0u \u0111\u1ec3 c\u1ea3i thi\u1ec7n k\u1ef9 n\u0103ng ng\u00f4n ng\u1eef trong m\u1ed9t m\u00f4i tr\u01b0\u1eddng th\u00e2n thi\u1ec7n. C\u00f3 nhi\u1ec1u m\u00f4n th\u1ec3 thao c\u1ed9ng \u0111\u1ed3ng v\u00e0 ch\u01b0\u01a1ng tr\u00ecnh bi\u1ec3u di\u1ec5n ngh\u1ec7 thu\u1eadt d\u00e0nh cho du h\u1ecdc sinh trong khu v\u1ef1c H\u1ecdc Khu Coquitlam.<\/p>\n<p>Xin truy c\u1eadp c\u00e1c k\u1ebft n\u1ed1i sau \u0111\u00e2y:<\/p>\n<ul>\n<li><a href=\"http:\/\/www.coquitlamminorhockey.org\" target=\"_blank\">www.coquitlamminorhockey.org<\/a><\/li>\n<li><a href=\"http:\/\/www.cmfsc.ca\" target=\"_blank\">www.cmfsc.ca<\/a><\/li>\n<li><a href=\"http:\/\/www.coastalsoundmusic.com\" target=\"_blank\">www.coastalsoundmusic.com<\/a><\/li>\n<\/ul>\n<\/div>\n","protected":false},"excerpt":{"rendered":"<p>C\u00e1c Nh\u00f3m v\u00e0 Ho\u1ea1t \u0110\u1ed9ng Gi\u1ea3i Tr\u00ed M\u1ed7i tr\u01b0\u1eddng c\u00f3 m\u1ed9t s\u1ed1 c\u00e1c ho\u1ea1t \u0111\u1ed9ng v\u00e0 c\u00e2u l\u1ea1c b\u1ed9 ngo\u1ea1i kh\u00f3a g\u1ed3m k\u1ecbch, ban nh\u1ea1c, h\u1ee3p x\u01b0\u1edbng, ni\u00ean b\u1ea1, tr\u01b0\u1ee3t tuy\u1ebft, c\u1edd vua v\u00e0 c\u00e1c ho\u1ea1t \u0111\u1ed9ng th\u1ec3 thao nh\u01b0 hockey s\u00e2n c\u1ecf, b\u00f3ng r\u1ed5, b\u00f3ng \u0111\u00e1, v\u1eadt, b\u01a1i l\u1ed9i, c\u00e1c m\u00f4n \u0111i\u1ec1n kinh v\u00e0 &hellip; <a href=\"https:\/\/www.internationaled.com\/vi\/resources\/activities\/\" class=\"more-link\">Continue reading <span class=\"screen-reader-text\">C\u00e1c Ho\u1ea1t \u0110\u1ed9ng<\/span> <span class=\"meta-nav\">&rarr;<\/span><\/a><\/p>\n","protected":false},"author":14,"featured_media":322,"parent":3515,"menu_order":5,"comment_status":"closed","ping_status":"closed","template":"page-standard.php","meta":{"footnotes":""},"class_list":["post-3512","page","type-page","status-publish","has-post-thumbnail","hentry"],"yoast_head":"<!-- This site is optimized with the Yoast SEO plugin v27.3 - https:\/\/yoast.com\/product\/yoast-seo-wordpress\/ -->\n<title>C\u00e1c Ho\u1ea1t \u0110\u1ed9ng - Coquitlam School District 43<\/title>\n<meta name=\"robots\" content=\"index, follow, max-snippet:-1, max-image-preview:large, max-video-preview:-1\" \/>\n<link rel=\"canonical\" href=\"https:\/\/www.internationaled.com\/vi\/resources\/activities\/\" \/>\n<meta property=\"og:locale\" content=\"vi_VN\" \/>\n<meta property=\"og:type\" content=\"article\" \/>\n<meta property=\"og:title\" content=\"C\u00e1c Ho\u1ea1t \u0110\u1ed9ng - Coquitlam School District 43\" \/>\n<meta property=\"og:description\" content=\"C\u00e1c Nh\u00f3m v\u00e0 Ho\u1ea1t \u0110\u1ed9ng Gi\u1ea3i Tr\u00ed M\u1ed7i tr\u01b0\u1eddng c\u00f3 m\u1ed9t s\u1ed1 c\u00e1c ho\u1ea1t \u0111\u1ed9ng v\u00e0 c\u00e2u l\u1ea1c b\u1ed9 ngo\u1ea1i kh\u00f3a g\u1ed3m k\u1ecbch, ban nh\u1ea1c, h\u1ee3p x\u01b0\u1edbng, ni\u00ean b\u1ea1, tr\u01b0\u1ee3t tuy\u1ebft, c\u1edd vua v\u00e0 c\u00e1c ho\u1ea1t \u0111\u1ed9ng th\u1ec3 thao nh\u01b0 hockey s\u00e2n c\u1ecf, b\u00f3ng r\u1ed5, b\u00f3ng \u0111\u00e1, v\u1eadt, b\u01a1i l\u1ed9i, c\u00e1c m\u00f4n \u0111i\u1ec1n kinh v\u00e0 &hellip; Continue reading C\u00e1c Ho\u1ea1t \u0110\u1ed9ng &rarr;\" \/>\n<meta property=\"og:url\" content=\"https:\/\/www.internationaled.com\/vi\/resources\/activities\/\" \/>\n<meta property=\"og:site_name\" content=\"Coquitlam School District 43\" \/>\n<meta property=\"article:modified_time\" content=\"2016-07-22T10:58:33+00:00\" \/>\n<meta property=\"og:image\" content=\"https:\/\/www.internationaled.com\/wp-content\/uploads\/2015\/10\/fondo_actividades.jpg\" \/>\n\t<meta property=\"og:image:width\" content=\"1920\" \/>\n\t<meta property=\"og:image:height\" content=\"400\" \/>\n\t<meta property=\"og:image:type\" content=\"image\/jpeg\" \/>\n<meta name=\"twitter:card\" content=\"summary_large_image\" \/>\n<meta name=\"twitter:label1\" content=\"Est. reading time\" \/>\n\t<meta name=\"twitter:data1\" content=\"1 minute\" \/>\n<script type=\"application\/ld+json\" class=\"yoast-schema-graph\">{\"@context\":\"https:\\\/\\\/schema.org\",\"@graph\":[{\"@type\":\"WebPage\",\"@id\":\"https:\\\/\\\/www.internationaled.com\\\/vi\\\/resources\\\/activities\\\/\",\"url\":\"https:\\\/\\\/www.internationaled.com\\\/vi\\\/resources\\\/activities\\\/\",\"name\":\"C\u00e1c Ho\u1ea1t \u0110\u1ed9ng - Coquitlam School District 43\",\"isPartOf\":{\"@id\":\"https:\\\/\\\/www.internationaled.com\\\/ar\\\/#website\"},\"primaryImageOfPage\":{\"@id\":\"https:\\\/\\\/www.internationaled.com\\\/vi\\\/resources\\\/activities\\\/#primaryimage\"},\"image\":{\"@id\":\"https:\\\/\\\/www.internationaled.com\\\/vi\\\/resources\\\/activities\\\/#primaryimage\"},\"thumbnailUrl\":\"https:\\\/\\\/cdn.internationaled.com\\\/wp-content\\\/uploads\\\/2015\\\/10\\\/fondo_actividades.jpg\",\"datePublished\":\"2015-10-27T16:35:38+00:00\",\"dateModified\":\"2016-07-22T10:58:33+00:00\",\"breadcrumb\":{\"@id\":\"https:\\\/\\\/www.internationaled.com\\\/vi\\\/resources\\\/activities\\\/#breadcrumb\"},\"inLanguage\":\"vi\",\"potentialAction\":[{\"@type\":\"ReadAction\",\"target\":[\"https:\\\/\\\/www.internationaled.com\\\/vi\\\/resources\\\/activities\\\/\"]}]},{\"@type\":\"ImageObject\",\"inLanguage\":\"vi\",\"@id\":\"https:\\\/\\\/www.internationaled.com\\\/vi\\\/resources\\\/activities\\\/#primaryimage\",\"url\":\"https:\\\/\\\/cdn.internationaled.com\\\/wp-content\\\/uploads\\\/2015\\\/10\\\/fondo_actividades.jpg\",\"contentUrl\":\"https:\\\/\\\/cdn.internationaled.com\\\/wp-content\\\/uploads\\\/2015\\\/10\\\/fondo_actividades.jpg\",\"width\":1920,\"height\":400},{\"@type\":\"BreadcrumbList\",\"@id\":\"https:\\\/\\\/www.internationaled.com\\\/vi\\\/resources\\\/activities\\\/#breadcrumb\",\"itemListElement\":[{\"@type\":\"ListItem\",\"position\":1,\"name\":\"Home\",\"item\":\"https:\\\/\\\/www.internationaled.com\\\/vi\\\/\"},{\"@type\":\"ListItem\",\"position\":2,\"name\":\"C\u00e1c Ngu\u1ed3n T\u01b0 Li\u1ec7u\",\"item\":\"https:\\\/\\\/www.internationaled.com\\\/vi\\\/resources\\\/\"},{\"@type\":\"ListItem\",\"position\":3,\"name\":\"C\u00e1c Ho\u1ea1t \u0110\u1ed9ng\"}]},{\"@type\":\"WebSite\",\"@id\":\"https:\\\/\\\/www.internationaled.com\\\/ar\\\/#website\",\"url\":\"https:\\\/\\\/www.internationaled.com\\\/ar\\\/\",\"name\":\"Coquitlam School District 43\",\"description\":\"Learning for a Lifetime\",\"potentialAction\":[{\"@type\":\"SearchAction\",\"target\":{\"@type\":\"EntryPoint\",\"urlTemplate\":\"https:\\\/\\\/www.internationaled.com\\\/ar\\\/?s={search_term_string}\"},\"query-input\":{\"@type\":\"PropertyValueSpecification\",\"valueRequired\":true,\"valueName\":\"search_term_string\"}}],\"inLanguage\":\"vi\"}]}<\/script>\n<!-- \/ Yoast SEO plugin. -->","yoast_head_json":{"title":"C\u00e1c Ho\u1ea1t \u0110\u1ed9ng - Coquitlam School District 43","robots":{"index":"index","follow":"follow","max-snippet":"max-snippet:-1","max-image-preview":"max-image-preview:large","max-video-preview":"max-video-preview:-1"},"canonical":"https:\/\/www.internationaled.com\/vi\/resources\/activities\/","og_locale":"vi_VN","og_type":"article","og_title":"C\u00e1c Ho\u1ea1t \u0110\u1ed9ng - Coquitlam School District 43","og_description":"C\u00e1c Nh\u00f3m v\u00e0 Ho\u1ea1t \u0110\u1ed9ng Gi\u1ea3i Tr\u00ed M\u1ed7i tr\u01b0\u1eddng c\u00f3 m\u1ed9t s\u1ed1 c\u00e1c ho\u1ea1t \u0111\u1ed9ng v\u00e0 c\u00e2u l\u1ea1c b\u1ed9 ngo\u1ea1i kh\u00f3a g\u1ed3m k\u1ecbch, ban nh\u1ea1c, h\u1ee3p x\u01b0\u1edbng, ni\u00ean b\u1ea1, tr\u01b0\u1ee3t tuy\u1ebft, c\u1edd vua v\u00e0 c\u00e1c ho\u1ea1t \u0111\u1ed9ng th\u1ec3 thao nh\u01b0 hockey s\u00e2n c\u1ecf, b\u00f3ng r\u1ed5, b\u00f3ng \u0111\u00e1, v\u1eadt, b\u01a1i l\u1ed9i, c\u00e1c m\u00f4n \u0111i\u1ec1n kinh v\u00e0 &hellip; Continue reading C\u00e1c Ho\u1ea1t \u0110\u1ed9ng &rarr;","og_url":"https:\/\/www.internationaled.com\/vi\/resources\/activities\/","og_site_name":"Coquitlam School District 43","article_modified_time":"2016-07-22T10:58:33+00:00","og_image":[{"width":1920,"height":400,"url":"https:\/\/www.internationaled.com\/wp-content\/uploads\/2015\/10\/fondo_actividades.jpg","type":"image\/jpeg"}],"twitter_card":"summary_large_image","twitter_misc":{"Est. reading time":"1 minute"},"schema":{"@context":"https:\/\/schema.org","@graph":[{"@type":"WebPage","@id":"https:\/\/www.internationaled.com\/vi\/resources\/activities\/","url":"https:\/\/www.internationaled.com\/vi\/resources\/activities\/","name":"C\u00e1c Ho\u1ea1t \u0110\u1ed9ng - Coquitlam School District 43","isPartOf":{"@id":"https:\/\/www.internationaled.com\/ar\/#website"},"primaryImageOfPage":{"@id":"https:\/\/www.internationaled.com\/vi\/resources\/activities\/#primaryimage"},"image":{"@id":"https:\/\/www.internationaled.com\/vi\/resources\/activities\/#primaryimage"},"thumbnailUrl":"https:\/\/cdn.internationaled.com\/wp-content\/uploads\/2015\/10\/fondo_actividades.jpg","datePublished":"2015-10-27T16:35:38+00:00","dateModified":"2016-07-22T10:58:33+00:00","breadcrumb":{"@id":"https:\/\/www.internationaled.com\/vi\/resources\/activities\/#breadcrumb"},"inLanguage":"vi","potentialAction":[{"@type":"ReadAction","target":["https:\/\/www.internationaled.com\/vi\/resources\/activities\/"]}]},{"@type":"ImageObject","inLanguage":"vi","@id":"https:\/\/www.internationaled.com\/vi\/resources\/activities\/#primaryimage","url":"https:\/\/cdn.internationaled.com\/wp-content\/uploads\/2015\/10\/fondo_actividades.jpg","contentUrl":"https:\/\/cdn.internationaled.com\/wp-content\/uploads\/2015\/10\/fondo_actividades.jpg","width":1920,"height":400},{"@type":"BreadcrumbList","@id":"https:\/\/www.internationaled.com\/vi\/resources\/activities\/#breadcrumb","itemListElement":[{"@type":"ListItem","position":1,"name":"Home","item":"https:\/\/www.internationaled.com\/vi\/"},{"@type":"ListItem","position":2,"name":"C\u00e1c Ngu\u1ed3n T\u01b0 Li\u1ec7u","item":"https:\/\/www.internationaled.com\/vi\/resources\/"},{"@type":"ListItem","position":3,"name":"C\u00e1c Ho\u1ea1t \u0110\u1ed9ng"}]},{"@type":"WebSite","@id":"https:\/\/www.internationaled.com\/ar\/#website","url":"https:\/\/www.internationaled.com\/ar\/","name":"Coquitlam School District 43","description":"Learning for a Lifetime","potentialAction":[{"@type":"SearchAction","target":{"@type":"EntryPoint","urlTemplate":"https:\/\/www.internationaled.com\/ar\/?s={search_term_string}"},"query-input":{"@type":"PropertyValueSpecification","valueRequired":true,"valueName":"search_term_string"}}],"inLanguage":"vi"}]}},"_links":{"self":[{"href":"https:\/\/www.internationaled.com\/vi\/wp-json\/wp\/v2\/pages\/3512","targetHints":{"allow":["GET"]}}],"collection":[{"href":"https:\/\/www.internationaled.com\/vi\/wp-json\/wp\/v2\/pages"}],"about":[{"href":"https:\/\/www.internationaled.com\/vi\/wp-json\/wp\/v2\/types\/page"}],"author":[{"embeddable":true,"href":"https:\/\/www.internationaled.com\/vi\/wp-json\/wp\/v2\/users\/14"}],"replies":[{"embeddable":true,"href":"https:\/\/www.internationaled.com\/vi\/wp-json\/wp\/v2\/comments?post=3512"}],"version-history":[{"count":2,"href":"https:\/\/www.internationaled.com\/vi\/wp-json\/wp\/v2\/pages\/3512\/revisions"}],"predecessor-version":[{"id":4808,"href":"https:\/\/www.internationaled.com\/vi\/wp-json\/wp\/v2\/pages\/3512\/revisions\/4808"}],"up":[{"embeddable":true,"href":"https:\/\/www.internationaled.com\/vi\/wp-json\/wp\/v2\/pages\/3515"}],"wp:featuredmedia":[{"embeddable":true,"href":"https:\/\/www.internationaled.com\/vi\/wp-json\/wp\/v2\/media\/322"}],"wp:attachment":[{"href":"https:\/\/www.internationaled.com\/vi\/wp-json\/wp\/v2\/media?parent=3512"}],"curies":[{"name":"wp","href":"https:\/\/api.w.org\/{rel}","templated":true}]}}