{"id":3513,"date":"2015-10-26T16:56:23","date_gmt":"2015-10-26T16:56:23","guid":{"rendered":"http:\/\/internationaled.com\/students\/?lang=vi"},"modified":"2016-07-22T10:51:49","modified_gmt":"2016-07-22T10:51:49","slug":"students","status":"publish","type":"page","link":"https:\/\/www.internationaled.com\/vi\/resources\/students\/","title":{"rendered":"Du H\u1ecdc Sinh C\u1ee7a Ch\u00fang T\u00f4i"},"content":{"rendered":"<p>H\u1ecdc Khu Coquitlam h\u00e3nh di\u1ec7n \u0111\u01b0\u1ee3c \u0111\u00f3n ti\u1ebfp du h\u1ecdc sinh v\u00e0 gia \u0111\u00ecnh c\u1ee7a h\u1ecd t\u1eeb m\u1ecdi qu\u1ed1c gia tr\u00ean th\u1ebf gi\u1edbi. Hi\u1ec7n t\u1ea1i, ch\u00fang t\u00f4i \u0111ang c\u00f3 nhi\u1ec1u du h\u1ecdc sinh l\u00e0 nh\u1eefng \u0111\u1ea1i s\u1ee9 tr\u1ebb tu\u1ed5i \u0111\u1ebfn t\u1eeb 23 qu\u1ed1c gia.<\/p>\n<p>Du h\u1ecdc sinh c\u1ee7a ch\u00fang t\u00f4i \u0111\u1ebfn t\u1eeb kh\u1eafp n\u01a1i tr\u00ean th\u1ebf gi\u1edbi \u0111\u1ec3 theo h\u1ecdc c\u00e1c l\u1edbp t\u1eeb M\u1eabu Gi\u00e1o \u0111\u1ebfn L\u1edbp 12 Ch\u01b0\u01a1ng tr\u00ecnh Gi\u00e1o D\u1ee5c Qu\u1ed1c T\u1ebf \u1edf H\u1ecdc Khu Coquitlam. M\u1ed9t s\u1ed1 c\u00e1c n\u01b0\u1edbc c\u00f3 du h\u1ecdc sinh \u0111\u1ebfn h\u1ecdc g\u1ed3m: \u00c1o, Brunei, Trung qu\u1ed1c, Anh, Fiji, Ph\u1ea7n Lan, Ph\u00e1p, \u0110\u1ee9c, Guatemala, Hong Kong, Indonesia, Nh\u1eadt, H\u00e0n Qu\u1ed1c, Macau, Mexico, Na Uy, Romania, Nga, Nam Phi, \u0110\u00e0i Loan, Th\u00e1i Lan, Singapore, Slovakia, Th\u1ee5y \u0110i\u1ec3n, Th\u1ee5y S\u0129, Hoa K\u1ef3 v\u00e0 Vi\u1ec7t Nam.<\/p>\n<p>Ver <a href=\"http:\/\/legacy.internationaled.com\/Vietnamese\/testimonials.shtml\">Xin xem th\u01b0 gi\u1edbi thi\u1ec7u c\u1ee7a m\u1ed9t s\u1ed1 du h\u1ecdc sinh c\u1ee7a ch\u00fang t\u00f4i.<\/a><\/p>\n<p><a href=\"http:\/\/legacy.internationaled.com\/forms\/eddy1.pdf\" target=\"_blank\">DU H\u1eccC SINH H\u1eccC V\u1ec0 V\u0102N H\u00d3A \u00c1 CH\u00c2U (th\u00e1ng 8 n\u0103m 2006)<\/a> M\u1ed9t cu\u1ed9c du ngo\u1ea1n m\u00f9a h\u00e8 \u0111\u1ebfn Nh\u1eadt B\u1ea3n, Hong Kong v\u00e0 H\u00e0n Qu\u1ed1c t\u1ea1o c\u01a1 h\u1ed9i cho 15 du h\u1ecdc sinh Riverside \u0111\u1eafm m\u00ecnh v\u00e0o v\u0103n h\u00f3a \u00c1 ch\u00e2u. Du h\u1ecdc sinh kh\u1edfi h\u00e0nh v\u00e0o ng\u00e0y 16 th\u00e1ng 8 n\u0103m 2006 v\u00e0 tr\u1edf v\u1ec1 v\u00e0o ng\u00e0y 3 th\u00e1ng 9 n\u0103m 2006.<\/p>\n<p><a href=\"http:\/\/legacy.internationaled.com\/forms\/eddy2.pdf\" target=\"_blank\">DU KH\u00c1CH \u00c1O T\u00ccM HI\u1ec2U \u0110\u1edcI S\u1ed0NG \u1ede CANADA (th\u00e1ng 9 n\u0103m 2006)<\/a> Gi\u1ea5c m\u01a1 c\u1ee7a nhi\u1ec1u thi\u1ebfu ni\u00ean l\u00e0 \u0111\u01b0\u1ee3c \u0111\u1ebfn m\u1ed9t x\u1ee9 l\u1ea1, v\u00e0 \u0111\u00f3 ch\u00ednh l\u00e0 \u0111i\u1ec1u \u0111\u00e3 x\u1ea3y \u0111\u1ebfn cho 26 du h\u1ecdc sinh \u00c1o c\u1ee7a Tr\u01b0\u1eddng Trung H\u1ecdc Landstrasser \u1edf Vienna. Riverside ti\u1ebfp \u0111\u00f3n nh\u1eefng du h\u1ecdc sinh n\u00e0y v\u1edbi nh\u1eefng l\u1eddi ch\u00e0o m\u1eebng \u0111\u1eb7c bi\u1ec7t, nh\u1eefng bu\u1ed5i h\u1ecdp m\u1eb7t ch\u00ednh th\u1ee9c, nh\u1eefng bi\u1ec3u ng\u1eef treo trong tr\u01b0\u1eddng v\u00e0 c\u00e1c th\u00f4ng tin tr\u00ean trang web c\u1ee7a tr\u01b0\u1eddng. Hai m\u01b0\u01a1i l\u0103m h\u1ecdc sinh Riverside s\u1ebd \u0111\u1ebfn th\u0103m Vienna v\u00e0 \u1edf v\u1edbi c\u00e1c b\u1ea1n m\u1edbi c\u1ee7a m\u00ecnh v\u00e0o th\u00e1ng Ba n\u0103m 2007.<\/p>\n","protected":false},"excerpt":{"rendered":"<p>H\u1ecdc Khu Coquitlam h\u00e3nh di\u1ec7n \u0111\u01b0\u1ee3c \u0111\u00f3n ti\u1ebfp du h\u1ecdc sinh v\u00e0 gia \u0111\u00ecnh c\u1ee7a h\u1ecd t\u1eeb m\u1ecdi qu\u1ed1c gia tr\u00ean th\u1ebf gi\u1edbi. Hi\u1ec7n t\u1ea1i, ch\u00fang t\u00f4i \u0111ang c\u00f3 nhi\u1ec1u du h\u1ecdc sinh l\u00e0 nh\u1eefng \u0111\u1ea1i s\u1ee9 tr\u1ebb tu\u1ed5i \u0111\u1ebfn t\u1eeb 23 qu\u1ed1c gia. Du h\u1ecdc sinh c\u1ee7a ch\u00fang t\u00f4i \u0111\u1ebfn t\u1eeb kh\u1eafp n\u01a1i tr\u00ean &hellip; <a href=\"https:\/\/www.internationaled.com\/vi\/resources\/students\/\" class=\"more-link\">Continue reading <span class=\"screen-reader-text\">Du H\u1ecdc Sinh C\u1ee7a Ch\u00fang T\u00f4i<\/span> <span class=\"meta-nav\">&rarr;<\/span><\/a><\/p>\n","protected":false},"author":14,"featured_media":305,"parent":3515,"menu_order":4,"comment_status":"closed","ping_status":"closed","template":"page-standard.php","meta":{"footnotes":""},"class_list":["post-3513","page","type-page","status-publish","has-post-thumbnail","hentry"],"yoast_head":"<!-- This site is optimized with the Yoast SEO plugin v27.4 - https:\/\/yoast.com\/product\/yoast-seo-wordpress\/ -->\n<title>Du H\u1ecdc Sinh C\u1ee7a Ch\u00fang T\u00f4i - Coquitlam School District 43<\/title>\n<meta name=\"robots\" content=\"index, follow, max-snippet:-1, max-image-preview:large, max-video-preview:-1\" \/>\n<link rel=\"canonical\" href=\"https:\/\/www.internationaled.com\/vi\/resources\/students\/\" \/>\n<meta property=\"og:locale\" content=\"vi_VN\" \/>\n<meta property=\"og:type\" content=\"article\" \/>\n<meta property=\"og:title\" content=\"Du H\u1ecdc Sinh C\u1ee7a Ch\u00fang T\u00f4i - Coquitlam School District 43\" \/>\n<meta property=\"og:description\" content=\"H\u1ecdc Khu Coquitlam h\u00e3nh di\u1ec7n \u0111\u01b0\u1ee3c \u0111\u00f3n ti\u1ebfp du h\u1ecdc sinh v\u00e0 gia \u0111\u00ecnh c\u1ee7a h\u1ecd t\u1eeb m\u1ecdi qu\u1ed1c gia tr\u00ean th\u1ebf gi\u1edbi. Hi\u1ec7n t\u1ea1i, ch\u00fang t\u00f4i \u0111ang c\u00f3 nhi\u1ec1u du h\u1ecdc sinh l\u00e0 nh\u1eefng \u0111\u1ea1i s\u1ee9 tr\u1ebb tu\u1ed5i \u0111\u1ebfn t\u1eeb 23 qu\u1ed1c gia. Du h\u1ecdc sinh c\u1ee7a ch\u00fang t\u00f4i \u0111\u1ebfn t\u1eeb kh\u1eafp n\u01a1i tr\u00ean &hellip; Continue reading Du H\u1ecdc Sinh C\u1ee7a Ch\u00fang T\u00f4i &rarr;\" \/>\n<meta property=\"og:url\" content=\"https:\/\/www.internationaled.com\/vi\/resources\/students\/\" \/>\n<meta property=\"og:site_name\" content=\"Coquitlam School District 43\" \/>\n<meta property=\"article:modified_time\" content=\"2016-07-22T10:51:49+00:00\" \/>\n<meta property=\"og:image\" content=\"https:\/\/www.internationaled.com\/wp-content\/uploads\/2015\/10\/fondo_our_students.jpg\" \/>\n\t<meta property=\"og:image:width\" content=\"1920\" \/>\n\t<meta property=\"og:image:height\" content=\"400\" \/>\n\t<meta property=\"og:image:type\" content=\"image\/jpeg\" \/>\n<meta name=\"twitter:card\" content=\"summary_large_image\" \/>\n<meta name=\"twitter:label1\" content=\"Est. reading time\" \/>\n\t<meta name=\"twitter:data1\" content=\"2 minutes\" \/>\n<script type=\"application\/ld+json\" class=\"yoast-schema-graph\">{\"@context\":\"https:\\\/\\\/schema.org\",\"@graph\":[{\"@type\":\"WebPage\",\"@id\":\"https:\\\/\\\/www.internationaled.com\\\/vi\\\/resources\\\/students\\\/\",\"url\":\"https:\\\/\\\/www.internationaled.com\\\/vi\\\/resources\\\/students\\\/\",\"name\":\"Du H\u1ecdc Sinh C\u1ee7a Ch\u00fang T\u00f4i - Coquitlam School District 43\",\"isPartOf\":{\"@id\":\"https:\\\/\\\/www.internationaled.com\\\/ar\\\/#website\"},\"primaryImageOfPage\":{\"@id\":\"https:\\\/\\\/www.internationaled.com\\\/vi\\\/resources\\\/students\\\/#primaryimage\"},\"image\":{\"@id\":\"https:\\\/\\\/www.internationaled.com\\\/vi\\\/resources\\\/students\\\/#primaryimage\"},\"thumbnailUrl\":\"https:\\\/\\\/cdn.internationaled.com\\\/wp-content\\\/uploads\\\/2015\\\/10\\\/fondo_our_students.jpg\",\"datePublished\":\"2015-10-26T16:56:23+00:00\",\"dateModified\":\"2016-07-22T10:51:49+00:00\",\"breadcrumb\":{\"@id\":\"https:\\\/\\\/www.internationaled.com\\\/vi\\\/resources\\\/students\\\/#breadcrumb\"},\"inLanguage\":\"vi\",\"potentialAction\":[{\"@type\":\"ReadAction\",\"target\":[\"https:\\\/\\\/www.internationaled.com\\\/vi\\\/resources\\\/students\\\/\"]}]},{\"@type\":\"ImageObject\",\"inLanguage\":\"vi\",\"@id\":\"https:\\\/\\\/www.internationaled.com\\\/vi\\\/resources\\\/students\\\/#primaryimage\",\"url\":\"https:\\\/\\\/cdn.internationaled.com\\\/wp-content\\\/uploads\\\/2015\\\/10\\\/fondo_our_students.jpg\",\"contentUrl\":\"https:\\\/\\\/cdn.internationaled.com\\\/wp-content\\\/uploads\\\/2015\\\/10\\\/fondo_our_students.jpg\",\"width\":1920,\"height\":400},{\"@type\":\"BreadcrumbList\",\"@id\":\"https:\\\/\\\/www.internationaled.com\\\/vi\\\/resources\\\/students\\\/#breadcrumb\",\"itemListElement\":[{\"@type\":\"ListItem\",\"position\":1,\"name\":\"Home\",\"item\":\"https:\\\/\\\/www.internationaled.com\\\/vi\\\/\"},{\"@type\":\"ListItem\",\"position\":2,\"name\":\"C\u00e1c Ngu\u1ed3n T\u01b0 Li\u1ec7u\",\"item\":\"https:\\\/\\\/www.internationaled.com\\\/vi\\\/resources\\\/\"},{\"@type\":\"ListItem\",\"position\":3,\"name\":\"Du H\u1ecdc Sinh C\u1ee7a Ch\u00fang T\u00f4i\"}]},{\"@type\":\"WebSite\",\"@id\":\"https:\\\/\\\/www.internationaled.com\\\/ar\\\/#website\",\"url\":\"https:\\\/\\\/www.internationaled.com\\\/ar\\\/\",\"name\":\"Coquitlam School District 43\",\"description\":\"Learning for a Lifetime\",\"potentialAction\":[{\"@type\":\"SearchAction\",\"target\":{\"@type\":\"EntryPoint\",\"urlTemplate\":\"https:\\\/\\\/www.internationaled.com\\\/ar\\\/?s={search_term_string}\"},\"query-input\":{\"@type\":\"PropertyValueSpecification\",\"valueRequired\":true,\"valueName\":\"search_term_string\"}}],\"inLanguage\":\"vi\"}]}<\/script>\n<!-- \/ Yoast SEO plugin. -->","yoast_head_json":{"title":"Du H\u1ecdc Sinh C\u1ee7a Ch\u00fang T\u00f4i - Coquitlam School District 43","robots":{"index":"index","follow":"follow","max-snippet":"max-snippet:-1","max-image-preview":"max-image-preview:large","max-video-preview":"max-video-preview:-1"},"canonical":"https:\/\/www.internationaled.com\/vi\/resources\/students\/","og_locale":"vi_VN","og_type":"article","og_title":"Du H\u1ecdc Sinh C\u1ee7a Ch\u00fang T\u00f4i - Coquitlam School District 43","og_description":"H\u1ecdc Khu Coquitlam h\u00e3nh di\u1ec7n \u0111\u01b0\u1ee3c \u0111\u00f3n ti\u1ebfp du h\u1ecdc sinh v\u00e0 gia \u0111\u00ecnh c\u1ee7a h\u1ecd t\u1eeb m\u1ecdi qu\u1ed1c gia tr\u00ean th\u1ebf gi\u1edbi. Hi\u1ec7n t\u1ea1i, ch\u00fang t\u00f4i \u0111ang c\u00f3 nhi\u1ec1u du h\u1ecdc sinh l\u00e0 nh\u1eefng \u0111\u1ea1i s\u1ee9 tr\u1ebb tu\u1ed5i \u0111\u1ebfn t\u1eeb 23 qu\u1ed1c gia. Du h\u1ecdc sinh c\u1ee7a ch\u00fang t\u00f4i \u0111\u1ebfn t\u1eeb kh\u1eafp n\u01a1i tr\u00ean &hellip; Continue reading Du H\u1ecdc Sinh C\u1ee7a Ch\u00fang T\u00f4i &rarr;","og_url":"https:\/\/www.internationaled.com\/vi\/resources\/students\/","og_site_name":"Coquitlam School District 43","article_modified_time":"2016-07-22T10:51:49+00:00","og_image":[{"width":1920,"height":400,"url":"https:\/\/www.internationaled.com\/wp-content\/uploads\/2015\/10\/fondo_our_students.jpg","type":"image\/jpeg"}],"twitter_card":"summary_large_image","twitter_misc":{"Est. reading time":"2 minutes"},"schema":{"@context":"https:\/\/schema.org","@graph":[{"@type":"WebPage","@id":"https:\/\/www.internationaled.com\/vi\/resources\/students\/","url":"https:\/\/www.internationaled.com\/vi\/resources\/students\/","name":"Du H\u1ecdc Sinh C\u1ee7a Ch\u00fang T\u00f4i - Coquitlam School District 43","isPartOf":{"@id":"https:\/\/www.internationaled.com\/ar\/#website"},"primaryImageOfPage":{"@id":"https:\/\/www.internationaled.com\/vi\/resources\/students\/#primaryimage"},"image":{"@id":"https:\/\/www.internationaled.com\/vi\/resources\/students\/#primaryimage"},"thumbnailUrl":"https:\/\/cdn.internationaled.com\/wp-content\/uploads\/2015\/10\/fondo_our_students.jpg","datePublished":"2015-10-26T16:56:23+00:00","dateModified":"2016-07-22T10:51:49+00:00","breadcrumb":{"@id":"https:\/\/www.internationaled.com\/vi\/resources\/students\/#breadcrumb"},"inLanguage":"vi","potentialAction":[{"@type":"ReadAction","target":["https:\/\/www.internationaled.com\/vi\/resources\/students\/"]}]},{"@type":"ImageObject","inLanguage":"vi","@id":"https:\/\/www.internationaled.com\/vi\/resources\/students\/#primaryimage","url":"https:\/\/cdn.internationaled.com\/wp-content\/uploads\/2015\/10\/fondo_our_students.jpg","contentUrl":"https:\/\/cdn.internationaled.com\/wp-content\/uploads\/2015\/10\/fondo_our_students.jpg","width":1920,"height":400},{"@type":"BreadcrumbList","@id":"https:\/\/www.internationaled.com\/vi\/resources\/students\/#breadcrumb","itemListElement":[{"@type":"ListItem","position":1,"name":"Home","item":"https:\/\/www.internationaled.com\/vi\/"},{"@type":"ListItem","position":2,"name":"C\u00e1c Ngu\u1ed3n T\u01b0 Li\u1ec7u","item":"https:\/\/www.internationaled.com\/vi\/resources\/"},{"@type":"ListItem","position":3,"name":"Du H\u1ecdc Sinh C\u1ee7a Ch\u00fang T\u00f4i"}]},{"@type":"WebSite","@id":"https:\/\/www.internationaled.com\/ar\/#website","url":"https:\/\/www.internationaled.com\/ar\/","name":"Coquitlam School District 43","description":"Learning for a Lifetime","potentialAction":[{"@type":"SearchAction","target":{"@type":"EntryPoint","urlTemplate":"https:\/\/www.internationaled.com\/ar\/?s={search_term_string}"},"query-input":{"@type":"PropertyValueSpecification","valueRequired":true,"valueName":"search_term_string"}}],"inLanguage":"vi"}]}},"_links":{"self":[{"href":"https:\/\/www.internationaled.com\/vi\/wp-json\/wp\/v2\/pages\/3513","targetHints":{"allow":["GET"]}}],"collection":[{"href":"https:\/\/www.internationaled.com\/vi\/wp-json\/wp\/v2\/pages"}],"about":[{"href":"https:\/\/www.internationaled.com\/vi\/wp-json\/wp\/v2\/types\/page"}],"author":[{"embeddable":true,"href":"https:\/\/www.internationaled.com\/vi\/wp-json\/wp\/v2\/users\/14"}],"replies":[{"embeddable":true,"href":"https:\/\/www.internationaled.com\/vi\/wp-json\/wp\/v2\/comments?post=3513"}],"version-history":[{"count":1,"href":"https:\/\/www.internationaled.com\/vi\/wp-json\/wp\/v2\/pages\/3513\/revisions"}],"predecessor-version":[{"id":3676,"href":"https:\/\/www.internationaled.com\/vi\/wp-json\/wp\/v2\/pages\/3513\/revisions\/3676"}],"up":[{"embeddable":true,"href":"https:\/\/www.internationaled.com\/vi\/wp-json\/wp\/v2\/pages\/3515"}],"wp:featuredmedia":[{"embeddable":true,"href":"https:\/\/www.internationaled.com\/vi\/wp-json\/wp\/v2\/media\/305"}],"wp:attachment":[{"href":"https:\/\/www.internationaled.com\/vi\/wp-json\/wp\/v2\/media?parent=3513"}],"curies":[{"name":"wp","href":"https:\/\/api.w.org\/{rel}","templated":true}]}}