{"id":3514,"date":"2015-10-22T15:41:13","date_gmt":"2015-10-22T15:41:13","guid":{"rendered":"http:\/\/internationaled.com\/community\/?lang=vi"},"modified":"2016-07-22T10:47:32","modified_gmt":"2016-07-22T10:47:32","slug":"community","status":"publish","type":"page","link":"https:\/\/www.internationaled.com\/vi\/resources\/community\/","title":{"rendered":"C\u1ed9ng \u0110\u1ed3ng C\u1ee7a Ch\u00fang T\u00f4i"},"content":{"rendered":"<h3 class=\"blue\">C\u1ed9ng \u0110\u1ed3ng Coquitlam<\/h3>\n<p>Coquitlam l\u00e0 h\u1ecdc khu l\u1edbn nh\u1ea5t, v\u00e0o h\u00e0ng th\u1ee9 ba \u1edf British Columbia v\u1edbi 30.000 h\u1ecdc sinh thu\u1ed9c 66 tr\u01b0\u1eddng. Qu\u1eadn H\u1ea1t bao g\u1ed3m c\u00e1c th\u00e0nh ph\u1ed1 Coquitlam, Port Moody, Port Coquitlam v\u00e0 c\u00e1c x\u00e3 Belcarra v\u00e0 Anmore. T\u1ed5ng d\u00e2n s\u1ed1 c\u1ee7a v\u00f9ng Tri-Cities l\u00e0 206.000 ng\u01b0\u1eddi tr\u1ea3i \u0111\u1ec1u tr\u00ean 200 c\u00e2y s\u1ed1 vu\u00f4ng.<\/p>\n<p>Ch\u00fang t\u00f4i ch\u1ec9 c\u00e1ch th\u00e0nh ph\u1ed1 Vancouver c\u00f3 30 ph\u00fat \u0111i b\u1eb1ng xe ho\u1eb7c b\u1eb1ng t\u00e0u Sky Train. Hai tr\u01b0\u1eddng \u0111\u1ea1i h\u1ecdc ch\u00ednh l\u00e0 \u0110\u1ea1i H\u1ecdc Simon Fraser v\u00e0 \u0110\u1ea1i H\u1ecdc British Columbia \u0111\u1ec1u \u1edf g\u1ea7n Coquitlam. Khu tr\u01b0\u1ee3t tuy\u1ebft \u0111\u1eb3ng c\u1ea5p qu\u1ed1c t\u1ebf Whistler Mountain, n\u01a1i \u0111\u1ee9ng ra t\u1ed5 ch\u1ee9c Th\u1ebf V\u1eadn H\u1ed9i M\u00f9a \u0110\u00f4ng 2010, ch\u1ec9 c\u00e1ch H\u1ecdc Khu kh\u00f4ng \u0111\u1ea7y 2 ti\u1ebfng \u0111\u1ed3ng h\u1ed3 \u0111i xe. Ch\u00fang t\u00f4i c\u00f3 kh\u00ed h\u1eadu \u00f4n h\u00f2a v\u1edbi m\u1ed9t m\u00f4i tr\u01b0\u1eddng an to\u00e0n v\u00e0 m\u1ed9t l\u1ed1i s\u1ed1ng sung t\u00fac. N\u00e9p m\u00ecnh trong c\u00e1c d\u00e3y n\u00fai, n\u1eb1m tr\u00ean b\u1edd Th\u00e1i B\u00ecnh D\u01b0\u01a1ng v\u00e0 s\u00f4ng Fraser, Coquitlam qu\u1ea3 th\u1eadt l\u00e0 m\u1ed9t \u0111\u1ecba \u0111i\u1ec3m l\u00fd t\u01b0\u1edfng quanh n\u0103m cho du h\u1ecdc sinh v\u1edbi nh\u1eefng n\u01a1i gi\u1ea3i tr\u00ed, mua s\u1eafm v\u00e0 \u0103n c\u00e1c m\u00f3n \u0103n d\u00e2n t\u1ed9c.<\/p>\n<p>Sau \u0111\u00e2y l\u00e0 danh s\u00e1ch c\u00e1c k\u1ebft n\u1ed1i c\u00f3 li\u00ean quan trong l\u00e3nh v\u1ef1c t\u1ed5ng qu\u00e1t c\u1ee7a ch\u00fang t\u00f4i:<\/p>\n<ul>\n<li><a href=\"http:\/\/www.studyinbc.org\" target=\"_blank\">www.studyinbc.org<\/a><\/li>\n<li><a href=\"http:\/\/www.translink.bc.ca\" target=\"_blank\">www.translink.bc.ca<\/a><\/li>\n<li><a href=\"http:\/\/www.library.coquitlam.bc.ca\" target=\"_blank\">www.library.coquitlam.bc.ca<\/a><\/li>\n<li><a href=\"http:\/\/www.ubc.ca\" target=\"_blank\">www.ubc.ca<\/a><\/li>\n<li><a href=\"http:\/\/www.sfu.ca\" target=\"_blank\">www.sfu.ca<\/a><\/li>\n<li><a href=\"http:\/\/www.douglas.bc.ca\" target=\"_blank\">www.douglas.bc.ca<\/a><\/li>\n<li><a href=\"http:\/\/www.discovervancouver.com\" target=\"_blank\">www.discovervancouver.com<\/a><\/li>\n<li><a href=\"http:\/\/www.citysoup.ca\" target=\"_blank\">www.citysoup.ca<\/a><\/li>\n<\/ul>\n","protected":false},"excerpt":{"rendered":"<p>C\u1ed9ng \u0110\u1ed3ng Coquitlam Coquitlam l\u00e0 h\u1ecdc khu l\u1edbn nh\u1ea5t, v\u00e0o h\u00e0ng th\u1ee9 ba \u1edf British Columbia v\u1edbi 30.000 h\u1ecdc sinh thu\u1ed9c 66 tr\u01b0\u1eddng. Qu\u1eadn H\u1ea1t bao g\u1ed3m c\u00e1c th\u00e0nh ph\u1ed1 Coquitlam, Port Moody, Port Coquitlam v\u00e0 c\u00e1c x\u00e3 Belcarra v\u00e0 Anmore. T\u1ed5ng d\u00e2n s\u1ed1 c\u1ee7a v\u00f9ng Tri-Cities l\u00e0 206.000 ng\u01b0\u1eddi tr\u1ea3i \u0111\u1ec1u tr\u00ean 200 c\u00e2y &hellip; <a href=\"https:\/\/www.internationaled.com\/vi\/resources\/community\/\" class=\"more-link\">Continue reading <span class=\"screen-reader-text\">C\u1ed9ng \u0110\u1ed3ng C\u1ee7a Ch\u00fang T\u00f4i<\/span> <span class=\"meta-nav\">&rarr;<\/span><\/a><\/p>\n","protected":false},"author":14,"featured_media":304,"parent":3515,"menu_order":2,"comment_status":"closed","ping_status":"closed","template":"page-standard.php","meta":{"footnotes":""},"class_list":["post-3514","page","type-page","status-publish","has-post-thumbnail","hentry"],"yoast_head":"<!-- This site is optimized with the Yoast SEO plugin v27.3 - https:\/\/yoast.com\/product\/yoast-seo-wordpress\/ -->\n<title>C\u1ed9ng \u0110\u1ed3ng C\u1ee7a Ch\u00fang T\u00f4i - Coquitlam School District 43<\/title>\n<meta name=\"robots\" content=\"index, follow, max-snippet:-1, max-image-preview:large, max-video-preview:-1\" \/>\n<link rel=\"canonical\" href=\"https:\/\/www.internationaled.com\/vi\/resources\/community\/\" \/>\n<meta property=\"og:locale\" content=\"vi_VN\" \/>\n<meta property=\"og:type\" content=\"article\" \/>\n<meta property=\"og:title\" content=\"C\u1ed9ng \u0110\u1ed3ng C\u1ee7a Ch\u00fang T\u00f4i - Coquitlam School District 43\" \/>\n<meta property=\"og:description\" content=\"C\u1ed9ng \u0110\u1ed3ng Coquitlam Coquitlam l\u00e0 h\u1ecdc khu l\u1edbn nh\u1ea5t, v\u00e0o h\u00e0ng th\u1ee9 ba \u1edf British Columbia v\u1edbi 30.000 h\u1ecdc sinh thu\u1ed9c 66 tr\u01b0\u1eddng. Qu\u1eadn H\u1ea1t bao g\u1ed3m c\u00e1c th\u00e0nh ph\u1ed1 Coquitlam, Port Moody, Port Coquitlam v\u00e0 c\u00e1c x\u00e3 Belcarra v\u00e0 Anmore. T\u1ed5ng d\u00e2n s\u1ed1 c\u1ee7a v\u00f9ng Tri-Cities l\u00e0 206.000 ng\u01b0\u1eddi tr\u1ea3i \u0111\u1ec1u tr\u00ean 200 c\u00e2y &hellip; Continue reading C\u1ed9ng \u0110\u1ed3ng C\u1ee7a Ch\u00fang T\u00f4i &rarr;\" \/>\n<meta property=\"og:url\" content=\"https:\/\/www.internationaled.com\/vi\/resources\/community\/\" \/>\n<meta property=\"og:site_name\" content=\"Coquitlam School District 43\" \/>\n<meta property=\"article:modified_time\" content=\"2016-07-22T10:47:32+00:00\" \/>\n<meta property=\"og:image\" content=\"https:\/\/www.internationaled.com\/wp-content\/uploads\/2015\/10\/fondo_our_community1.jpg\" \/>\n\t<meta property=\"og:image:width\" content=\"1920\" \/>\n\t<meta property=\"og:image:height\" content=\"400\" \/>\n\t<meta property=\"og:image:type\" content=\"image\/jpeg\" \/>\n<meta name=\"twitter:card\" content=\"summary_large_image\" \/>\n<meta name=\"twitter:label1\" content=\"Est. reading time\" \/>\n\t<meta name=\"twitter:data1\" content=\"2 minutes\" \/>\n<script type=\"application\/ld+json\" class=\"yoast-schema-graph\">{\"@context\":\"https:\\\/\\\/schema.org\",\"@graph\":[{\"@type\":\"WebPage\",\"@id\":\"https:\\\/\\\/www.internationaled.com\\\/vi\\\/resources\\\/community\\\/\",\"url\":\"https:\\\/\\\/www.internationaled.com\\\/vi\\\/resources\\\/community\\\/\",\"name\":\"C\u1ed9ng \u0110\u1ed3ng C\u1ee7a Ch\u00fang T\u00f4i - Coquitlam School District 43\",\"isPartOf\":{\"@id\":\"https:\\\/\\\/www.internationaled.com\\\/ar\\\/#website\"},\"primaryImageOfPage\":{\"@id\":\"https:\\\/\\\/www.internationaled.com\\\/vi\\\/resources\\\/community\\\/#primaryimage\"},\"image\":{\"@id\":\"https:\\\/\\\/www.internationaled.com\\\/vi\\\/resources\\\/community\\\/#primaryimage\"},\"thumbnailUrl\":\"https:\\\/\\\/cdn.internationaled.com\\\/wp-content\\\/uploads\\\/2015\\\/10\\\/fondo_our_community1.jpg\",\"datePublished\":\"2015-10-22T15:41:13+00:00\",\"dateModified\":\"2016-07-22T10:47:32+00:00\",\"breadcrumb\":{\"@id\":\"https:\\\/\\\/www.internationaled.com\\\/vi\\\/resources\\\/community\\\/#breadcrumb\"},\"inLanguage\":\"vi\",\"potentialAction\":[{\"@type\":\"ReadAction\",\"target\":[\"https:\\\/\\\/www.internationaled.com\\\/vi\\\/resources\\\/community\\\/\"]}]},{\"@type\":\"ImageObject\",\"inLanguage\":\"vi\",\"@id\":\"https:\\\/\\\/www.internationaled.com\\\/vi\\\/resources\\\/community\\\/#primaryimage\",\"url\":\"https:\\\/\\\/cdn.internationaled.com\\\/wp-content\\\/uploads\\\/2015\\\/10\\\/fondo_our_community1.jpg\",\"contentUrl\":\"https:\\\/\\\/cdn.internationaled.com\\\/wp-content\\\/uploads\\\/2015\\\/10\\\/fondo_our_community1.jpg\",\"width\":1920,\"height\":400},{\"@type\":\"BreadcrumbList\",\"@id\":\"https:\\\/\\\/www.internationaled.com\\\/vi\\\/resources\\\/community\\\/#breadcrumb\",\"itemListElement\":[{\"@type\":\"ListItem\",\"position\":1,\"name\":\"Home\",\"item\":\"https:\\\/\\\/www.internationaled.com\\\/vi\\\/\"},{\"@type\":\"ListItem\",\"position\":2,\"name\":\"C\u00e1c Ngu\u1ed3n T\u01b0 Li\u1ec7u\",\"item\":\"https:\\\/\\\/www.internationaled.com\\\/vi\\\/resources\\\/\"},{\"@type\":\"ListItem\",\"position\":3,\"name\":\"C\u1ed9ng \u0110\u1ed3ng C\u1ee7a Ch\u00fang T\u00f4i\"}]},{\"@type\":\"WebSite\",\"@id\":\"https:\\\/\\\/www.internationaled.com\\\/ar\\\/#website\",\"url\":\"https:\\\/\\\/www.internationaled.com\\\/ar\\\/\",\"name\":\"Coquitlam School District 43\",\"description\":\"Learning for a Lifetime\",\"potentialAction\":[{\"@type\":\"SearchAction\",\"target\":{\"@type\":\"EntryPoint\",\"urlTemplate\":\"https:\\\/\\\/www.internationaled.com\\\/ar\\\/?s={search_term_string}\"},\"query-input\":{\"@type\":\"PropertyValueSpecification\",\"valueRequired\":true,\"valueName\":\"search_term_string\"}}],\"inLanguage\":\"vi\"}]}<\/script>\n<!-- \/ Yoast SEO plugin. -->","yoast_head_json":{"title":"C\u1ed9ng \u0110\u1ed3ng C\u1ee7a Ch\u00fang T\u00f4i - Coquitlam School District 43","robots":{"index":"index","follow":"follow","max-snippet":"max-snippet:-1","max-image-preview":"max-image-preview:large","max-video-preview":"max-video-preview:-1"},"canonical":"https:\/\/www.internationaled.com\/vi\/resources\/community\/","og_locale":"vi_VN","og_type":"article","og_title":"C\u1ed9ng \u0110\u1ed3ng C\u1ee7a Ch\u00fang T\u00f4i - Coquitlam School District 43","og_description":"C\u1ed9ng \u0110\u1ed3ng Coquitlam Coquitlam l\u00e0 h\u1ecdc khu l\u1edbn nh\u1ea5t, v\u00e0o h\u00e0ng th\u1ee9 ba \u1edf British Columbia v\u1edbi 30.000 h\u1ecdc sinh thu\u1ed9c 66 tr\u01b0\u1eddng. Qu\u1eadn H\u1ea1t bao g\u1ed3m c\u00e1c th\u00e0nh ph\u1ed1 Coquitlam, Port Moody, Port Coquitlam v\u00e0 c\u00e1c x\u00e3 Belcarra v\u00e0 Anmore. T\u1ed5ng d\u00e2n s\u1ed1 c\u1ee7a v\u00f9ng Tri-Cities l\u00e0 206.000 ng\u01b0\u1eddi tr\u1ea3i \u0111\u1ec1u tr\u00ean 200 c\u00e2y &hellip; Continue reading C\u1ed9ng \u0110\u1ed3ng C\u1ee7a Ch\u00fang T\u00f4i &rarr;","og_url":"https:\/\/www.internationaled.com\/vi\/resources\/community\/","og_site_name":"Coquitlam School District 43","article_modified_time":"2016-07-22T10:47:32+00:00","og_image":[{"width":1920,"height":400,"url":"https:\/\/www.internationaled.com\/wp-content\/uploads\/2015\/10\/fondo_our_community1.jpg","type":"image\/jpeg"}],"twitter_card":"summary_large_image","twitter_misc":{"Est. reading time":"2 minutes"},"schema":{"@context":"https:\/\/schema.org","@graph":[{"@type":"WebPage","@id":"https:\/\/www.internationaled.com\/vi\/resources\/community\/","url":"https:\/\/www.internationaled.com\/vi\/resources\/community\/","name":"C\u1ed9ng \u0110\u1ed3ng C\u1ee7a Ch\u00fang T\u00f4i - Coquitlam School District 43","isPartOf":{"@id":"https:\/\/www.internationaled.com\/ar\/#website"},"primaryImageOfPage":{"@id":"https:\/\/www.internationaled.com\/vi\/resources\/community\/#primaryimage"},"image":{"@id":"https:\/\/www.internationaled.com\/vi\/resources\/community\/#primaryimage"},"thumbnailUrl":"https:\/\/cdn.internationaled.com\/wp-content\/uploads\/2015\/10\/fondo_our_community1.jpg","datePublished":"2015-10-22T15:41:13+00:00","dateModified":"2016-07-22T10:47:32+00:00","breadcrumb":{"@id":"https:\/\/www.internationaled.com\/vi\/resources\/community\/#breadcrumb"},"inLanguage":"vi","potentialAction":[{"@type":"ReadAction","target":["https:\/\/www.internationaled.com\/vi\/resources\/community\/"]}]},{"@type":"ImageObject","inLanguage":"vi","@id":"https:\/\/www.internationaled.com\/vi\/resources\/community\/#primaryimage","url":"https:\/\/cdn.internationaled.com\/wp-content\/uploads\/2015\/10\/fondo_our_community1.jpg","contentUrl":"https:\/\/cdn.internationaled.com\/wp-content\/uploads\/2015\/10\/fondo_our_community1.jpg","width":1920,"height":400},{"@type":"BreadcrumbList","@id":"https:\/\/www.internationaled.com\/vi\/resources\/community\/#breadcrumb","itemListElement":[{"@type":"ListItem","position":1,"name":"Home","item":"https:\/\/www.internationaled.com\/vi\/"},{"@type":"ListItem","position":2,"name":"C\u00e1c Ngu\u1ed3n T\u01b0 Li\u1ec7u","item":"https:\/\/www.internationaled.com\/vi\/resources\/"},{"@type":"ListItem","position":3,"name":"C\u1ed9ng \u0110\u1ed3ng C\u1ee7a Ch\u00fang T\u00f4i"}]},{"@type":"WebSite","@id":"https:\/\/www.internationaled.com\/ar\/#website","url":"https:\/\/www.internationaled.com\/ar\/","name":"Coquitlam School District 43","description":"Learning for a Lifetime","potentialAction":[{"@type":"SearchAction","target":{"@type":"EntryPoint","urlTemplate":"https:\/\/www.internationaled.com\/ar\/?s={search_term_string}"},"query-input":{"@type":"PropertyValueSpecification","valueRequired":true,"valueName":"search_term_string"}}],"inLanguage":"vi"}]}},"_links":{"self":[{"href":"https:\/\/www.internationaled.com\/vi\/wp-json\/wp\/v2\/pages\/3514","targetHints":{"allow":["GET"]}}],"collection":[{"href":"https:\/\/www.internationaled.com\/vi\/wp-json\/wp\/v2\/pages"}],"about":[{"href":"https:\/\/www.internationaled.com\/vi\/wp-json\/wp\/v2\/types\/page"}],"author":[{"embeddable":true,"href":"https:\/\/www.internationaled.com\/vi\/wp-json\/wp\/v2\/users\/14"}],"replies":[{"embeddable":true,"href":"https:\/\/www.internationaled.com\/vi\/wp-json\/wp\/v2\/comments?post=3514"}],"version-history":[{"count":1,"href":"https:\/\/www.internationaled.com\/vi\/wp-json\/wp\/v2\/pages\/3514\/revisions"}],"predecessor-version":[{"id":3675,"href":"https:\/\/www.internationaled.com\/vi\/wp-json\/wp\/v2\/pages\/3514\/revisions\/3675"}],"up":[{"embeddable":true,"href":"https:\/\/www.internationaled.com\/vi\/wp-json\/wp\/v2\/pages\/3515"}],"wp:featuredmedia":[{"embeddable":true,"href":"https:\/\/www.internationaled.com\/vi\/wp-json\/wp\/v2\/media\/304"}],"wp:attachment":[{"href":"https:\/\/www.internationaled.com\/vi\/wp-json\/wp\/v2\/media?parent=3514"}],"curies":[{"name":"wp","href":"https:\/\/api.w.org\/{rel}","templated":true}]}}