{"id":3515,"date":"2015-10-27T16:35:50","date_gmt":"2015-10-27T16:35:50","guid":{"rendered":"http:\/\/internationaled.com\/resources\/?lang=vi"},"modified":"2016-07-22T10:43:02","modified_gmt":"2016-07-22T10:43:02","slug":"resources","status":"publish","type":"page","link":"https:\/\/www.internationaled.com\/vi\/resources\/","title":{"rendered":"C\u00e1c Ngu\u1ed3n T\u01b0 Li\u1ec7u"},"content":{"rendered":"<div class=\"content\">\n<h2 class=\"green\">C\u00e1c Ngu\u1ed3n T\u01b0 Li\u1ec7u<\/h2>\n<p>C\u00e1c ngu\u1ed3n h\u1ecdc thu\u1eadt bao g\u1ed3m gi\u1ea3ng d\u1ea1y \u0111\u01b0\u1ee3c m\u00e1y t\u00ednh h\u1ed7 tr\u1ee3, th\u01b0 vi\u1ec7n v\u1edbi c\u00f4ng ngh\u1ec7 CD-Rom, ph\u00f2ng th\u00ed nghi\u1ec7m khoa h\u1ecdc, ph\u00f2ng khi\u00eau v\u0169, ph\u00f2ng sinh ho\u1ea1t h\u1ecdc sinh, trung t\u00e2m c\u00f4ng ngh\u1ec7, ph\u00f2ng t\u1eadp, qu\u00e1n \u0103n tr\u01b0a, c\u00e1c t\u01b0 v\u1ea5n vi\u00ean \u0111\u1ec3 gi\u00fap \u0111\u1ee1 du h\u1ecdc sinh trong vi\u1ec7c ho\u1ea1ch \u0111\u1ecbnh c\u00e1c m\u00f4n h\u1ecdc, ghi danh v\u00e0o \u0111\u1ea1i h\u1ecdc v\u00e0 cao \u0111\u1eb3ng, ho\u1ea1ch \u0111\u1ecbnh s\u1ef1 nghi\u1ec7p, c\u00e1c v\u1ea5n \u0111\u1ec1 v\u1ec1 k\u1ef9 n\u0103ng h\u1ecdc t\u1eadp v\u00e0 c\u00e1 nh\u00e2n.<\/p>\n<ul>\n<li><a href=\"http:\/\/legacy.internationaled.com\/forms\/PolicyStatementdistrictcodeofconduct.pdf\" target=\"_blank\">Tuy\u00ean B\u1ed1 v\u1ec1 Ch\u00ednh s\u00e1ch Quy T\u1eafc \u1ee8ng X\u1eed c\u1ee7a H\u1ecdc Khu<\/a><\/li>\n<li><a href=\"http:\/\/legacy.internationaled.com\/forms\/STUDENTSAFETYAWARENESS.pdf\" target=\"_blank\">An To\u00e0n c\u1ee7a H\u1ecdc Sinh<\/a><\/li>\n<\/ul>\n<p>C\u00e1c trang web sau \u0111\u00e2y c\u00f3 th\u1ec3 cung c\u1ea5p m\u1ed9t s\u1ed1 th\u00f4ng tin t\u1ed1t:<\/p>\n<ul>\n<li><a href=\"http:\/\/www.schoolsincanada.com\" target=\"_blank\">www.schoolsincanada.com<\/a><\/li>\n<\/ul>\n<p>H\u1eccC KHU S\u1ed0 43 V\u00c0 TR\u01af\u1edcNG CAO \u0110\u1eb2NG QU\u1ed0C T\u1ebe CANADA H\u00c2N H\u1ea0NH LOAN B\u00c1O VI\u1ec6C TR\u1ede TH\u00c0NH TRUNG T\u00c2M TR\u1eaeC NGHI\u1ec6M TOEFL \u0110\u01af\u1ee2C C\u00d4NG NH\u1eacN T\u1ea0I TRUNG T\u00c2M WINSLOW:<\/p>\n<ul>\n<li><a href=\"http:\/\/www.ets.org\/bin\/getprogram.cgi?urlSource=toefl&amp;newRegURL=&amp;test=TOEFL&amp;browserType=Other&amp;toeflType=&amp;redirect=&amp;t_country1=group_Canada&amp;date_selected_old=\" target=\"_blank\">Ghi danh tr\u1ef1c tuy\u1ebfn Thi Tr\u1eafc Nghi\u1ec7m TOEFL <\/a><\/li>\n<\/ul>\n<h2 class=\"green\">T\u00e0i Nguy\u00ean Kh\u00e1c<\/h2>\n<p><strong>Canada Immigration<\/strong><br \/>\n<a href=\"http:\/\/www.cic.gc.ca\/\">http:\/\/www.cic.gc.ca\/<\/a><\/p>\n<p><strong>BC Ministry of Education<\/strong><br \/>\n<a href=\"http:\/\/www.gov.bc.ca\/bced\/\">http:\/\/www.gov.bc.ca\/bced\/<\/a><\/p>\n<p><strong>City of Coquitlam<\/strong><br \/>\n<a href=\"http:\/\/www.coquitlam.ca\">http:\/\/www.coquitlam.ca<\/a><\/p>\n<p><strong>City of Port Coquitlam<\/strong><br \/>\n<a href=\"http:\/\/www.portcoquitlam.ca\">http:\/\/www.portcoquitlam.ca<\/a><\/p>\n<p><strong>City of Port Moody<\/strong><br \/>\n<a href=\"http:\/\/www.cityofportmoody.com\">http:\/\/www.cityofportmoody.com<\/a><\/p>\n<p><strong>Belcarra<\/strong><br \/>\n<a href=\"http:\/\/belcarra.ca\">http:\/\/belcarra.ca<\/a><\/p>\n<p><strong> Anmore<\/strong><br \/>\n<a href=\"http:\/\/anmore.com\">http:\/\/anmore.com<\/a><\/p>\n<p>&nbsp;<\/p>\n<p><strong>Transit information <\/strong><a href=\"http:\/\/www.translink.ca\/\" target=\"_blank\"><br \/>\nhttp:\/\/www.translink.ca\/<\/a><\/p>\n<p><strong>Coquitlam Parks and Recreation<\/strong><br \/>\n<a href=\"http:\/\/www2.vpl.vancouver.bc.ca\/DBs\/Redbook\/orgPgs\/1\/1171.html\">http:\/\/www2.vpl.vancouver.bc.ca\/DBs\/Redbook\/orgPgs\/1\/1171.html<\/a><\/p>\n<p><strong>Confucius Classroom \u2013 Worldwide<\/strong><br \/>\n<a href=\"http:\/\/english.hanban.org\/index.php\">http:\/\/english.hanban.org\/index.php<\/a><\/p>\n<p><strong>Vancouver Tourism<\/strong><br \/>\n<a href=\"http:\/\/www.tourismvancouver.com\">http:\/\/www.tourismvancouver.com<\/a><\/p>\n<p><strong>Vancouver Board of Trade<\/strong><br \/>\n<a href=\"http:\/\/www.boardoftrade.com\/\">http:\/\/www.boardoftrade.com\/<\/a><\/p>\n<p><strong>Tri-Cities Chamber of Commerce<\/strong><br \/>\n<a href=\"http:\/\/www.tricitieschamber.com\">http:\/\/www.tricitieschamber.com<\/a><\/p>\n<p><strong>Vancouver&#8230; the Most Livable City in the World \u2013 5 years in a Row CBC News Article &#8211; Economist Magazine 2009 &#8211; <\/strong> <a href=\"http:\/\/www.cbc.ca\/canada\/british-columbia\/story\/2007\/08\/23\/bc-vancouver.html\">http:\/\/www.cbc.ca\/canada\/british-columbia\/story\/2007\/08\/23\/bc-vancouver.html<\/a><\/p>\n<p><strong>Coquitlam Public Library <\/strong><br \/>\n<a href=\"http:\/\/www.library.coquitlam.bc.ca\/default.htm\">http:\/\/www.library.coquitlam.bc.ca\/default.htm<\/a><\/p>\n<p><strong>Terry Fox Library (Port Coquitlam) <\/strong><br \/>\n<a href=\"http:\/\/www.fvrl.bc.ca\/read\/library_terryfox.htm\">http:\/\/www.fvrl.bc.ca\/read\/library_terryfox.htm<\/a><\/p>\n<p><strong>Port Moody Library<\/strong><br \/>\n<a href=\"http:\/\/library.portmoody.ca\/\">http:\/\/library.portmoody.ca\/<\/a><\/p>\n<\/div>\n","protected":false},"excerpt":{"rendered":"<p>C\u00e1c Ngu\u1ed3n T\u01b0 Li\u1ec7u C\u00e1c ngu\u1ed3n h\u1ecdc thu\u1eadt bao g\u1ed3m gi\u1ea3ng d\u1ea1y \u0111\u01b0\u1ee3c m\u00e1y t\u00ednh h\u1ed7 tr\u1ee3, th\u01b0 vi\u1ec7n v\u1edbi c\u00f4ng ngh\u1ec7 CD-Rom, ph\u00f2ng th\u00ed nghi\u1ec7m khoa h\u1ecdc, ph\u00f2ng khi\u00eau v\u0169, ph\u00f2ng sinh ho\u1ea1t h\u1ecdc sinh, trung t\u00e2m c\u00f4ng ngh\u1ec7, ph\u00f2ng t\u1eadp, qu\u00e1n \u0103n tr\u01b0a, c\u00e1c t\u01b0 v\u1ea5n vi\u00ean \u0111\u1ec3 gi\u00fap \u0111\u1ee1 du h\u1ecdc sinh &hellip; <a href=\"https:\/\/www.internationaled.com\/vi\/resources\/\" class=\"more-link\">Continue reading <span class=\"screen-reader-text\">C\u00e1c Ngu\u1ed3n T\u01b0 Li\u1ec7u<\/span> <span class=\"meta-nav\">&rarr;<\/span><\/a><\/p>\n","protected":false},"author":14,"featured_media":324,"parent":0,"menu_order":7,"comment_status":"closed","ping_status":"closed","template":"page-standard.php","meta":{"footnotes":""},"class_list":["post-3515","page","type-page","status-publish","has-post-thumbnail","hentry"],"yoast_head":"<!-- This site is optimized with the Yoast SEO plugin v27.3 - https:\/\/yoast.com\/product\/yoast-seo-wordpress\/ -->\n<title>C\u00e1c Ngu\u1ed3n T\u01b0 Li\u1ec7u - Coquitlam School District 43<\/title>\n<meta name=\"robots\" content=\"index, follow, max-snippet:-1, max-image-preview:large, max-video-preview:-1\" \/>\n<link rel=\"canonical\" href=\"https:\/\/www.internationaled.com\/vi\/resources\/\" \/>\n<meta property=\"og:locale\" content=\"vi_VN\" \/>\n<meta property=\"og:type\" content=\"article\" \/>\n<meta property=\"og:title\" content=\"C\u00e1c Ngu\u1ed3n T\u01b0 Li\u1ec7u - Coquitlam School District 43\" \/>\n<meta property=\"og:description\" content=\"C\u00e1c Ngu\u1ed3n T\u01b0 Li\u1ec7u C\u00e1c ngu\u1ed3n h\u1ecdc thu\u1eadt bao g\u1ed3m gi\u1ea3ng d\u1ea1y \u0111\u01b0\u1ee3c m\u00e1y t\u00ednh h\u1ed7 tr\u1ee3, th\u01b0 vi\u1ec7n v\u1edbi c\u00f4ng ngh\u1ec7 CD-Rom, ph\u00f2ng th\u00ed nghi\u1ec7m khoa h\u1ecdc, ph\u00f2ng khi\u00eau v\u0169, ph\u00f2ng sinh ho\u1ea1t h\u1ecdc sinh, trung t\u00e2m c\u00f4ng ngh\u1ec7, ph\u00f2ng t\u1eadp, qu\u00e1n \u0103n tr\u01b0a, c\u00e1c t\u01b0 v\u1ea5n vi\u00ean \u0111\u1ec3 gi\u00fap \u0111\u1ee1 du h\u1ecdc sinh &hellip; Continue reading C\u00e1c Ngu\u1ed3n T\u01b0 Li\u1ec7u &rarr;\" \/>\n<meta property=\"og:url\" content=\"https:\/\/www.internationaled.com\/vi\/resources\/\" \/>\n<meta property=\"og:site_name\" content=\"Coquitlam School District 43\" \/>\n<meta property=\"article:modified_time\" content=\"2016-07-22T10:43:02+00:00\" \/>\n<meta property=\"og:image\" content=\"https:\/\/www.internationaled.com\/wp-content\/uploads\/2015\/10\/fondo_recursos.jpg\" \/>\n\t<meta property=\"og:image:width\" content=\"1920\" \/>\n\t<meta property=\"og:image:height\" content=\"400\" \/>\n\t<meta property=\"og:image:type\" content=\"image\/jpeg\" \/>\n<meta name=\"twitter:card\" content=\"summary_large_image\" \/>\n<meta name=\"twitter:label1\" content=\"Est. reading time\" \/>\n\t<meta name=\"twitter:data1\" content=\"2 minutes\" \/>\n<script type=\"application\/ld+json\" class=\"yoast-schema-graph\">{\"@context\":\"https:\\\/\\\/schema.org\",\"@graph\":[{\"@type\":\"WebPage\",\"@id\":\"https:\\\/\\\/www.internationaled.com\\\/vi\\\/resources\\\/\",\"url\":\"https:\\\/\\\/www.internationaled.com\\\/vi\\\/resources\\\/\",\"name\":\"C\u00e1c Ngu\u1ed3n T\u01b0 Li\u1ec7u - Coquitlam School District 43\",\"isPartOf\":{\"@id\":\"https:\\\/\\\/www.internationaled.com\\\/ar\\\/#website\"},\"primaryImageOfPage\":{\"@id\":\"https:\\\/\\\/www.internationaled.com\\\/vi\\\/resources\\\/#primaryimage\"},\"image\":{\"@id\":\"https:\\\/\\\/www.internationaled.com\\\/vi\\\/resources\\\/#primaryimage\"},\"thumbnailUrl\":\"https:\\\/\\\/cdn.internationaled.com\\\/wp-content\\\/uploads\\\/2015\\\/10\\\/fondo_recursos.jpg\",\"datePublished\":\"2015-10-27T16:35:50+00:00\",\"dateModified\":\"2016-07-22T10:43:02+00:00\",\"breadcrumb\":{\"@id\":\"https:\\\/\\\/www.internationaled.com\\\/vi\\\/resources\\\/#breadcrumb\"},\"inLanguage\":\"vi\",\"potentialAction\":[{\"@type\":\"ReadAction\",\"target\":[\"https:\\\/\\\/www.internationaled.com\\\/vi\\\/resources\\\/\"]}]},{\"@type\":\"ImageObject\",\"inLanguage\":\"vi\",\"@id\":\"https:\\\/\\\/www.internationaled.com\\\/vi\\\/resources\\\/#primaryimage\",\"url\":\"https:\\\/\\\/cdn.internationaled.com\\\/wp-content\\\/uploads\\\/2015\\\/10\\\/fondo_recursos.jpg\",\"contentUrl\":\"https:\\\/\\\/cdn.internationaled.com\\\/wp-content\\\/uploads\\\/2015\\\/10\\\/fondo_recursos.jpg\",\"width\":1920,\"height\":400},{\"@type\":\"BreadcrumbList\",\"@id\":\"https:\\\/\\\/www.internationaled.com\\\/vi\\\/resources\\\/#breadcrumb\",\"itemListElement\":[{\"@type\":\"ListItem\",\"position\":1,\"name\":\"Home\",\"item\":\"https:\\\/\\\/www.internationaled.com\\\/vi\\\/\"},{\"@type\":\"ListItem\",\"position\":2,\"name\":\"C\u00e1c Ngu\u1ed3n T\u01b0 Li\u1ec7u\"}]},{\"@type\":\"WebSite\",\"@id\":\"https:\\\/\\\/www.internationaled.com\\\/ar\\\/#website\",\"url\":\"https:\\\/\\\/www.internationaled.com\\\/ar\\\/\",\"name\":\"Coquitlam School District 43\",\"description\":\"Learning for a Lifetime\",\"potentialAction\":[{\"@type\":\"SearchAction\",\"target\":{\"@type\":\"EntryPoint\",\"urlTemplate\":\"https:\\\/\\\/www.internationaled.com\\\/ar\\\/?s={search_term_string}\"},\"query-input\":{\"@type\":\"PropertyValueSpecification\",\"valueRequired\":true,\"valueName\":\"search_term_string\"}}],\"inLanguage\":\"vi\"}]}<\/script>\n<!-- \/ Yoast SEO plugin. -->","yoast_head_json":{"title":"C\u00e1c Ngu\u1ed3n T\u01b0 Li\u1ec7u - Coquitlam School District 43","robots":{"index":"index","follow":"follow","max-snippet":"max-snippet:-1","max-image-preview":"max-image-preview:large","max-video-preview":"max-video-preview:-1"},"canonical":"https:\/\/www.internationaled.com\/vi\/resources\/","og_locale":"vi_VN","og_type":"article","og_title":"C\u00e1c Ngu\u1ed3n T\u01b0 Li\u1ec7u - Coquitlam School District 43","og_description":"C\u00e1c Ngu\u1ed3n T\u01b0 Li\u1ec7u C\u00e1c ngu\u1ed3n h\u1ecdc thu\u1eadt bao g\u1ed3m gi\u1ea3ng d\u1ea1y \u0111\u01b0\u1ee3c m\u00e1y t\u00ednh h\u1ed7 tr\u1ee3, th\u01b0 vi\u1ec7n v\u1edbi c\u00f4ng ngh\u1ec7 CD-Rom, ph\u00f2ng th\u00ed nghi\u1ec7m khoa h\u1ecdc, ph\u00f2ng khi\u00eau v\u0169, ph\u00f2ng sinh ho\u1ea1t h\u1ecdc sinh, trung t\u00e2m c\u00f4ng ngh\u1ec7, ph\u00f2ng t\u1eadp, qu\u00e1n \u0103n tr\u01b0a, c\u00e1c t\u01b0 v\u1ea5n vi\u00ean \u0111\u1ec3 gi\u00fap \u0111\u1ee1 du h\u1ecdc sinh &hellip; Continue reading C\u00e1c Ngu\u1ed3n T\u01b0 Li\u1ec7u &rarr;","og_url":"https:\/\/www.internationaled.com\/vi\/resources\/","og_site_name":"Coquitlam School District 43","article_modified_time":"2016-07-22T10:43:02+00:00","og_image":[{"width":1920,"height":400,"url":"https:\/\/www.internationaled.com\/wp-content\/uploads\/2015\/10\/fondo_recursos.jpg","type":"image\/jpeg"}],"twitter_card":"summary_large_image","twitter_misc":{"Est. reading time":"2 minutes"},"schema":{"@context":"https:\/\/schema.org","@graph":[{"@type":"WebPage","@id":"https:\/\/www.internationaled.com\/vi\/resources\/","url":"https:\/\/www.internationaled.com\/vi\/resources\/","name":"C\u00e1c Ngu\u1ed3n T\u01b0 Li\u1ec7u - Coquitlam School District 43","isPartOf":{"@id":"https:\/\/www.internationaled.com\/ar\/#website"},"primaryImageOfPage":{"@id":"https:\/\/www.internationaled.com\/vi\/resources\/#primaryimage"},"image":{"@id":"https:\/\/www.internationaled.com\/vi\/resources\/#primaryimage"},"thumbnailUrl":"https:\/\/cdn.internationaled.com\/wp-content\/uploads\/2015\/10\/fondo_recursos.jpg","datePublished":"2015-10-27T16:35:50+00:00","dateModified":"2016-07-22T10:43:02+00:00","breadcrumb":{"@id":"https:\/\/www.internationaled.com\/vi\/resources\/#breadcrumb"},"inLanguage":"vi","potentialAction":[{"@type":"ReadAction","target":["https:\/\/www.internationaled.com\/vi\/resources\/"]}]},{"@type":"ImageObject","inLanguage":"vi","@id":"https:\/\/www.internationaled.com\/vi\/resources\/#primaryimage","url":"https:\/\/cdn.internationaled.com\/wp-content\/uploads\/2015\/10\/fondo_recursos.jpg","contentUrl":"https:\/\/cdn.internationaled.com\/wp-content\/uploads\/2015\/10\/fondo_recursos.jpg","width":1920,"height":400},{"@type":"BreadcrumbList","@id":"https:\/\/www.internationaled.com\/vi\/resources\/#breadcrumb","itemListElement":[{"@type":"ListItem","position":1,"name":"Home","item":"https:\/\/www.internationaled.com\/vi\/"},{"@type":"ListItem","position":2,"name":"C\u00e1c Ngu\u1ed3n T\u01b0 Li\u1ec7u"}]},{"@type":"WebSite","@id":"https:\/\/www.internationaled.com\/ar\/#website","url":"https:\/\/www.internationaled.com\/ar\/","name":"Coquitlam School District 43","description":"Learning for a Lifetime","potentialAction":[{"@type":"SearchAction","target":{"@type":"EntryPoint","urlTemplate":"https:\/\/www.internationaled.com\/ar\/?s={search_term_string}"},"query-input":{"@type":"PropertyValueSpecification","valueRequired":true,"valueName":"search_term_string"}}],"inLanguage":"vi"}]}},"_links":{"self":[{"href":"https:\/\/www.internationaled.com\/vi\/wp-json\/wp\/v2\/pages\/3515","targetHints":{"allow":["GET"]}}],"collection":[{"href":"https:\/\/www.internationaled.com\/vi\/wp-json\/wp\/v2\/pages"}],"about":[{"href":"https:\/\/www.internationaled.com\/vi\/wp-json\/wp\/v2\/types\/page"}],"author":[{"embeddable":true,"href":"https:\/\/www.internationaled.com\/vi\/wp-json\/wp\/v2\/users\/14"}],"replies":[{"embeddable":true,"href":"https:\/\/www.internationaled.com\/vi\/wp-json\/wp\/v2\/comments?post=3515"}],"version-history":[{"count":1,"href":"https:\/\/www.internationaled.com\/vi\/wp-json\/wp\/v2\/pages\/3515\/revisions"}],"predecessor-version":[{"id":3674,"href":"https:\/\/www.internationaled.com\/vi\/wp-json\/wp\/v2\/pages\/3515\/revisions\/3674"}],"wp:featuredmedia":[{"embeddable":true,"href":"https:\/\/www.internationaled.com\/vi\/wp-json\/wp\/v2\/media\/324"}],"wp:attachment":[{"href":"https:\/\/www.internationaled.com\/vi\/wp-json\/wp\/v2\/media?parent=3515"}],"curies":[{"name":"wp","href":"https:\/\/api.w.org\/{rel}","templated":true}]}}